{"id":3155,"date":"2023-08-21T14:45:57","date_gmt":"2023-08-21T17:45:57","guid":{"rendered":"https:\/\/antslab.com.br\/?post_type=product&#038;p=3155"},"modified":"2026-05-04T10:12:48","modified_gmt":"2026-05-04T13:12:48","slug":"transiluminador","status":"publish","type":"product","link":"https:\/\/antslab.com.br\/?product=transiluminador","title":{"rendered":"Transiluminador"},"content":{"rendered":"<p><span class=\"rvts6\">TRANSILUMINADOR DE<\/span><span class=\"rvts7\">\u00a0LED<\/span><\/p>\n<p><span class=\"rvts7\">Aplica\u00e7\u00e3o<\/span><span class=\"rvts8\">:<\/span><\/p>\n<p><span class=\"rvts8\">Equipamento\u00a0 Transiluminador de LED \u00e9 utilizado para visualiza\u00e7\u00e3o de bandas de gel de agarose de amostras coradas com corante Safer KASVI ou SYBR Safe.<\/span><\/p>\n<p><span class=\"rvts8\">O Transiluminador LED \u00e9 uma inova\u00e7\u00e3o na \u00e1rea de eletroforese, pois ao contr\u00e1rio dos transiluminadores convencionais com luz UV, a ilumina\u00e7\u00e3o de LED n\u00e3o causa nenhum dano a pele ou olhos do operador.<\/span><\/p>\n<p><span class=\"rvts7\">Especifica\u00e7\u00e3o T\u00e9cnica:<\/span><\/p>\n<ul>\n<li class=\"rvps6\"><span class=\"rvts8\">Dimens\u00f5es: 18,5 x 22 x 3 cm;<\/span><\/li>\n<li class=\"rvps6\"><span class=\"rvts8\">\u00c1rea de Visualiza\u00e7\u00e3o: 12 x 18 cm;<\/span><\/li>\n<li class=\"rvps6\"><span class=\"rvts8\">L\u00e2mpada\/ Dura\u00e7\u00e3o (Horas): LED Azul &gt; 30.000 h;<\/span><\/li>\n<li class=\"rvps6\"><span class=\"rvts8\">Fonte de LED: Luz azul de LED embutida e m\u00f3dulos de luz branca (dupla fonte de luz);<\/span><\/li>\n<li class=\"rvps6\"><span class=\"rvts8\">Presen\u00e7a de filtro magn\u00e9tico;<\/span><\/li>\n<li class=\"rvps6\"><span class=\"rvts8\">Presen\u00e7a de ajuste para intensidade de luz;<\/span><\/li>\n<li class=\"rvps6\"><span class=\"rvts8\">Modo de estudo em campo (O uso de bateria port\u00e1til* permite a utiliza\u00e7\u00e3o do aparelho em lugares remotos, ampliando os campos de pesquisa);<\/span><\/li>\n<li class=\"rvps6\"><span class=\"rvts8\">Emiss\u00e3o m\u00e1xima de Comprimento de Onda: 470 nm;<\/span><\/li>\n<li class=\"rvps6\"><span class=\"rvts8\">Temperatura de Opera\u00e7\u00e3o: 25\u00b0C~40\u00b0C;<\/span><\/li>\n<li class=\"rvps6\"><span class=\"rvts8\">Tens\u00e3o: AC 110\/220V;<\/span><\/li>\n<li class=\"rvps6\"><span class=\"rvts8\">Corrente: 2,0 A;<\/span><\/li>\n<li class=\"rvps6\"><span class=\"rvts8\">Desligamento Autom\u00e1tico (Shut-off): 5 minutos;<\/span><\/li>\n<li class=\"rvps6\"><span class=\"rvts8\">Peso: 2,0 kg (equipamento + caixa).<\/span><\/li>\n<\/ul>\n<p class=\"rvps6\"><span class=\"rvts7\">Registro ANVISA:<\/span><\/p>\n<p class=\"rvps6\"><span class=\"rvts8\">N\u00e3o aplic\u00e1vel<\/span><\/p>\n<p><span class=\"rvts7\">Modelo<\/span><span class=\"rvts8\">: K33-333<\/span><\/p>\n<p><span class=\"rvts7\">Marca<\/span><span class=\"rvts8\">: KASVI<\/span><\/p>\n","protected":false},"excerpt":{"rendered":"<p>TRANSILUMINADOR DE\u00a0LED Aplica\u00e7\u00e3o: Equipamento\u00a0 Transiluminador de LED \u00e9 utilizado para visualiza\u00e7\u00e3o de bandas de gel de agarose de amostras coradas com corante Safer KASVI ou SYBR Safe. O Transiluminador LED&hellip;<\/p>\n","protected":false},"featured_media":3160,"comment_status":"open","ping_status":"closed","template":"","meta":{"content-type":""},"product_cat":[165,119],"product_tag":[],"class_list":{"0":"post-3155","1":"product","2":"type-product","3":"status-publish","4":"has-post-thumbnail","6":"product_cat-eletroforese","7":"product_cat-equipamentos","9":"first","10":"instock","11":"shipping-taxable","12":"purchasable","13":"product-type-variable"},"jetpack-related-posts":[{"id":3149,"url":"https:\/\/antslab.com.br\/?product=fonte-de-eletroforese","url_meta":{"origin":3155,"position":0},"title":"FONTE DE ELETROFORESE","author":"antslab","date":"21 de agosto de 2023","format":false,"excerpt":"FONTE DE ELETROFORESE 300V Aplica\u00e7\u00e3o: A fonte de eletroforese 300V \u00e9 ideal para a separa\u00e7\u00e3o de \u00e1cidos e prote\u00ednas em sistemas de eletroforese. Caracter\u00edsticas: Corrida de at\u00e9 4 cubas simultaneamente; Ajuste de tempo (1 a 999min); Configura\u00e7\u00e3o de tens\u00e3o ou corrente constante; Dispositivo de seguran\u00e7a: Detec\u00e7\u00e3o de aus\u00eancia, vazamento Configura\u00e7\u00e3o\u2026","rel":"","context":"Post similar","block_context":{"text":"Post similar","link":""},"img":{"alt_text":"","src":"https:\/\/i0.wp.com\/antslab.com.br\/wp-content\/uploads\/2023\/08\/K33-300V.jpg?fit=1200%2C1200&ssl=1&resize=350%2C200","width":350,"height":200},"classes":[]},{"id":3066,"url":"https:\/\/antslab.com.br\/?product=microscopio-biologico-trinocular-invertido-k55-ivt","url_meta":{"origin":3155,"position":1},"title":"MICROSC\u00d3PIO BIOL\u00d3GICO TRINOCULAR INVERTIDO &#8211; K55-IVT","author":"antslab","date":"10 de agosto de 2023","format":false,"excerpt":"MICROSC\u00d3PIO BIOL\u00d3GICO TRINOCULAR INVERTIDO - K55-IVT Aplica\u00e7\u00e3o: O Microsc\u00f3pio invertido \u00e9 utilizado para observa\u00e7\u00e3o de amostras atrav\u00e9s de um sistema de \u00f3tica infinita e que produzem imagens com total nitidez em todo campo visual da amostra. Com o microsc\u00f3pio invertido, as c\u00e9lulas biol\u00f3gicas n\u00e3o precisavam ser coradas para serem ampliadas.\u2026","rel":"","context":"Post similar","block_context":{"text":"Post similar","link":""},"img":{"alt_text":"","src":"https:\/\/i0.wp.com\/antslab.com.br\/wp-content\/uploads\/2023\/08\/K55-IVT.jpg?fit=1200%2C1200&ssl=1&resize=350%2C200","width":350,"height":200},"classes":[]},{"id":3050,"url":"https:\/\/antslab.com.br\/?product=microscopio-basic-binocular-acromatico-k55-ba","url_meta":{"origin":3155,"position":2},"title":"MICROSC\u00d3PIO BASIC BINOCULAR ACROM\u00c1TICO &#8211; K55-BA","author":"antslab","date":"10 de agosto de 2023","format":false,"excerpt":"MICROSC\u00d3PIO BASIC BINOCULAR ACROM\u00c1TICO - K55-BA Aplica\u00e7\u00e3o: Utilizado para observa\u00e7\u00e3o de amostras microsc\u00f3picas. Caracter\u00edsticas: Cabe\u00e7ote Binocular Siedentopf, inclinado a 30 graus e com rota\u00e7\u00e3o 360\u00b0; Oculares de campo amplo WF10X (18 mm) e WF16X (11 mm) Rev\u00f3lver qu\u00e1druplo; Objetivas acrom\u00e1ticas 4X, 10X, 40X(S), 100X (S, \u00d3leo); Foco coaxial grosso e\u2026","rel":"","context":"Post similar","block_context":{"text":"Post similar","link":""},"img":{"alt_text":"","src":"https:\/\/i0.wp.com\/antslab.com.br\/wp-content\/uploads\/2023\/08\/K55-BA.jpg?fit=1200%2C1200&ssl=1&resize=350%2C200","width":350,"height":200},"classes":[]},{"id":3060,"url":"https:\/\/antslab.com.br\/?product=microscopio-otica-infinita-uis-trinocular-unidade-k55-oit","url_meta":{"origin":3155,"position":3},"title":"MICROSCOPIO \u00d3TICA INFINITA (UIS) TRINOCULAR. UNIDADE &#8211; K55-OIT","author":"antslab","date":"10 de agosto de 2023","format":false,"excerpt":"MICROSCOPIO \u00d3TICA INFINITA (UIS) TRINOCULAR. UNIDADE - K55-OIT Aplica\u00e7\u00e3o: Os microsc\u00f3pios s\u00e3o utilizados para observa\u00e7\u00e3o de amostras microsc\u00f3picas atrav\u00e9s de um sistema de \u00f3tica infinita e que produzem imagens com total nitidez em todo campo visual da amostra. \u00a0 Caracter\u00edsticas: \u00b7\u00a0\u00a0\u00a0\u00a0\u00a0\u00a0\u00a0\u00a0\u00a0\u00a0\u00a0\u00a0\u00a0\u00a0\u00a0\u00a0\u00a0\u00a0\u00a0\u00a0Cabe\u00e7ote Binocular Siedentopf, inclinado a 30 graus e com rota\u00e7\u00e3o\u2026","rel":"","context":"Post similar","block_context":{"text":"Post similar","link":""},"img":{"alt_text":"","src":"https:\/\/i0.wp.com\/antslab.com.br\/wp-content\/uploads\/2023\/08\/K55-OIT.jpg?fit=1200%2C1200&ssl=1&resize=350%2C200","width":350,"height":200},"classes":[]},{"id":2779,"url":"https:\/\/antslab.com.br\/?product=forno-mufla-ssfm","url_meta":{"origin":3155,"position":4},"title":"FORNO MUFLA &#8211; SSFM","author":"antslab","date":"5 de julho de 2023","format":false,"excerpt":"Aplica\u00e7\u00e3o: Desenvolvido para procedimentos que necessitam de altas temperatura, dentre eles est\u00e3o a calcina\u00e7\u00e3o de subst\u00e2ncias no qual \u00e9 o processo de oxida\u00e7\u00e3o das subst\u00e2ncias presentes na amostra, utilizado tamb\u00e9m em an\u00e1lises qu\u00edmicas de subst\u00e2ncias complexas ou na quantifica\u00e7\u00e3o de metais.Fabricado com mat\u00e9ria prima de excelente qualidade este equipamento opera\u2026","rel":"","context":"Post similar","block_context":{"text":"Post similar","link":""},"img":{"alt_text":"","src":"https:\/\/i0.wp.com\/antslab.com.br\/wp-content\/uploads\/2023\/07\/ssfm.jpg?fit=940%2C788&ssl=1&resize=350%2C200","width":350,"height":200},"classes":[]},{"id":3073,"url":"https:\/\/antslab.com.br\/?product=estereomicroscopio-binocular-com-zoom-7x-45x-k65-e60","url_meta":{"origin":3155,"position":5},"title":"ESTEREOMICROSC\u00d3PIO BINOCULAR COM ZOOM 7X-45X &#8211; K65-E60","author":"antslab","date":"10 de agosto de 2023","format":false,"excerpt":"ESTEREOMICROSC\u00d3PIO BINOCULAR COM ZOOM 7X-45X - K65-E60 Aplica\u00e7\u00e3o: \u00c9 um equipamento com zoom e possui um grande campo de imagem permitindo uma longa dist\u00e2ncia de trabalho.Ideais para objetos de grande e pequeno porte. Este equipamento \u00e9 amplamente utilizado nas \u00e1reas de Ind\u00fastrias, Pesquisas, sa\u00fade, biologia, bot\u00e2nica e agricultura e eletr\u00f4nica\u2026","rel":"","context":"Post similar","block_context":{"text":"Post similar","link":""},"img":{"alt_text":"","src":"https:\/\/i0.wp.com\/antslab.com.br\/wp-content\/uploads\/2023\/08\/K65-E60.jpg?fit=1200%2C1200&ssl=1&resize=350%2C200","width":350,"height":200},"classes":[]}],"_links":{"self":[{"href":"https:\/\/antslab.com.br\/index.php?rest_route=\/wp\/v2\/product\/3155","targetHints":{"allow":["GET"]}}],"collection":[{"href":"https:\/\/antslab.com.br\/index.php?rest_route=\/wp\/v2\/product"}],"about":[{"href":"https:\/\/antslab.com.br\/index.php?rest_route=\/wp\/v2\/types\/product"}],"replies":[{"embeddable":true,"href":"https:\/\/antslab.com.br\/index.php?rest_route=%2Fwp%2Fv2%2Fcomments&post=3155"}],"wp:featuredmedia":[{"embeddable":true,"href":"https:\/\/antslab.com.br\/index.php?rest_route=\/wp\/v2\/media\/3160"}],"wp:attachment":[{"href":"https:\/\/antslab.com.br\/index.php?rest_route=%2Fwp%2Fv2%2Fmedia&parent=3155"}],"wp:term":[{"taxonomy":"product_cat","embeddable":true,"href":"https:\/\/antslab.com.br\/index.php?rest_route=%2Fwp%2Fv2%2Fproduct_cat&post=3155"},{"taxonomy":"product_tag","embeddable":true,"href":"https:\/\/antslab.com.br\/index.php?rest_route=%2Fwp%2Fv2%2Fproduct_tag&post=3155"}],"curies":[{"name":"wp","href":"https:\/\/api.w.org\/{rel}","templated":true}]}}