{"id":3149,"date":"2023-08-21T14:24:19","date_gmt":"2023-08-21T17:24:19","guid":{"rendered":"https:\/\/antslab.com.br\/?post_type=product&#038;p=3149"},"modified":"2026-05-04T10:11:03","modified_gmt":"2026-05-04T13:11:03","slug":"fonte-de-eletroforese","status":"publish","type":"product","link":"https:\/\/antslab.com.br\/?product=fonte-de-eletroforese","title":{"rendered":"FONTE DE ELETROFORESE"},"content":{"rendered":"<p><span class=\"rvts6\">FONTE DE ELETROFORESE 300V<\/span><\/p>\n<p class=\"rvps6\"><span class=\"rvts6\">Aplica\u00e7\u00e3o:<\/span><\/p>\n<p class=\"rvps6\"><span class=\"rvts7\">A fonte de eletroforese 300V \u00e9 ideal para a separa\u00e7\u00e3o de \u00e1cidos e prote\u00ednas em sistemas de eletroforese.<\/span><\/p>\n<p class=\"rvps6\"><span class=\"rvts6\">Caracter\u00edsticas:<\/span><\/p>\n<ul>\n<li class=\"rvps7\"><span class=\"rvts7\">Corrida de at\u00e9 4 cubas simultaneamente;<\/span><\/li>\n<li class=\"rvps7\"><span class=\"rvts7\">Ajuste de tempo (1 a 999min);<\/span><\/li>\n<li class=\"rvps7\"><span class=\"rvts7\">Configura\u00e7\u00e3o de tens\u00e3o ou corrente constante;<\/span><\/li>\n<li class=\"rvps7\"><span class=\"rvts7\">Dispositivo de seguran\u00e7a:<\/span><\/li>\n<\/ul>\n<ul>\n<li class=\"rvps8\"><span class=\"rvts7\">Detec\u00e7\u00e3o de aus\u00eancia, vazamento<\/span><\/li>\n<li class=\"rvps8\"><span class=\"rvts7\">Configura\u00e7\u00e3o de tens\u00e3o ou corrente constante;<\/span><\/li>\n<li class=\"rvps8\"><span class=\"rvts7\">ou altera\u00e7\u00f5es s\u00fabitas\u00a0\u00a0\u00a0\u00a0 de carga;<\/span><\/li>\n<li class=\"rvps8\"><span class=\"rvts7\">Display digital com tela em LED.<\/span><\/li>\n<li class=\"rvps8\"><span class=\"rvts7\">Alarme para aviso de t\u00e9rmino do tempo programado;<\/span><\/li>\n<li class=\"rvps8\"><span class=\"rvts7\">Bivolt<\/span><\/li>\n<li class=\"rvps8\"><span class=\"rvts7\">Prote\u00e7\u00e3o contra superaquecimento;<\/span><\/li>\n<li class=\"rvps8\"><span class=\"rvts7\">Detec\u00e7\u00e3o de sobrecarga;<\/span><\/li>\n<li class=\"rvps8\"><span class=\"rvts7\">Prote\u00e7\u00e3o de plugues e tomadas.<\/span><\/li>\n<\/ul>\n<p class=\"rvps6\"><span class=\"rvts6\">Informa\u00e7\u00f5es T\u00e9cnicas<\/span><\/p>\n<ul>\n<li class=\"rvps8\"><span class=\"rvts7\">Tens\u00e3o: 2 a 300V<\/span><\/li>\n<li class=\"rvps8\"><span class=\"rvts7\">Incremento de Tens\u00e3o: 1V<\/span><\/li>\n<li class=\"rvps8\"><span class=\"rvts7\">Corrente: 1 a 700mA<\/span><\/li>\n<li class=\"rvps8\"><span class=\"rvts7\">Incremento de Corrente: 1mA<\/span><\/li>\n<li class=\"rvps8\"><span class=\"rvts7\">Pot\u00eancia: 150W<\/span><\/li>\n<li class=\"rvps8\"><span class=\"rvts7\">N\u00famero de sa\u00eddas: 4 pares<\/span><\/li>\n<li class=\"rvps8\"><span class=\"rvts7\">Timer: 1 a 999 minutos\u00a0<\/span><span class=\"rvts8\">\u2013<\/span><span class=\"rvts7\">\u00a0com alarme<\/span><\/li>\n<li class=\"rvps8\"><span class=\"rvts7\">Material: Placas de ABS e alum\u00ednio<\/span><\/li>\n<li class=\"rvps8\"><span class=\"rvts7\">Dimens\u00f5es externas: 190 x 305 x 94 mm<\/span><\/li>\n<li class=\"rvps8\"><span class=\"rvts7\">Voltagem: 110V &#8211; 240V, 60Hz<\/span><\/li>\n<li class=\"rvps8\"><span class=\"rvts7\">Peso: 2,5 Kg<\/span><\/li>\n<li class=\"rvps8\"><span class=\"rvts7\">Temperatura de funcionamento: Ambiente a 40\u00b0C<\/span><\/li>\n<\/ul>\n<p class=\"rvps6\"><span class=\"rvts6\">Registro ANVISA:<\/span><\/p>\n<p class=\"rvps6\"><span class=\"rvts7\">N\u00e3o aplic\u00e1vel.<\/span><\/p>\n<p class=\"rvps6\"><span class=\"rvts6\">Apresenta\u00e7\u00e3o:<\/span><\/p>\n<p class=\"rvps9\"><span class=\"rvts7\">Caixa cont\u00e9m:<\/span><\/p>\n<ul>\n<li class=\"rvps8\"><span class=\"rvts7\">1 Fonte de eletroforese 300V;<\/span><\/li>\n<li class=\"rvps8\"><span class=\"rvts7\">1 Cabo de energia AC;<\/span><\/li>\n<li class=\"rvps10\"><span class=\"rvts7\">Manual de instru\u00e7\u00f5es.<\/span><\/li>\n<\/ul>\n<p class=\"rvps9\"><span class=\"rvts6\">MODELO:\u00a0<\/span><span class=\"rvts7\">K33-300V<\/span><\/p>\n<p class=\"rvps11\"><span class=\"rvts6\">MARCA:\u00a0<\/span><span class=\"rvts7\">KASVI<\/span><\/p>\n","protected":false},"excerpt":{"rendered":"<p>FONTE DE ELETROFORESE 300V Aplica\u00e7\u00e3o: A fonte de eletroforese 300V \u00e9 ideal para a separa\u00e7\u00e3o de \u00e1cidos e prote\u00ednas em sistemas de eletroforese. Caracter\u00edsticas: Corrida de at\u00e9 4 cubas simultaneamente;&hellip;<\/p>\n","protected":false},"featured_media":3151,"comment_status":"open","ping_status":"closed","template":"","meta":{"content-type":""},"product_cat":[165,119],"product_tag":[],"class_list":{"0":"post-3149","1":"product","2":"type-product","3":"status-publish","4":"has-post-thumbnail","6":"product_cat-eletroforese","7":"product_cat-equipamentos","9":"first","10":"instock","11":"shipping-taxable","12":"purchasable","13":"product-type-variable"},"jetpack-related-posts":[{"id":3155,"url":"https:\/\/antslab.com.br\/?product=transiluminador","url_meta":{"origin":3149,"position":0},"title":"Transiluminador","author":"antslab","date":"21 de agosto de 2023","format":false,"excerpt":"TRANSILUMINADOR DE\u00a0LED Aplica\u00e7\u00e3o: Equipamento\u00a0 Transiluminador de LED \u00e9 utilizado para visualiza\u00e7\u00e3o de bandas de gel de agarose de amostras coradas com corante Safer KASVI ou SYBR Safe. O Transiluminador LED \u00e9 uma inova\u00e7\u00e3o na \u00e1rea de eletroforese, pois ao contr\u00e1rio dos transiluminadores convencionais com luz UV, a ilumina\u00e7\u00e3o de LED\u2026","rel":"","context":"Post similar","block_context":{"text":"Post similar","link":""},"img":{"alt_text":"","src":"https:\/\/i0.wp.com\/antslab.com.br\/wp-content\/uploads\/2023\/08\/K33-333.jpg?fit=1200%2C1200&ssl=1&resize=350%2C200","width":350,"height":200},"classes":[]},{"id":3142,"url":"https:\/\/antslab.com.br\/?product=cuba-de-eletroforese","url_meta":{"origin":3149,"position":1},"title":"CUBA DE ELETROFORESE","author":"antslab","date":"21 de agosto de 2023","format":false,"excerpt":"CUBA DE ELETROFORESE HORIZONTAL 10 X 10 CM Aplica\u00e7\u00e3o: Utilizada na separa\u00e7\u00e3o de prote\u00ednas e \u00e1cidos nucl\u00e9icos, an\u00e1lises de fragmentos de restri\u00e7\u00e3o e estudos anal\u00edticos. Caracter\u00edsticas: \u00c0 prova de vazamento; Eletrodo em fio de platina puro, 99,99% resistente \u00e0 corros\u00e3o; Bandejas dispon\u00edveis em diferentes tamanhos; Bandejas\u00a0s\u00e3o compat\u00edveis para uso com\u2026","rel":"","context":"Post similar","block_context":{"text":"Post similar","link":""},"img":{"alt_text":"","src":"https:\/\/i0.wp.com\/antslab.com.br\/wp-content\/uploads\/2023\/08\/K33-10H.jpg?fit=500%2C500&ssl=1&resize=350%2C200","width":350,"height":200},"classes":[]},{"id":3050,"url":"https:\/\/antslab.com.br\/?product=microscopio-basic-binocular-acromatico-k55-ba","url_meta":{"origin":3149,"position":2},"title":"MICROSC\u00d3PIO BASIC BINOCULAR ACROM\u00c1TICO &#8211; K55-BA","author":"antslab","date":"10 de agosto de 2023","format":false,"excerpt":"MICROSC\u00d3PIO BASIC BINOCULAR ACROM\u00c1TICO - K55-BA Aplica\u00e7\u00e3o: Utilizado para observa\u00e7\u00e3o de amostras microsc\u00f3picas. Caracter\u00edsticas: Cabe\u00e7ote Binocular Siedentopf, inclinado a 30 graus e com rota\u00e7\u00e3o 360\u00b0; Oculares de campo amplo WF10X (18 mm) e WF16X (11 mm) Rev\u00f3lver qu\u00e1druplo; Objetivas acrom\u00e1ticas 4X, 10X, 40X(S), 100X (S, \u00d3leo); Foco coaxial grosso e\u2026","rel":"","context":"Post similar","block_context":{"text":"Post similar","link":""},"img":{"alt_text":"","src":"https:\/\/i0.wp.com\/antslab.com.br\/wp-content\/uploads\/2023\/08\/K55-BA.jpg?fit=1200%2C1200&ssl=1&resize=350%2C200","width":350,"height":200},"classes":[]},{"id":3060,"url":"https:\/\/antslab.com.br\/?product=microscopio-otica-infinita-uis-trinocular-unidade-k55-oit","url_meta":{"origin":3149,"position":3},"title":"MICROSCOPIO \u00d3TICA INFINITA (UIS) TRINOCULAR. UNIDADE &#8211; K55-OIT","author":"antslab","date":"10 de agosto de 2023","format":false,"excerpt":"MICROSCOPIO \u00d3TICA INFINITA (UIS) TRINOCULAR. UNIDADE - K55-OIT Aplica\u00e7\u00e3o: Os microsc\u00f3pios s\u00e3o utilizados para observa\u00e7\u00e3o de amostras microsc\u00f3picas atrav\u00e9s de um sistema de \u00f3tica infinita e que produzem imagens com total nitidez em todo campo visual da amostra. \u00a0 Caracter\u00edsticas: \u00b7\u00a0\u00a0\u00a0\u00a0\u00a0\u00a0\u00a0\u00a0\u00a0\u00a0\u00a0\u00a0\u00a0\u00a0\u00a0\u00a0\u00a0\u00a0\u00a0\u00a0Cabe\u00e7ote Binocular Siedentopf, inclinado a 30 graus e com rota\u00e7\u00e3o\u2026","rel":"","context":"Post similar","block_context":{"text":"Post similar","link":""},"img":{"alt_text":"","src":"https:\/\/i0.wp.com\/antslab.com.br\/wp-content\/uploads\/2023\/08\/K55-OIT.jpg?fit=1200%2C1200&ssl=1&resize=350%2C200","width":350,"height":200},"classes":[]},{"id":2699,"url":"https:\/\/antslab.com.br\/?product=condutivimetro-de-bancada-com-tds-ds-703a-bi","url_meta":{"origin":3149,"position":4},"title":"CONDUTIV\u00cdMETRO DE BANCADA COM TDS &#8211; DS-703A-BI","author":"antslab","date":"23 de junho de 2023","format":false,"excerpt":"Equipamento onde os dados de condutividade podem determinar a concentra\u00e7\u00e3o de solu\u00e7\u00f5es, detectar contaminantes e determinar a pureza da \u00e1gua. O medidor de condutividade DS-703A possui a fun\u00e7\u00e3o TDS (S\u00f3lidos Totais Dissolvidos, ideal para testes de qualidade da \u00e1gua, monitoramento ambiental e aquicultura, gr\u00e1ficas e ind\u00fastrias qu\u00edmicas, pesquisas e educa\u00e7\u00e3o\u2026","rel":"","context":"Post similar","block_context":{"text":"Post similar","link":""},"img":{"alt_text":"","src":"https:\/\/i0.wp.com\/antslab.com.br\/wp-content\/uploads\/2023\/06\/DS-703A-BI-web1.jpg?fit=1000%2C800&ssl=1&resize=350%2C200","width":350,"height":200},"classes":[]},{"id":3001,"url":"https:\/\/antslab.com.br\/?product=agitador-basic-gangorra-velocidade-15-rpm-110v-k45-1510","url_meta":{"origin":3149,"position":5},"title":"AGITADOR BASIC GANGORRA, VELOCIDADE 15 RPM. 110V &#8211; K45-1510","author":"antslab","date":"9 de agosto de 2023","format":false,"excerpt":"AGITADOR BASIC GANGORRA, VELOCIDADE 15 RPM. 110V - K45-1510 Aplica\u00e7\u00e3o: Ideal para agita\u00e7\u00e3o de tubos de coleta e centrifuga\u00e7\u00e3o. Caracter\u00edsticas: Agita\u00e7\u00e3o tipo gangorra; Plataforma plana; Velocidade fixa. Informa\u00e7\u00f5es T\u00e9cnicas: Especifica\u00e7\u00f5es Descri\u00e7\u00e3o Movimento Gangorra Velocidade 15 rpm \u00c2ngulo de Agita\u00e7\u00e3o 25\u00b0 Dimens\u00f5es 346 X 196 X 95 mm Tens\u00e3o AC 110\u2026","rel":"","context":"Post similar","block_context":{"text":"Post similar","link":""},"img":{"alt_text":"","src":"https:\/\/i0.wp.com\/antslab.com.br\/wp-content\/uploads\/2023\/08\/K45-1520.jpg?fit=500%2C500&ssl=1&resize=350%2C200","width":350,"height":200},"classes":[]}],"_links":{"self":[{"href":"https:\/\/antslab.com.br\/index.php?rest_route=\/wp\/v2\/product\/3149","targetHints":{"allow":["GET"]}}],"collection":[{"href":"https:\/\/antslab.com.br\/index.php?rest_route=\/wp\/v2\/product"}],"about":[{"href":"https:\/\/antslab.com.br\/index.php?rest_route=\/wp\/v2\/types\/product"}],"replies":[{"embeddable":true,"href":"https:\/\/antslab.com.br\/index.php?rest_route=%2Fwp%2Fv2%2Fcomments&post=3149"}],"wp:featuredmedia":[{"embeddable":true,"href":"https:\/\/antslab.com.br\/index.php?rest_route=\/wp\/v2\/media\/3151"}],"wp:attachment":[{"href":"https:\/\/antslab.com.br\/index.php?rest_route=%2Fwp%2Fv2%2Fmedia&parent=3149"}],"wp:term":[{"taxonomy":"product_cat","embeddable":true,"href":"https:\/\/antslab.com.br\/index.php?rest_route=%2Fwp%2Fv2%2Fproduct_cat&post=3149"},{"taxonomy":"product_tag","embeddable":true,"href":"https:\/\/antslab.com.br\/index.php?rest_route=%2Fwp%2Fv2%2Fproduct_tag&post=3149"}],"curies":[{"name":"wp","href":"https:\/\/api.w.org\/{rel}","templated":true}]}}