{"id":3135,"date":"2023-08-21T13:45:17","date_gmt":"2023-08-21T16:45:17","guid":{"rendered":"https:\/\/antslab.com.br\/?post_type=product&#038;p=3135"},"modified":"2025-11-09T15:42:52","modified_gmt":"2025-11-09T18:42:52","slug":"espectrofotometro","status":"publish","type":"product","link":"https:\/\/antslab.com.br\/?product=espectrofotometro","title":{"rendered":"Espectrofot\u00f4metro"},"content":{"rendered":"<p><span class=\"rvts6\">ESPECTROFOT\u00d4METRO FAIXA UV\/VIS\u00cdVEL 190 ~1100 NM. BIVOLT<\/span><\/p>\n<p><span class=\"rvts6\">Aplica\u00e7\u00e3o:<\/span><\/p>\n<p class=\"rvps6\"><span class=\"rvts7\">Utilizado para as medi\u00e7\u00f5es nas regi\u00f5es de comprimento de onda no vis\u00edvel e ultravioleta do espectro eletromagn\u00e9tico. Ele \u00e9 ideal para v\u00e1rias aplica\u00e7\u00f5es como: qu\u00edmica, bioqu\u00edmica, petroqu\u00edmica, prote\u00e7\u00e3o ambiental, alimentos e bebidas, laborat\u00f3rios de \u00e1gua e res\u00edduos e outras \u00e1reas de controle de qualidade e pesquisa.<\/span><\/p>\n<p><span class=\"rvts6\">Caracter\u00edsticas:<\/span><\/p>\n<ul>\n<li class=\"rvps7\"><span class=\"rvts7\">Tela em LCD;<\/span><\/li>\n<li class=\"rvps7\"><span class=\"rvts7\">Comprimento de onda 190~1100nm;<\/span><\/li>\n<li class=\"rvps7\"><span class=\"rvts7\">F\u00e1cil opera\u00e7\u00e3o;<\/span><\/li>\n<li class=\"rvps7\"><span class=\"rvts7\">Feixe \u00fanico;<\/span><\/li>\n<li class=\"rvps7\"><span class=\"rvts7\">Com software de varredura.<\/span><\/li>\n<\/ul>\n<p><span class=\"rvts6\">Especifcia\u00e7\u00f5es t\u00e9cnicas:<\/span><\/p>\n<div>\n<table border=\"1\" width=\"79%\" cellspacing=\"-1\" cellpadding=\"2\">\n<tbody>\n<tr valign=\"top\">\n<td valign=\"middle\" width=\"60%\" height=\"4\">\n<p class=\"rvps8\"><span class=\"rvts8\">Modelo<\/span><\/p>\n<\/td>\n<td valign=\"middle\" width=\"39%\" height=\"4\">\n<p class=\"rvps8\"><span class=\"rvts8\">K37-UVVIS<\/span><\/p>\n<\/td>\n<\/tr>\n<tr valign=\"top\">\n<td valign=\"middle\" width=\"60%\" height=\"4\">\n<p class=\"rvps8\"><span class=\"rvts7\">Faixa de comprimento de onda<\/span><\/p>\n<\/td>\n<td valign=\"middle\" width=\"39%\" height=\"4\">\n<p class=\"rvps8\"><span class=\"rvts7\">190-1100nm<\/span><\/p>\n<\/td>\n<\/tr>\n<tr valign=\"top\">\n<td valign=\"middle\" width=\"60%\" height=\"4\">\n<p class=\"rvps8\"><span class=\"rvts7\">Largura da banda<\/span><\/p>\n<\/td>\n<td valign=\"middle\" width=\"39%\" height=\"4\">\n<p class=\"rvps8\"><span class=\"rvts7\">2nm<\/span><\/p>\n<\/td>\n<\/tr>\n<tr valign=\"top\">\n<td valign=\"middle\" width=\"60%\" height=\"4\">\n<p class=\"rvps8\"><span class=\"rvts7\">Precis\u00e3o do comprimento de onda<\/span><\/p>\n<\/td>\n<td valign=\"middle\" width=\"39%\" height=\"4\">\n<p class=\"rvps8\"><span class=\"rvts7\">\u00b10,5nm<\/span><\/p>\n<\/td>\n<\/tr>\n<tr valign=\"top\">\n<td valign=\"middle\" width=\"60%\" height=\"4\">\n<p class=\"rvps8\"><span class=\"rvts7\">Repetibilidade do comprimento de onda<\/span><\/p>\n<\/td>\n<td valign=\"middle\" width=\"39%\" height=\"4\">\n<p class=\"rvps8\"><span class=\"rvts7\">2nm<\/span><\/p>\n<\/td>\n<\/tr>\n<tr valign=\"top\">\n<td valign=\"middle\" width=\"60%\" height=\"4\">\n<p class=\"rvps8\"><span class=\"rvts7\">Configura\u00e7\u00e3o do comprimento de onda<\/span><\/p>\n<\/td>\n<td valign=\"middle\" width=\"39%\" height=\"4\">\n<p class=\"rvps8\"><span class=\"rvts7\">Autom\u00e1tico<\/span><\/p>\n<\/td>\n<\/tr>\n<tr valign=\"top\">\n<td valign=\"middle\" width=\"60%\" height=\"4\">\n<p class=\"rvps8\"><span class=\"rvts7\">Precis\u00e3o fotom\u00e9trica<\/span><\/p>\n<\/td>\n<td valign=\"middle\" width=\"39%\" height=\"4\">\n<p class=\"rvps8\"><span class=\"rvts7\">\u00b10,5%T<\/span><\/p>\n<\/td>\n<\/tr>\n<tr valign=\"top\">\n<td valign=\"middle\" width=\"60%\" height=\"4\">\n<p class=\"rvps8\"><span class=\"rvts7\">Repetibilidade fotom\u00e9trica<\/span><\/p>\n<\/td>\n<td valign=\"middle\" width=\"39%\" height=\"4\">\n<p class=\"rvps8\"><span class=\"rvts7\">0,2%T<\/span><\/p>\n<\/td>\n<\/tr>\n<tr valign=\"top\">\n<td valign=\"middle\" width=\"60%\" height=\"4\">\n<p class=\"rvps8\"><span class=\"rvts7\">Faixa de exibi\u00e7\u00e3o fotom\u00e9trica<\/span><\/p>\n<\/td>\n<td valign=\"middle\" width=\"39%\" height=\"4\">\n<p class=\"rvps8\"><span class=\"rvts7\">0\u00a0<\/span><span class=\"rvts9\">\u2013<\/span><span class=\"rvts7\">\u00a0200%T<\/span><\/p>\n<p class=\"rvps8\"><span class=\"rvts7\">-0,3\u00a0<\/span><span class=\"rvts9\">\u2013<\/span><span class=\"rvts7\">\u00a03,0A<\/span><\/p>\n<p class=\"rvps8\"><span class=\"rvts7\">0\u00a0<\/span><span class=\"rvts9\">\u2013<\/span><span class=\"rvts7\">\u00a09999C<\/span><\/p>\n<\/td>\n<\/tr>\n<tr valign=\"top\">\n<td valign=\"middle\" width=\"60%\" height=\"4\">\n<p class=\"rvps8\"><span class=\"rvts7\">Estabilidade<\/span><\/p>\n<\/td>\n<td valign=\"middle\" width=\"39%\" height=\"4\">\n<p class=\"rvps8\"><span class=\"rvts7\">0,002A\/h @ 500nm<\/span><\/p>\n<\/td>\n<\/tr>\n<tr valign=\"top\">\n<td valign=\"middle\" width=\"60%\" height=\"4\">\n<p class=\"rvps8\"><span class=\"rvts7\">Nivelamento da linha de base<\/span><\/p>\n<\/td>\n<td valign=\"middle\" width=\"39%\" height=\"4\">\n<p class=\"rvps8\"><span class=\"rvts7\">\u00b10,002A<\/span><\/p>\n<\/td>\n<\/tr>\n<tr valign=\"top\">\n<td valign=\"middle\" width=\"60%\" height=\"4\">\n<p class=\"rvps8\"><span class=\"rvts7\">Espalhamento da luz<\/span><\/p>\n<\/td>\n<td valign=\"middle\" width=\"39%\" height=\"4\">\n<p class=\"rvps8\"><span class=\"rvts9\">\u2264<\/span><span class=\"rvts7\">0,1%T @ 220nm, 360nm<\/span><\/p>\n<\/td>\n<\/tr>\n<tr valign=\"top\">\n<td valign=\"middle\" width=\"60%\" height=\"4\">\n<p class=\"rvps8\"><span class=\"rvts7\">Porta de sa\u00edda de dados<\/span><\/p>\n<\/td>\n<td valign=\"middle\" width=\"39%\" height=\"4\">\n<p class=\"rvps8\"><span class=\"rvts7\">USB<\/span><\/p>\n<\/td>\n<\/tr>\n<tr valign=\"top\">\n<td valign=\"middle\" width=\"60%\" height=\"4\">\n<p class=\"rvps8\"><span class=\"rvts7\">Porta da impressora<\/span><\/p>\n<\/td>\n<td valign=\"middle\" width=\"39%\" height=\"4\">\n<p class=\"rvps8\"><span class=\"rvts7\">Porta paralela<\/span><\/p>\n<\/td>\n<\/tr>\n<tr valign=\"top\">\n<td valign=\"middle\" width=\"60%\" height=\"4\">\n<p class=\"rvps8\"><span class=\"rvts7\">Display<\/span><\/p>\n<\/td>\n<td valign=\"middle\" width=\"39%\" height=\"4\">\n<p class=\"rvps8\"><span class=\"rvts7\">LCD de 128*64 pontos<\/span><\/p>\n<\/td>\n<\/tr>\n<tr valign=\"top\">\n<td valign=\"middle\" width=\"60%\" height=\"4\">\n<p class=\"rvps8\"><span class=\"rvts7\">L\u00e2mpadas<\/span><\/p>\n<\/td>\n<td valign=\"middle\" width=\"39%\" height=\"4\">\n<p class=\"rvps8\"><span class=\"rvts7\">L\u00e2mpadas de deut\u00e9rio e de tungst\u00eanio<\/span><\/p>\n<\/td>\n<\/tr>\n<tr valign=\"top\">\n<td valign=\"middle\" width=\"60%\" height=\"4\">\n<p class=\"rvps8\"><span class=\"rvts7\">Detector<\/span><\/p>\n<\/td>\n<td valign=\"middle\" width=\"39%\" height=\"4\">\n<p class=\"rvps8\"><span class=\"rvts7\">Fotodiodo de sil\u00edcio<\/span><\/p>\n<\/td>\n<\/tr>\n<tr valign=\"top\">\n<td valign=\"middle\" width=\"60%\" height=\"4\">\n<p class=\"rvps8\"><span class=\"rvts7\">Alimenta\u00e7\u00e3o<\/span><\/p>\n<\/td>\n<td valign=\"middle\" width=\"39%\" height=\"4\">\n<p class=\"rvps8\"><span class=\"rvts7\">110\/220V; 60Hz<\/span><\/p>\n<\/td>\n<\/tr>\n<tr valign=\"top\">\n<td valign=\"middle\" width=\"60%\" height=\"4\">\n<p class=\"rvps8\"><span class=\"rvts7\">Dimens\u00e3o (C*L*A)<\/span><\/p>\n<\/td>\n<td valign=\"middle\" width=\"39%\" height=\"4\">\n<p class=\"rvps8\"><span class=\"rvts7\">460*380*180mm<\/span><\/p>\n<\/td>\n<\/tr>\n<tr valign=\"top\">\n<td valign=\"middle\" width=\"60%\" height=\"4\">\n<p class=\"rvps8\"><span class=\"rvts7\">Peso<\/span><\/p>\n<\/td>\n<td valign=\"middle\" width=\"39%\" height=\"4\">\n<p class=\"rvps8\"><span class=\"rvts7\">14 kg<\/span><\/p>\n<\/td>\n<\/tr>\n<\/tbody>\n<\/table>\n<\/div>\n<p><span class=\"rvts6\">Registro ANVISA:<\/span><\/p>\n<p><span class=\"rvts7\">N\u00e3o pass\u00edvel de registro<\/span><\/p>\n<p><span class=\"rvts6\">Apresenta\u00e7\u00e3o:<\/span><\/p>\n<p><span class=\"rvts7\">Embalagem cont\u00e9m:<\/span><\/p>\n<ul>\n<li class=\"rvps7\"><span class=\"rvts7\">01 Espectrofot\u00f4metro Luz UV-Vis\u00edvel;<\/span><\/li>\n<li class=\"rvps7\"><span class=\"rvts7\">01 Cabo;<\/span><\/li>\n<li class=\"rvps7\"><span class=\"rvts7\">04 cubetas de vidro;<\/span><\/li>\n<li class=\"rvps7\"><span class=\"rvts7\">02 cubetas de quartzo<\/span><\/li>\n<li class=\"rvps7\"><span class=\"rvts7\">01 CD com manual de instru\u00e7\u00f5es e software;<\/span><\/li>\n<li class=\"rvps7\"><span class=\"rvts7\">01 chave de acesso ao software (pendrive)<\/span><\/li>\n<li class=\"rvps7\"><\/li>\n<\/ul>\n<p><span class=\"rvts6\">Modelo: K37-UVVIS<\/span><\/p>\n<p><span class=\"rvts6\">Marca: Kasvi<\/span><\/p>\n","protected":false},"excerpt":{"rendered":"<p>ESPECTROFOT\u00d4METRO FAIXA UV\/VIS\u00cdVEL 190 ~1100 NM. BIVOLT Aplica\u00e7\u00e3o: Utilizado para as medi\u00e7\u00f5es nas regi\u00f5es de comprimento de onda no vis\u00edvel e ultravioleta do espectro eletromagn\u00e9tico. Ele \u00e9 ideal para v\u00e1rias&hellip;<\/p>\n","protected":false},"featured_media":3139,"comment_status":"open","ping_status":"closed","template":"","meta":{"content-type":""},"product_cat":[119,166],"product_tag":[],"class_list":{"0":"post-3135","1":"product","2":"type-product","3":"status-publish","4":"has-post-thumbnail","6":"product_cat-equipamentos","7":"product_cat-espectrofotometro","9":"first","10":"instock","11":"shipping-taxable","12":"purchasable","13":"product-type-variable"},"jetpack-related-posts":[{"id":3149,"url":"https:\/\/antslab.com.br\/?product=fonte-de-eletroforese","url_meta":{"origin":3135,"position":0},"title":"FONTE DE ELETROFORESE","author":"antslab","date":"21 de agosto de 2023","format":false,"excerpt":"FONTE DE ELETROFORESE 300V Aplica\u00e7\u00e3o: A fonte de eletroforese 300V \u00e9 ideal para a separa\u00e7\u00e3o de \u00e1cidos e prote\u00ednas em sistemas de eletroforese. Caracter\u00edsticas: Corrida de at\u00e9 4 cubas simultaneamente; Ajuste de tempo (1 a 999min); Configura\u00e7\u00e3o de tens\u00e3o ou corrente constante; Dispositivo de seguran\u00e7a: Detec\u00e7\u00e3o de aus\u00eancia, vazamento Configura\u00e7\u00e3o\u2026","rel":"","context":"Post similar","block_context":{"text":"Post similar","link":""},"img":{"alt_text":"","src":"https:\/\/i0.wp.com\/antslab.com.br\/wp-content\/uploads\/2023\/08\/K33-300V.jpg?fit=1200%2C1200&ssl=1&resize=350%2C200","width":350,"height":200},"classes":[]},{"id":3155,"url":"https:\/\/antslab.com.br\/?product=transiluminador","url_meta":{"origin":3135,"position":1},"title":"Transiluminador","author":"antslab","date":"21 de agosto de 2023","format":false,"excerpt":"TRANSILUMINADOR DE\u00a0LED Aplica\u00e7\u00e3o: Equipamento\u00a0 Transiluminador de LED \u00e9 utilizado para visualiza\u00e7\u00e3o de bandas de gel de agarose de amostras coradas com corante Safer KASVI ou SYBR Safe. O Transiluminador LED \u00e9 uma inova\u00e7\u00e3o na \u00e1rea de eletroforese, pois ao contr\u00e1rio dos transiluminadores convencionais com luz UV, a ilumina\u00e7\u00e3o de LED\u2026","rel":"","context":"Post similar","block_context":{"text":"Post similar","link":""},"img":{"alt_text":"","src":"https:\/\/i0.wp.com\/antslab.com.br\/wp-content\/uploads\/2023\/08\/K33-333.jpg?fit=1200%2C1200&ssl=1&resize=350%2C200","width":350,"height":200},"classes":[]},{"id":2659,"url":"https:\/\/antslab.com.br\/?product=tubo-de-centrifugacao","url_meta":{"origin":3135,"position":2},"title":"TUBO DE CENTRIFUGA\u00c7\u00c3O","author":"antslab","date":"22 de junho de 2023","format":false,"excerpt":"Descri\u00e7\u00e3o Aplica\u00e7\u00e3o: Tubos de Centrifuga\u00e7\u00e3o s\u00e3o utilizados para centrifuga\u00e7\u00e3o e armazenamento de amostras ou solu\u00e7\u00f5es. Caracter\u00edsticas: Fabricado em polipropileno; Tampa alongada \u00e0 prova de vazamentos; Gradua\u00e7\u00e3o e \u00e1rea de marca\u00e7\u00e3o lateral resistentes a clorof\u00f3rmio; Livre de DNase, RNase e pirog\u00eanio; Esterilizado por radia\u00e7\u00e3o gama; Autoclav\u00e1vel: 121\u00b0C, 15 PSI, 15min. Informa\u00e7\u00f5es\u2026","rel":"","context":"Post similar","block_context":{"text":"Post similar","link":""},"img":{"alt_text":"","src":"https:\/\/i0.wp.com\/antslab.com.br\/wp-content\/uploads\/2023\/06\/Tubo-falcon.png?fit=890%2C888&ssl=1&resize=350%2C200","width":350,"height":200},"classes":[]},{"id":2858,"url":"https:\/\/antslab.com.br\/?product=ponteira-sem-filtro","url_meta":{"origin":3135,"position":3},"title":"PONTEIRA SEM FILTRO","author":"antslab","date":"2 de agosto de 2023","format":false,"excerpt":"Aplica\u00e7\u00e3o: A ponteira sem filtro 0,1 -10 \u00b5L tipo Gilson serve para uso em micropipetas e manipula\u00e7\u00e3o de l\u00edquidos com precis\u00e3o. Caracter\u00edsticas: Fabricada em polipropileno (PP); Volume: 0,1 \u2013 10 \u00b5L; Transparente; Encaixe tipo Gilson. Registro ANVISA: N\u00e3o aplic\u00e1vel. Apresenta\u00e7\u00e3o: Pacote com 1.000 unidades. \u00a0 MODELO: K31-11 MARCA: Olen","rel":"","context":"Post similar","block_context":{"text":"Post similar","link":""},"img":{"alt_text":"","src":"https:\/\/i0.wp.com\/antslab.com.br\/wp-content\/uploads\/2023\/08\/K31-1000B.jpg?fit=500%2C500&ssl=1&resize=350%2C200","width":350,"height":200},"classes":[]},{"id":2867,"url":"https:\/\/antslab.com.br\/?product=ponteira-baixa-retencao","url_meta":{"origin":3135,"position":4},"title":"PONTEIRA BAIXA RETEN\u00c7\u00c3O SEM FILTRO E COM FILTRO","author":"antslab","date":"3 de agosto de 2023","format":false,"excerpt":"Aplica\u00e7\u00e3o: As Ponteiras\u00a00,1-10 \u00b5L\u00a0sem\u00a0filtro servem para manipula\u00e7\u00e3o de l\u00edquidos e s\u00e3o compat\u00edveis com as principais marcas de micropipetas do mercado. Caracter\u00edsticas: Fabricadas em polipropileno (PP) transparente de alta qualidade; Capacidade:\u00a00,1-10\u00a0\u00b5L; Baixa reten\u00e7\u00e3o; Livre de DNase, RNase, endotoxinas e pirog\u00eanios; Registro ANVISA: N\u00e3o aplic\u00e1vel. Apresenta\u00e7\u00e3o: Pacote com 1000 unidades. Modelo:\u00a0K69-10 Marca:\u00a0Kasvi","rel":"","context":"Post similar","block_context":{"text":"Post similar","link":""},"img":{"alt_text":"","src":"https:\/\/i0.wp.com\/antslab.com.br\/wp-content\/uploads\/2023\/08\/false-2.jpg?fit=1200%2C1200&ssl=1&resize=350%2C200","width":350,"height":200},"classes":[]},{"id":2963,"url":"https:\/\/antslab.com.br\/?product=rack-vazio-ponteiras","url_meta":{"origin":3135,"position":5},"title":"Rack Vazio &#8211; Ponteiras","author":"antslab","date":"8 de agosto de 2023","format":false,"excerpt":"RACK VAZIO PARA PONTEIRAS DE 5 ML. TRANSPARENTE - K31-5000-5 Aplica\u00e7\u00e3o: Rack vazio para acomoda\u00e7\u00e3o de at\u00e9 28 ponteiras de 5 mL. Caracter\u00edsticas: Capacidade para 28 ponteiras de 5 mL; Feito em polipropileno; Autoclav\u00e1vel; Dimens\u00f5es: 12,5 x 8,5 x 16 cm; Transparente. Registro ANVISA: N\u00e3o aplic\u00e1vel. Apresenta\u00e7\u00e3o: Unidade \u00a0 MODELO:\u2026","rel":"","context":"Post similar","block_context":{"text":"Post similar","link":""},"img":{"alt_text":"","src":"https:\/\/i0.wp.com\/antslab.com.br\/wp-content\/uploads\/2023\/08\/K31-10000-5.jpg?fit=1200%2C1200&ssl=1&resize=350%2C200","width":350,"height":200},"classes":[]}],"_links":{"self":[{"href":"https:\/\/antslab.com.br\/index.php?rest_route=\/wp\/v2\/product\/3135","targetHints":{"allow":["GET"]}}],"collection":[{"href":"https:\/\/antslab.com.br\/index.php?rest_route=\/wp\/v2\/product"}],"about":[{"href":"https:\/\/antslab.com.br\/index.php?rest_route=\/wp\/v2\/types\/product"}],"replies":[{"embeddable":true,"href":"https:\/\/antslab.com.br\/index.php?rest_route=%2Fwp%2Fv2%2Fcomments&post=3135"}],"wp:featuredmedia":[{"embeddable":true,"href":"https:\/\/antslab.com.br\/index.php?rest_route=\/wp\/v2\/media\/3139"}],"wp:attachment":[{"href":"https:\/\/antslab.com.br\/index.php?rest_route=%2Fwp%2Fv2%2Fmedia&parent=3135"}],"wp:term":[{"taxonomy":"product_cat","embeddable":true,"href":"https:\/\/antslab.com.br\/index.php?rest_route=%2Fwp%2Fv2%2Fproduct_cat&post=3135"},{"taxonomy":"product_tag","embeddable":true,"href":"https:\/\/antslab.com.br\/index.php?rest_route=%2Fwp%2Fv2%2Fproduct_tag&post=3135"}],"curies":[{"name":"wp","href":"https:\/\/api.w.org\/{rel}","templated":true}]}}