{"id":3073,"date":"2023-08-10T14:05:02","date_gmt":"2023-08-10T17:05:02","guid":{"rendered":"https:\/\/antslab.com.br\/?post_type=product&#038;p=3073"},"modified":"2026-03-15T12:17:11","modified_gmt":"2026-03-15T15:17:11","slug":"estereomicroscopio-binocular-com-zoom-7x-45x-k65-e60","status":"publish","type":"product","link":"https:\/\/antslab.com.br\/?product=estereomicroscopio-binocular-com-zoom-7x-45x-k65-e60","title":{"rendered":"ESTEREOMICROSC\u00d3PIO BINOCULAR COM ZOOM 7X-45X &#8211; K65-E60"},"content":{"rendered":"<h1>ESTEREOMICROSC\u00d3PIO BINOCULAR COM ZOOM 7X-45X &#8211; K65-E60<\/h1>\n<p><b><strong>Aplica\u00e7\u00e3o:<\/strong><\/b><\/p>\n<p>\u00c9 um equipamento com zoom e possui um grande campo de imagem permitindo uma longa dist\u00e2ncia de trabalho.Ideais para objetos de grande e pequeno porte. Este equipamento \u00e9 amplamente utilizado nas \u00e1reas de Ind\u00fastrias, Pesquisas, sa\u00fade, biologia, bot\u00e2nica e agricultura e eletr\u00f4nica para inspe\u00e7\u00e3o de componentes eletr\u00f4nicos em geral.<\/p>\n<p>&nbsp;<\/p>\n<p><b><strong>Caracter\u00edsticas:<\/strong><\/b><\/p>\n<p><b><strong>\u00a0<\/strong><\/b><\/p>\n<p><b><strong>Cabe\u00e7ote \u00a0\u00a0\u00a0\u00a0\u00a0\u00a0\u00a0\u00a0\u00a0\u00a0\u00a0\u00a0\u00a0\u00a0\u00a0\u00a0\u00a0\u00a0\u00a0\u00a0\u00a0\u00a0\u00a0\u00a0\u00a0\u00a0\u00a0\u00a0\u00a0\u00a0\u00a0<\/strong><\/b>Binocular<\/p>\n<p><b><strong>Inclina\u00e7\u00e3o\u00a0\u00a0\u00a0\u00a0\u00a0\u00a0\u00a0\u00a0\u00a0\u00a0\u00a0\u00a0\u00a0\u00a0\u00a0\u00a0\u00a0\u00a0\u00a0\u00a0\u00a0\u00a0\u00a0\u00a0\u00a0\u00a0\u00a0\u00a0\u00a0\u00a0\u00a0<\/strong><\/b>45\u00ba<\/p>\n<p><b><strong>Propor\u00e7\u00e3o do Zoom<\/strong><\/b>\u00a0\u00a0\u00a0\u00a0\u00a0\u00a0\u00a0\u00a0\u00a0\u00a0\u00a0\u00a0\u00a0\u00a0\u00a0 1:64<\/p>\n<p><b><strong>Objetiva\u00a0\u00a0\u00a0\u00a0\u00a0\u00a0\u00a0\u00a0\u00a0\u00a0\u00a0\u00a0\u00a0\u00a0\u00a0\u00a0\u00a0\u00a0\u00a0\u00a0\u00a0\u00a0\u00a0<\/strong><\/b>\u00a0\u00a0\u00a0\u00a0\u00a0\u00a0\u00a0\u00a0\u00a0\u00a0\u00a0 zoom 0,7x-4,5x<\/p>\n<p>Auxiliar 1,5x (opcional)<\/p>\n<p>Auxiliar 2,0x (opcional)<\/p>\n<p><b><strong>Aumento \u00a0\u00a0\u00a0\u00a0\u00a0\u00a0\u00a0\u00a0<\/strong><\/b>\u00a0\u00a0\u00a0\u00a0\u00a0\u00a0\u00a0\u00a0\u00a0\u00a0\u00a0\u00a0\u00a0\u00a0\u00a0\u00a0\u00a0\u00a0\u00a0\u00a0\u00a0\u00a0\u00a0 7x-45x (ocular de 10x)<\/p>\n<p>14x-90 (ocular de 20x (opcional))<\/p>\n<p>28x a 180x (ocular de 20x e objetiva auxiliar de 2x (opcional))<\/p>\n<p><b><strong>Oculares \u00a0\u00a0\u00a0\u00a0\u00a0\u00a0\u00a0\u00a0\u00a0\u00a0\u00a0\u00a0\u00a0\u00a0\u00a0\u00a0\u00a0\u00a0\u00a0\u00a0\u00a0\u00a0\u00a0\u00a0\u00a0\u00a0\u00a0\u00a0\u00a0\u00a0\u00a0\u00a0<\/strong><\/b>WF10x\/20mm<\/p>\n<p>WF20x\/10mm (opcional)<\/p>\n<p><b><strong>Rota\u00e7\u00e3o \u00a0\u00a0\u00a0\u00a0\u00a0\u00a0\u00a0\u00a0\u00a0\u00a0\u00a0\u00a0\u00a0\u00a0\u00a0\u00a0\u00a0\u00a0\u00a0\u00a0\u00a0\u00a0\u00a0\u00a0\u00a0\u00a0\u00a0\u00a0\u00a0\u00a0\u00a0\u00a0\u00a0<\/strong><\/b>360\u00b0<\/p>\n<p><b><strong>Ilumina\u00e7\u00e3o L\u00e2mpada \u00a0\u00a0\u00a0\u00a0\u00a0\u00a0\u00a0\u00a0\u00a0\u00a0\u00a0\u00a0\u00a0<\/strong><\/b>Incidente e ilumina\u00e7\u00e3o transmitida por LED 3W<\/p>\n<p><b><strong>Dist\u00e2ncia de Trabalho \u00a0\u00a0\u00a0\u00a0\u00a0\u00a0\u00a0\u00a0\u00a0\u00a0\u00a0\u00a0\u00a0\u00a0\u00a0\u00a0\u00a0\u00a0\u00a0\u00a0\u00a0\u00a0\u00a0\u00a0<\/strong><\/b>100 mm<\/p>\n<p><b><strong>Dist\u00e2ncia Interpupilar\u00a0\u00a0<\/strong><\/b>\u00a0\u00a0\u00a0\u00a0\u00a0\u00a0\u00a0\u00a0\u00a0\u00a0\u00a0 55-75mm<\/p>\n<p><b><strong>Ajuste de dioptria \u00a0\u00a0\u00a0\u00a0\u00a0\u00a0\u00a0\u00a0\u00a0\u00a0\u00a0\u00a0\u00a0\u00a0\u00a0\u00a0\u00a0\u00a0<\/strong><\/b>\u00b1 5dp<\/p>\n<p><b><strong>Fonte de energia \u00a0\u00a0\u00a0\u00a0\u00a0\u00a0\u00a0\u00a0\u00a0\u00a0\u00a0\u00a0\u00a0\u00a0\u00a0\u00a0\u00a0\u00a0\u00a0\u00a0<\/strong><\/b>Bivolt<\/p>\n<p><b><strong>\u00a0<\/strong><\/b><\/p>\n<p><b><strong>Registro ANVISA:<\/strong><\/b><\/p>\n<p>N\u00e3o pass\u00edvel de regulamenta\u00e7\u00e3o.<\/p>\n<p>&nbsp;<\/p>\n<p><b><strong>Armazenamento:<\/strong><\/b><\/p>\n<p>Manter em temepratura ambiente entre 10\u00b0-40\u00b0C, em local seco e arejado.<\/p>\n<p>&nbsp;<\/p>\n<p><b><strong>Apresenta\u00e7\u00e3o:<\/strong><\/b><\/p>\n<p>01 Estereomicrosc\u00f3pio (1 estativa e 1 cabe\u00e7ote binocular);<\/p>\n<p>01 Par de ocular 10x\/20mm;<\/p>\n<p>01 Objetiva zoom 0,7x-4,5x<\/p>\n<p>01 Placa de Vidro fosco;<\/p>\n<p>01 Placa\/filtro preto e branco;<\/p>\n<p>01 Par de adaptador de borracha nas oculares;<\/p>\n<p>01 Fonte de Alimenta\u00e7\u00e3o;<\/p>\n<p>01 Capa;<\/p>\n<p>01 Manual de Instru\u00e7\u00f5es<\/p>\n<p>&nbsp;<\/p>\n<p><b><strong>Acess\u00f3rios n\u00e3o inclusos (opcionais)<\/strong><\/b><\/p>\n<p>01 Par de ocular 20x\/10mm;<\/p>\n<p>01 objetiva auxiliar de 1,5x<\/p>\n<p>01 objetiva auxiliar de 2x<\/p>\n<p>&nbsp;<\/p>\n<p><b><strong>Modelo<\/strong><\/b>: K65-E60<\/p>\n<p><b><strong>Marca:\u00a0<\/strong><\/b>Kasvi<\/p>\n","protected":false},"excerpt":{"rendered":"<p>ESTEREOMICROSC\u00d3PIO BINOCULAR COM ZOOM 7X-45X &#8211; K65-E60 Aplica\u00e7\u00e3o: \u00c9 um equipamento com zoom e possui um grande campo de imagem permitindo uma longa dist\u00e2ncia de trabalho.Ideais para objetos de grande&hellip;<\/p>\n","protected":false},"featured_media":3081,"comment_status":"open","ping_status":"closed","template":"","meta":{"content-type":""},"product_cat":[119,171],"product_tag":[],"class_list":{"0":"post-3073","1":"product","2":"type-product","3":"status-publish","4":"has-post-thumbnail","6":"product_cat-equipamentos","7":"product_cat-microscopia","9":"first","10":"instock","11":"shipping-taxable","12":"purchasable","13":"product-type-variable"},"jetpack-related-posts":[{"id":3050,"url":"https:\/\/antslab.com.br\/?product=microscopio-basic-binocular-acromatico-k55-ba","url_meta":{"origin":3073,"position":0},"title":"MICROSC\u00d3PIO BASIC BINOCULAR ACROM\u00c1TICO &#8211; K55-BA","author":"antslab","date":"10 de agosto de 2023","format":false,"excerpt":"MICROSC\u00d3PIO BASIC BINOCULAR ACROM\u00c1TICO - K55-BA Aplica\u00e7\u00e3o: Utilizado para observa\u00e7\u00e3o de amostras microsc\u00f3picas. Caracter\u00edsticas: Cabe\u00e7ote Binocular Siedentopf, inclinado a 30 graus e com rota\u00e7\u00e3o 360\u00b0; Oculares de campo amplo WF10X (18 mm) e WF16X (11 mm) Rev\u00f3lver qu\u00e1druplo; Objetivas acrom\u00e1ticas 4X, 10X, 40X(S), 100X (S, \u00d3leo); Foco coaxial grosso e\u2026","rel":"","context":"Post similar","block_context":{"text":"Post similar","link":""},"img":{"alt_text":"","src":"https:\/\/i0.wp.com\/antslab.com.br\/wp-content\/uploads\/2023\/08\/K55-BA.jpg?fit=1200%2C1200&ssl=1&resize=350%2C200","width":350,"height":200},"classes":[]},{"id":3066,"url":"https:\/\/antslab.com.br\/?product=microscopio-biologico-trinocular-invertido-k55-ivt","url_meta":{"origin":3073,"position":1},"title":"MICROSC\u00d3PIO BIOL\u00d3GICO TRINOCULAR INVERTIDO &#8211; K55-IVT","author":"antslab","date":"10 de agosto de 2023","format":false,"excerpt":"MICROSC\u00d3PIO BIOL\u00d3GICO TRINOCULAR INVERTIDO - K55-IVT Aplica\u00e7\u00e3o: O Microsc\u00f3pio invertido \u00e9 utilizado para observa\u00e7\u00e3o de amostras atrav\u00e9s de um sistema de \u00f3tica infinita e que produzem imagens com total nitidez em todo campo visual da amostra. Com o microsc\u00f3pio invertido, as c\u00e9lulas biol\u00f3gicas n\u00e3o precisavam ser coradas para serem ampliadas.\u2026","rel":"","context":"Post similar","block_context":{"text":"Post similar","link":""},"img":{"alt_text":"","src":"https:\/\/i0.wp.com\/antslab.com.br\/wp-content\/uploads\/2023\/08\/K55-IVT.jpg?fit=1200%2C1200&ssl=1&resize=350%2C200","width":350,"height":200},"classes":[]},{"id":3060,"url":"https:\/\/antslab.com.br\/?product=microscopio-otica-infinita-uis-trinocular-unidade-k55-oit","url_meta":{"origin":3073,"position":2},"title":"MICROSCOPIO \u00d3TICA INFINITA (UIS) TRINOCULAR. UNIDADE &#8211; K55-OIT","author":"antslab","date":"10 de agosto de 2023","format":false,"excerpt":"MICROSCOPIO \u00d3TICA INFINITA (UIS) TRINOCULAR. UNIDADE - K55-OIT Aplica\u00e7\u00e3o: Os microsc\u00f3pios s\u00e3o utilizados para observa\u00e7\u00e3o de amostras microsc\u00f3picas atrav\u00e9s de um sistema de \u00f3tica infinita e que produzem imagens com total nitidez em todo campo visual da amostra. \u00a0 Caracter\u00edsticas: \u00b7\u00a0\u00a0\u00a0\u00a0\u00a0\u00a0\u00a0\u00a0\u00a0\u00a0\u00a0\u00a0\u00a0\u00a0\u00a0\u00a0\u00a0\u00a0\u00a0\u00a0Cabe\u00e7ote Binocular Siedentopf, inclinado a 30 graus e com rota\u00e7\u00e3o\u2026","rel":"","context":"Post similar","block_context":{"text":"Post similar","link":""},"img":{"alt_text":"","src":"https:\/\/i0.wp.com\/antslab.com.br\/wp-content\/uploads\/2023\/08\/K55-OIT.jpg?fit=1200%2C1200&ssl=1&resize=350%2C200","width":350,"height":200},"classes":[]},{"id":2773,"url":"https:\/\/antslab.com.br\/?product=destilador-de-agua-tipo-pilsen-ssdest","url_meta":{"origin":3073,"position":3},"title":"DESTILADOR DE \u00c1GUA &#8211; TIPO (PILSEN) &#8211; SOLIDSTEEL","author":"antslab","date":"5 de julho de 2023","format":false,"excerpt":"Aplica\u00e7\u00e3o:\u00a0 O destilador de \u00e1gua tipo Pilsen foi desenvolvido para uso em laborat\u00f3rios e outros segmentos que necessitam de \u00e1gua destilada com elevada pureza e baixo teor de sais. Caracter\u00edsticas:\u00a0 Constru\u00eddo em a\u00e7o inox AISI 304, inclusive a tampa; Controle el\u00e9trico com chave liga\/desliga e l\u00e2mpada piloto acoplada ao gabinete\u2026","rel":"","context":"Post similar","block_context":{"text":"Post similar","link":""},"img":{"alt_text":"","src":"https:\/\/i0.wp.com\/antslab.com.br\/wp-content\/uploads\/2023\/07\/ssdest.jpg?fit=940%2C788&ssl=1&resize=350%2C200","width":350,"height":200},"classes":[]}],"_links":{"self":[{"href":"https:\/\/antslab.com.br\/index.php?rest_route=\/wp\/v2\/product\/3073","targetHints":{"allow":["GET"]}}],"collection":[{"href":"https:\/\/antslab.com.br\/index.php?rest_route=\/wp\/v2\/product"}],"about":[{"href":"https:\/\/antslab.com.br\/index.php?rest_route=\/wp\/v2\/types\/product"}],"replies":[{"embeddable":true,"href":"https:\/\/antslab.com.br\/index.php?rest_route=%2Fwp%2Fv2%2Fcomments&post=3073"}],"wp:featuredmedia":[{"embeddable":true,"href":"https:\/\/antslab.com.br\/index.php?rest_route=\/wp\/v2\/media\/3081"}],"wp:attachment":[{"href":"https:\/\/antslab.com.br\/index.php?rest_route=%2Fwp%2Fv2%2Fmedia&parent=3073"}],"wp:term":[{"taxonomy":"product_cat","embeddable":true,"href":"https:\/\/antslab.com.br\/index.php?rest_route=%2Fwp%2Fv2%2Fproduct_cat&post=3073"},{"taxonomy":"product_tag","embeddable":true,"href":"https:\/\/antslab.com.br\/index.php?rest_route=%2Fwp%2Fv2%2Fproduct_tag&post=3073"}],"curies":[{"name":"wp","href":"https:\/\/api.w.org\/{rel}","templated":true}]}}