{"id":3066,"date":"2023-08-10T13:51:53","date_gmt":"2023-08-10T16:51:53","guid":{"rendered":"https:\/\/antslab.com.br\/?post_type=product&#038;p=3066"},"modified":"2026-03-15T12:21:27","modified_gmt":"2026-03-15T15:21:27","slug":"microscopio-biologico-trinocular-invertido-k55-ivt","status":"publish","type":"product","link":"https:\/\/antslab.com.br\/?product=microscopio-biologico-trinocular-invertido-k55-ivt","title":{"rendered":"MICROSC\u00d3PIO BIOL\u00d3GICO TRINOCULAR INVERTIDO &#8211; K55-IVT"},"content":{"rendered":"<p>MICROSC\u00d3PIO BIOL\u00d3GICO TRINOCULAR INVERTIDO &#8211; K55-IVT<\/p>\n<p class=\"rvps6\"><span class=\"rvts9\"><b>Aplica\u00e7\u00e3o:<\/b><\/span><\/p>\n<p class=\"rvps7\"><span class=\"rvts10\">O Microsc\u00f3pio invertido \u00e9 utilizado para observa\u00e7\u00e3o de amostras atrav\u00e9s de um sistema de \u00f3tica infinita e que produzem imagens com total nitidez em todo campo visual da amostra. Com o microsc\u00f3pio invertido, as c\u00e9lulas biol\u00f3gicas n\u00e3o precisavam ser coradas para serem ampliadas.<\/span><\/p>\n<p class=\"rvps7\"><span class=\"rvts10\">\u00c9 poss\u00edvel realizar a visualiza\u00e7\u00e3o de microrganismos e c\u00e9lulas no fundo de um recipiente, como em placas de petri ou frascos de cultura celular.<\/span><\/p>\n<p>&nbsp;<\/p>\n<p><span class=\"rvts9\"><b>Caracter\u00edsticas:<\/b><\/span><\/p>\n<p class=\"rvps8\">\u00b7\u00a0\u00a0\u00a0\u00a0\u00a0\u00a0\u00a0\u00a0\u00a0<span class=\"rvts10\">Cabe\u00e7ote Trinocular inclinado a 30 graus e com rota\u00e7\u00e3o 360\u00b0;<\/span><\/p>\n<p class=\"rvps8\">\u00b7\u00a0\u00a0\u00a0\u00a0\u00a0\u00a0\u00a0\u00a0\u00a0<span class=\"rvts10\">Rev\u00f3lver com capacidade para at\u00e9 5 objetivas;<\/span><\/p>\n<p class=\"rvps8\">\u00b7\u00a0\u00a0\u00a0\u00a0\u00a0\u00a0\u00a0\u00a0\u00a0<span class=\"rvts10\">Ocular 10x\/22<\/span><\/p>\n<p class=\"rvps8\">\u00b7\u00a0\u00a0\u00a0\u00a0\u00a0\u00a0\u00a0\u00a0\u00a0<span class=\"rvts10\">Objetivas Infinita de longa dist\u00e2ncia Plana Acrom\u00e1ticas 4X \/ 40X;<\/span><\/p>\n<p class=\"rvps8\">\u00b7\u00a0\u00a0\u00a0\u00a0\u00a0\u00a0\u00a0\u00a0\u00a0<span class=\"rvts10\">Objetivas Infinita de longa dist\u00e2ncia Contraste de Fase 10X \/ 20X;<\/span><\/p>\n<p class=\"rvps8\">\u00b7\u00a0\u00a0\u00a0\u00a0\u00a0\u00a0\u00a0\u00a0\u00a0<span class=\"rvts10\">Foco coaxial grosso e fino com ajuste de tens\u00e3o;<\/span><\/p>\n<p class=\"rvps8\">\u00b7\u00a0\u00a0\u00a0\u00a0\u00a0\u00a0\u00a0\u00a0\u00a0<span class=\"rvts10\">Condensador de foco ajust\u00e1vel;<\/span><\/p>\n<p class=\"rvps8\">\u00b7\u00a0\u00a0\u00a0\u00a0\u00a0\u00a0\u00a0\u00a0\u00a0<span class=\"rvts10\">Diafragma\/\u00edris com suporte de filtro;<\/span><\/p>\n<p class=\"rvps8\">\u00b7\u00a0\u00a0\u00a0\u00a0\u00a0\u00a0\u00a0\u00a0\u00a0<span class=\"rvts10\">Ilumina\u00e7\u00e3o LED 3W com controle de intensidade;<\/span><\/p>\n<p class=\"rvps8\">\u00b7\u00a0\u00a0\u00a0\u00a0\u00a0\u00a0\u00a0\u00a0\u00a0<span class=\"rvts10\">Bivolt<\/span><\/p>\n<p class=\"rvps9\"><span class=\"rvts9\"><b>Registro ANVISA:<\/b><\/span><\/p>\n<p class=\"rvps9\">N\u00e3o pass\u00edvel de Registro Anvisa<\/p>\n<p class=\"rvps9\"><span class=\"rvts9\"><b>Armazenamento:<\/b><\/span><\/p>\n<p class=\"rvps10\"><span class=\"rvts11\">Manter o equipamento em temperatura ambiente entre 10\u00a0<\/span><span class=\"rvts12\">\u2013<\/span><span class=\"rvts11\">\u00a040\u00b0C, em local seco e arejado.<\/span><\/p>\n<p class=\"rvps6\"><span class=\"rvts9\"><b>Apresenta\u00e7\u00e3o:<\/b><\/span><\/p>\n<p class=\"rvps11\"><span class=\"rvts10\">Cada caixa cont\u00e9m:<\/span><\/p>\n<p><span class=\"rvts13\">1 Par de oculares 10x\/22;<\/span><\/p>\n<p><span class=\"rvts13\">4 Objetivas 4x,10x (PH),20x(PH),40x;<\/span><\/p>\n<p><span class=\"rvts13\">1 Filtro verde;<\/span><\/p>\n<p><span class=\"rvts13\">1 Filtro azul;<\/span><\/p>\n<p><span class=\"rvts13\">1 Filtro translucido;<\/span><\/p>\n<p><span class=\"rvts13\">1 Charriot<\/span><\/p>\n<p><span class=\"rvts13\">1 Suporte Terasaki<\/span><\/p>\n<p><span class=\"rvts13\">1 Cabo padr\u00e3o ABNT;<\/span><\/p>\n<p><span class=\"rvts13\">1 Adaptador C-mount (1x) para c\u00e2mera;<\/span><\/p>\n<p><span class=\"rvts13\">1 Manual de instru\u00e7\u00f5es.<\/span><\/p>\n<p>&nbsp;<\/p>\n<p><span class=\"rvts9\"><b>MODELO:\u00a0<\/b><\/span><span class=\"rvts10\">K55-IVT<\/span><\/p>\n<p class=\"rvps12\"><span class=\"rvts9\"><b>MARCA:\u00a0<\/b><\/span><span class=\"rvts10\">KASVI<\/span><\/p>\n","protected":false},"excerpt":{"rendered":"<p>MICROSC\u00d3PIO BIOL\u00d3GICO TRINOCULAR INVERTIDO &#8211; K55-IVT Aplica\u00e7\u00e3o: O Microsc\u00f3pio invertido \u00e9 utilizado para observa\u00e7\u00e3o de amostras atrav\u00e9s de um sistema de \u00f3tica infinita e que produzem imagens com total nitidez&hellip;<\/p>\n","protected":false},"featured_media":3072,"comment_status":"open","ping_status":"closed","template":"","meta":{"content-type":""},"product_cat":[119,171],"product_tag":[],"class_list":{"0":"post-3066","1":"product","2":"type-product","3":"status-publish","4":"has-post-thumbnail","6":"product_cat-equipamentos","7":"product_cat-microscopia","9":"first","10":"instock","11":"shipping-taxable","12":"purchasable","13":"product-type-simple"},"jetpack-related-posts":[{"id":3060,"url":"https:\/\/antslab.com.br\/?product=microscopio-otica-infinita-uis-trinocular-unidade-k55-oit","url_meta":{"origin":3066,"position":0},"title":"MICROSCOPIO \u00d3TICA INFINITA (UIS) TRINOCULAR. UNIDADE &#8211; K55-OIT","author":"antslab","date":"10 de agosto de 2023","format":false,"excerpt":"MICROSCOPIO \u00d3TICA INFINITA (UIS) TRINOCULAR. UNIDADE - K55-OIT Aplica\u00e7\u00e3o: Os microsc\u00f3pios s\u00e3o utilizados para observa\u00e7\u00e3o de amostras microsc\u00f3picas atrav\u00e9s de um sistema de \u00f3tica infinita e que produzem imagens com total nitidez em todo campo visual da amostra. \u00a0 Caracter\u00edsticas: \u00b7\u00a0\u00a0\u00a0\u00a0\u00a0\u00a0\u00a0\u00a0\u00a0\u00a0\u00a0\u00a0\u00a0\u00a0\u00a0\u00a0\u00a0\u00a0\u00a0\u00a0Cabe\u00e7ote Binocular Siedentopf, inclinado a 30 graus e com rota\u00e7\u00e3o\u2026","rel":"","context":"Post similar","block_context":{"text":"Post similar","link":""},"img":{"alt_text":"","src":"https:\/\/i0.wp.com\/antslab.com.br\/wp-content\/uploads\/2023\/08\/K55-OIT.jpg?fit=1200%2C1200&ssl=1&resize=350%2C200","width":350,"height":200},"classes":[]},{"id":3050,"url":"https:\/\/antslab.com.br\/?product=microscopio-basic-binocular-acromatico-k55-ba","url_meta":{"origin":3066,"position":1},"title":"MICROSC\u00d3PIO BASIC BINOCULAR ACROM\u00c1TICO &#8211; K55-BA","author":"antslab","date":"10 de agosto de 2023","format":false,"excerpt":"MICROSC\u00d3PIO BASIC BINOCULAR ACROM\u00c1TICO - K55-BA Aplica\u00e7\u00e3o: Utilizado para observa\u00e7\u00e3o de amostras microsc\u00f3picas. Caracter\u00edsticas: Cabe\u00e7ote Binocular Siedentopf, inclinado a 30 graus e com rota\u00e7\u00e3o 360\u00b0; Oculares de campo amplo WF10X (18 mm) e WF16X (11 mm) Rev\u00f3lver qu\u00e1druplo; Objetivas acrom\u00e1ticas 4X, 10X, 40X(S), 100X (S, \u00d3leo); Foco coaxial grosso e\u2026","rel":"","context":"Post similar","block_context":{"text":"Post similar","link":""},"img":{"alt_text":"","src":"https:\/\/i0.wp.com\/antslab.com.br\/wp-content\/uploads\/2023\/08\/K55-BA.jpg?fit=1200%2C1200&ssl=1&resize=350%2C200","width":350,"height":200},"classes":[]},{"id":2677,"url":"https:\/\/antslab.com.br\/?product=placa-de-petri-cultivo-celular","url_meta":{"origin":3066,"position":2},"title":"Placa de Petri  &#8211; Cultivo","author":"antslab","date":"22 de junho de 2023","format":false,"excerpt":"PLACA PARA CULTIVO DE C\u00c9LULAS 100 MM. 10 UN\/PCT - K13-0100 Descri\u00e7\u00e3o Aplica\u00e7\u00e3o: As Placas de Petri s\u00e3o ideais para produ\u00e7\u00e3o de c\u00e9lulas, pr\u00e9-tratamento, prepara\u00e7\u00e3o, crescimento celular, armazenamento de amostras etc. Caracter\u00edsticas: Fundo plano e paredes uniformes, livres de distor\u00e7\u00f5es; Superf\u00edcie tratada, lisa e livre de falhas para maximizar a\u2026","rel":"","context":"Post similar","block_context":{"text":"Post similar","link":""},"img":{"alt_text":"","src":"https:\/\/i0.wp.com\/antslab.com.br\/wp-content\/uploads\/2023\/06\/petri.jpg?fit=682%2C698&ssl=1&resize=350%2C200","width":350,"height":200},"classes":[]},{"id":2923,"url":"https:\/\/antslab.com.br\/?product=rack-termoestavel","url_meta":{"origin":3066,"position":3},"title":"Rack &#8211; Termoest\u00e1vel","author":"antslab","date":"7 de agosto de 2023","format":false,"excerpt":"Aplica\u00e7\u00e3o: Os Racks Termoest\u00e1veis s\u00e3o utilizados em procedimentos em que as amostras devem ser mantidas a baixas\u00a0temperaturas, garantindo sua estabilidade. Caracter\u00edsticas: Fabricado em polipropileno; Capacidade para 96 microtubos de 0,1 e 0,2 mL ou uma microplaca de 96 po\u00e7os; Mant\u00e9m a amostra em temperaturas inferiores de -4\u00b0C por aproximadamente 4\u2026","rel":"","context":"Post similar","block_context":{"text":"Post similar","link":""},"img":{"alt_text":"","src":"https:\/\/i0.wp.com\/antslab.com.br\/wp-content\/uploads\/2023\/08\/K30-9602.jpg?fit=1000%2C1000&ssl=1&resize=350%2C200","width":350,"height":200},"classes":[]},{"id":3073,"url":"https:\/\/antslab.com.br\/?product=estereomicroscopio-binocular-com-zoom-7x-45x-k65-e60","url_meta":{"origin":3066,"position":4},"title":"ESTEREOMICROSC\u00d3PIO BINOCULAR COM ZOOM 7X-45X &#8211; K65-E60","author":"antslab","date":"10 de agosto de 2023","format":false,"excerpt":"ESTEREOMICROSC\u00d3PIO BINOCULAR COM ZOOM 7X-45X - K65-E60 Aplica\u00e7\u00e3o: \u00c9 um equipamento com zoom e possui um grande campo de imagem permitindo uma longa dist\u00e2ncia de trabalho.Ideais para objetos de grande e pequeno porte. Este equipamento \u00e9 amplamente utilizado nas \u00e1reas de Ind\u00fastrias, Pesquisas, sa\u00fade, biologia, bot\u00e2nica e agricultura e eletr\u00f4nica\u2026","rel":"","context":"Post similar","block_context":{"text":"Post similar","link":""},"img":{"alt_text":"","src":"https:\/\/i0.wp.com\/antslab.com.br\/wp-content\/uploads\/2023\/08\/K65-E60.jpg?fit=1200%2C1200&ssl=1&resize=350%2C200","width":350,"height":200},"classes":[]},{"id":2939,"url":"https:\/\/antslab.com.br\/?product=tubos-criogenicos","url_meta":{"origin":3066,"position":5},"title":"Tubos &#8211; Criog\u00eanicos","author":"antslab","date":"7 de agosto de 2023","format":false,"excerpt":"Tubo Criog\u00eanico 2ml Rosca Externa, 50 Un\/Pct \u00a0","rel":"","context":"Post similar","block_context":{"text":"Post similar","link":""},"img":{"alt_text":"","src":"https:\/\/i0.wp.com\/antslab.com.br\/wp-content\/uploads\/2023\/08\/k2-7001.jpg?fit=1200%2C1200&ssl=1&resize=350%2C200","width":350,"height":200},"classes":[]}],"_links":{"self":[{"href":"https:\/\/antslab.com.br\/index.php?rest_route=\/wp\/v2\/product\/3066","targetHints":{"allow":["GET"]}}],"collection":[{"href":"https:\/\/antslab.com.br\/index.php?rest_route=\/wp\/v2\/product"}],"about":[{"href":"https:\/\/antslab.com.br\/index.php?rest_route=\/wp\/v2\/types\/product"}],"replies":[{"embeddable":true,"href":"https:\/\/antslab.com.br\/index.php?rest_route=%2Fwp%2Fv2%2Fcomments&post=3066"}],"wp:featuredmedia":[{"embeddable":true,"href":"https:\/\/antslab.com.br\/index.php?rest_route=\/wp\/v2\/media\/3072"}],"wp:attachment":[{"href":"https:\/\/antslab.com.br\/index.php?rest_route=%2Fwp%2Fv2%2Fmedia&parent=3066"}],"wp:term":[{"taxonomy":"product_cat","embeddable":true,"href":"https:\/\/antslab.com.br\/index.php?rest_route=%2Fwp%2Fv2%2Fproduct_cat&post=3066"},{"taxonomy":"product_tag","embeddable":true,"href":"https:\/\/antslab.com.br\/index.php?rest_route=%2Fwp%2Fv2%2Fproduct_tag&post=3066"}],"curies":[{"name":"wp","href":"https:\/\/api.w.org\/{rel}","templated":true}]}}