{"id":3060,"date":"2023-08-10T13:45:26","date_gmt":"2023-08-10T16:45:26","guid":{"rendered":"https:\/\/antslab.com.br\/?post_type=product&#038;p=3060"},"modified":"2026-04-02T20:28:17","modified_gmt":"2026-04-02T23:28:17","slug":"microscopio-otica-infinita-uis-trinocular-unidade-k55-oit","status":"publish","type":"product","link":"https:\/\/antslab.com.br\/?product=microscopio-otica-infinita-uis-trinocular-unidade-k55-oit","title":{"rendered":"MICROSCOPIO \u00d3TICA INFINITA (UIS) TRINOCULAR. UNIDADE &#8211; K55-OIT"},"content":{"rendered":"<p>MICROSCOPIO \u00d3TICA INFINITA (UIS) TRINOCULAR. UNIDADE &#8211; K55-OIT<\/p>\n<p><b>Aplica\u00e7\u00e3o:<\/b><\/p>\n<p><span class=\"rvts9\">Os microsc\u00f3pios s\u00e3o utilizados para observa\u00e7\u00e3o de amostras microsc\u00f3picas atrav\u00e9s de um sistema de \u00f3tica infinita e que produzem imagens com total nitidez em todo campo visual da amostra.<\/span><\/p>\n<p>&nbsp;<\/p>\n<p><span class=\"rvts8\"><b>Caracter\u00edsticas:<\/b><\/span><\/p>\n<p class=\"rvps7\">\u00b7\u00a0\u00a0\u00a0\u00a0\u00a0\u00a0\u00a0\u00a0\u00a0\u00a0\u00a0\u00a0\u00a0\u00a0\u00a0\u00a0\u00a0\u00a0\u00a0\u00a0<span class=\"rvts9\">Cabe\u00e7ote Binocular Siedentopf, inclinado a 30 graus e com rota\u00e7\u00e3o 360\u00b0;<\/span><\/p>\n<p class=\"rvps7\">\u00b7\u00a0\u00a0\u00a0\u00a0\u00a0\u00a0\u00a0\u00a0\u00a0\u00a0\u00a0\u00a0\u00a0\u00a0\u00a0\u00a0\u00a0\u00a0\u00a0\u00a0<span class=\"rvts9\">Oculares de campo amplo WF10X (20 mm) e WF16X (11 mm);<\/span><\/p>\n<p class=\"rvps7\">\u00b7\u00a0\u00a0\u00a0\u00a0\u00a0\u00a0\u00a0\u00a0\u00a0\u00a0\u00a0\u00a0\u00a0\u00a0\u00a0\u00a0\u00a0\u00a0\u00a0\u00a0<span class=\"rvts9\">Rev\u00f3lver qu\u00e1druplo;<\/span><\/p>\n<p class=\"rvps7\">\u00b7\u00a0\u00a0\u00a0\u00a0\u00a0\u00a0\u00a0\u00a0\u00a0\u00a0\u00a0\u00a0\u00a0\u00a0\u00a0\u00a0\u00a0\u00a0\u00a0\u00a0<span class=\"rvts9\">Objetivas planacrom\u00e1ticas 4X, 10X, 40X(S), 100X (S, \u00d3leo);<\/span><\/p>\n<p class=\"rvps7\">\u00b7\u00a0\u00a0\u00a0\u00a0\u00a0\u00a0\u00a0\u00a0\u00a0\u00a0\u00a0\u00a0\u00a0\u00a0\u00a0\u00a0\u00a0\u00a0\u00a0\u00a0<span class=\"rvts9\">Foco coaxial grosso e fino com ajuste de tens\u00e3o;<\/span><\/p>\n<p class=\"rvps7\">\u00b7\u00a0\u00a0\u00a0\u00a0\u00a0\u00a0\u00a0\u00a0\u00a0\u00a0\u00a0\u00a0\u00a0\u00a0\u00a0\u00a0\u00a0\u00a0\u00a0\u00a0<span class=\"rvts9\">Platina retangular composta de dupla camada mec\u00e2nica;<\/span><\/p>\n<p class=\"rvps7\">\u00b7\u00a0\u00a0\u00a0\u00a0\u00a0\u00a0\u00a0\u00a0\u00a0\u00a0\u00a0\u00a0\u00a0\u00a0\u00a0\u00a0\u00a0\u00a0\u00a0\u00a0<span class=\"rvts9\">Condensador de foco ajust\u00e1vel (pinh\u00e3o e cremalheira 1,25 N.A);<\/span><\/p>\n<p class=\"rvps7\">\u00b7\u00a0\u00a0\u00a0\u00a0\u00a0\u00a0\u00a0\u00a0\u00a0\u00a0\u00a0\u00a0\u00a0\u00a0\u00a0\u00a0\u00a0\u00a0\u00a0\u00a0<span class=\"rvts9\">Diafragma\/\u00edris com suporte de filtro;<\/span><\/p>\n<p class=\"rvps7\">\u00b7\u00a0\u00a0\u00a0\u00a0\u00a0\u00a0\u00a0\u00a0\u00a0\u00a0\u00a0\u00a0\u00a0\u00a0\u00a0\u00a0\u00a0\u00a0\u00a0\u00a0<span class=\"rvts9\">Ilumina\u00e7\u00e3o LED 3W com controle de intensidade;<\/span><\/p>\n<p class=\"rvps7\">\u00b7\u00a0\u00a0\u00a0\u00a0\u00a0\u00a0\u00a0\u00a0\u00a0\u00a0\u00a0\u00a0\u00a0\u00a0\u00a0\u00a0\u00a0\u00a0\u00a0\u00a0<span class=\"rvts9\">Fonte de alimenta\u00e7\u00e3o interna.<\/span><\/p>\n<p class=\"rvps6\">\n<p class=\"rvps8\"><span class=\"rvts8\"><b>Armazenamento:<\/b><\/span><\/p>\n<p class=\"rvps9\"><span class=\"rvts10\">Manter o equipamento em temperatura ambiente entre 10\u00a0<\/span><span class=\"rvts11\">\u2013<\/span><span class=\"rvts10\">\u00a040\u00b0C, em local seco e arejado.<\/span><\/p>\n<p class=\"rvps6\"><span class=\"rvts8\"><b>Apresenta\u00e7\u00e3o:<\/b><\/span><\/p>\n<p class=\"rvps10\"><span class=\"rvts9\">Cada caixa cont\u00e9m:<\/span><\/p>\n<p class=\"rvps11\">\u00b7\u00a0<span class=\"rvts9\">01 Microsc\u00f3pio;<\/span><\/p>\n<p class=\"rvps11\">\u00b7\u00a0<span class=\"rvts9\">02 Pares de oculares;<\/span><\/p>\n<p class=\"rvps11\">\u00b7\u00a0<span class=\"rvts9\">01 Capa protetora;<\/span><\/p>\n<p class=\"rvps11\">\u00b7\u00a0<span class=\"rvts9\">01 Filtro azul;<\/span><\/p>\n<p class=\"rvps11\">\u00b7\u00a0<span class=\"rvts9\">01 Filtro verde;<\/span><\/p>\n<p class=\"rvps11\">\u00b7\u00a0<span class=\"rvts9\">01 Chave;<\/span><\/p>\n<p class=\"rvps11\">\u00b7\u00a0<span class=\"rvts9\">01 \u00d3leo de imers\u00e3o;<\/span><\/p>\n<p class=\"rvps11\">\u00b7\u00a0<span class=\"rvts9\">01 Fus\u00edvel<\/span><\/p>\n<p class=\"rvps11\">\u00b7\u00a0<span class=\"rvts9\">01 Cabo padr\u00e3o ABNT;<\/span><\/p>\n<p class=\"rvps11\">\u00b7\u00a0<span class=\"rvts9\">01 Tubo Trinocular;<\/span><\/p>\n<p class=\"rvps11\">\u00b7\u00a0<span class=\"rvts9\">01 Adaptador C-mount (1x) para c\u00e2mera;<\/span><\/p>\n<p class=\"rvps11\">\u00b7\u00a0<span class=\"rvts9\">01 Manual de instru\u00e7\u00f5es.<\/span><\/p>\n<p class=\"rvps8\"><span class=\"rvts8\"><b>Registro ANVISA:<\/b><\/span><\/p>\n<p class=\"rvps8\">N\u00e3o pass\u00edvel de registro ANVISA.<\/p>\n<p><b><br \/>\nMODELO:\u00a0<\/b><span class=\"rvts9\">K55-OIT<\/span><\/p>\n<p class=\"rvps12\"><span class=\"rvts8\"><b>MARCA:\u00a0<\/b><\/span><span class=\"rvts9\">KASVI<\/span><\/p>\n","protected":false},"excerpt":{"rendered":"<p>MICROSCOPIO \u00d3TICA INFINITA (UIS) TRINOCULAR. UNIDADE &#8211; K55-OIT Aplica\u00e7\u00e3o: Os microsc\u00f3pios s\u00e3o utilizados para observa\u00e7\u00e3o de amostras microsc\u00f3picas atrav\u00e9s de um sistema de \u00f3tica infinita e que produzem imagens com&hellip;<\/p>\n","protected":false},"featured_media":3065,"comment_status":"open","ping_status":"closed","template":"","meta":{"content-type":""},"product_cat":[119,171],"product_tag":[],"class_list":{"0":"post-3060","1":"product","2":"type-product","3":"status-publish","4":"has-post-thumbnail","6":"product_cat-equipamentos","7":"product_cat-microscopia","9":"first","10":"instock","11":"shipping-taxable","12":"purchasable","13":"product-type-simple"},"jetpack-related-posts":[{"id":3066,"url":"https:\/\/antslab.com.br\/?product=microscopio-biologico-trinocular-invertido-k55-ivt","url_meta":{"origin":3060,"position":0},"title":"MICROSC\u00d3PIO BIOL\u00d3GICO TRINOCULAR INVERTIDO &#8211; K55-IVT","author":"antslab","date":"10 de agosto de 2023","format":false,"excerpt":"MICROSC\u00d3PIO BIOL\u00d3GICO TRINOCULAR INVERTIDO - K55-IVT Aplica\u00e7\u00e3o: O Microsc\u00f3pio invertido \u00e9 utilizado para observa\u00e7\u00e3o de amostras atrav\u00e9s de um sistema de \u00f3tica infinita e que produzem imagens com total nitidez em todo campo visual da amostra. Com o microsc\u00f3pio invertido, as c\u00e9lulas biol\u00f3gicas n\u00e3o precisavam ser coradas para serem ampliadas.\u2026","rel":"","context":"Post similar","block_context":{"text":"Post similar","link":""},"img":{"alt_text":"","src":"https:\/\/i0.wp.com\/antslab.com.br\/wp-content\/uploads\/2023\/08\/K55-IVT.jpg?fit=1200%2C1200&ssl=1&resize=350%2C200","width":350,"height":200},"classes":[]},{"id":3050,"url":"https:\/\/antslab.com.br\/?product=microscopio-basic-binocular-acromatico-k55-ba","url_meta":{"origin":3060,"position":1},"title":"MICROSC\u00d3PIO BASIC BINOCULAR ACROM\u00c1TICO &#8211; K55-BA","author":"antslab","date":"10 de agosto de 2023","format":false,"excerpt":"MICROSC\u00d3PIO BASIC BINOCULAR ACROM\u00c1TICO - K55-BA Aplica\u00e7\u00e3o: Utilizado para observa\u00e7\u00e3o de amostras microsc\u00f3picas. Caracter\u00edsticas: Cabe\u00e7ote Binocular Siedentopf, inclinado a 30 graus e com rota\u00e7\u00e3o 360\u00b0; Oculares de campo amplo WF10X (18 mm) e WF16X (11 mm) Rev\u00f3lver qu\u00e1druplo; Objetivas acrom\u00e1ticas 4X, 10X, 40X(S), 100X (S, \u00d3leo); Foco coaxial grosso e\u2026","rel":"","context":"Post similar","block_context":{"text":"Post similar","link":""},"img":{"alt_text":"","src":"https:\/\/i0.wp.com\/antslab.com.br\/wp-content\/uploads\/2023\/08\/K55-BA.jpg?fit=1200%2C1200&ssl=1&resize=350%2C200","width":350,"height":200},"classes":[]},{"id":2677,"url":"https:\/\/antslab.com.br\/?product=placa-de-petri-cultivo-celular","url_meta":{"origin":3060,"position":2},"title":"Placa de Petri  &#8211; Cultivo","author":"antslab","date":"22 de junho de 2023","format":false,"excerpt":"PLACA PARA CULTIVO DE C\u00c9LULAS 100 MM. 10 UN\/PCT - K13-0100 Descri\u00e7\u00e3o Aplica\u00e7\u00e3o: As Placas de Petri s\u00e3o ideais para produ\u00e7\u00e3o de c\u00e9lulas, pr\u00e9-tratamento, prepara\u00e7\u00e3o, crescimento celular, armazenamento de amostras etc. Caracter\u00edsticas: Fundo plano e paredes uniformes, livres de distor\u00e7\u00f5es; Superf\u00edcie tratada, lisa e livre de falhas para maximizar a\u2026","rel":"","context":"Post similar","block_context":{"text":"Post similar","link":""},"img":{"alt_text":"","src":"https:\/\/i0.wp.com\/antslab.com.br\/wp-content\/uploads\/2023\/06\/petri.jpg?fit=682%2C698&ssl=1&resize=350%2C200","width":350,"height":200},"classes":[]},{"id":3155,"url":"https:\/\/antslab.com.br\/?product=transiluminador","url_meta":{"origin":3060,"position":3},"title":"Transiluminador","author":"antslab","date":"21 de agosto de 2023","format":false,"excerpt":"TRANSILUMINADOR DE\u00a0LED Aplica\u00e7\u00e3o: Equipamento\u00a0 Transiluminador de LED \u00e9 utilizado para visualiza\u00e7\u00e3o de bandas de gel de agarose de amostras coradas com corante Safer KASVI ou SYBR Safe. O Transiluminador LED \u00e9 uma inova\u00e7\u00e3o na \u00e1rea de eletroforese, pois ao contr\u00e1rio dos transiluminadores convencionais com luz UV, a ilumina\u00e7\u00e3o de LED\u2026","rel":"","context":"Post similar","block_context":{"text":"Post similar","link":""},"img":{"alt_text":"","src":"https:\/\/i0.wp.com\/antslab.com.br\/wp-content\/uploads\/2023\/08\/K33-333.jpg?fit=1200%2C1200&ssl=1&resize=350%2C200","width":350,"height":200},"classes":[]},{"id":2923,"url":"https:\/\/antslab.com.br\/?product=rack-termoestavel","url_meta":{"origin":3060,"position":4},"title":"Rack &#8211; Termoest\u00e1vel","author":"antslab","date":"7 de agosto de 2023","format":false,"excerpt":"Aplica\u00e7\u00e3o: Os Racks Termoest\u00e1veis s\u00e3o utilizados em procedimentos em que as amostras devem ser mantidas a baixas\u00a0temperaturas, garantindo sua estabilidade. Caracter\u00edsticas: Fabricado em polipropileno; Capacidade para 96 microtubos de 0,1 e 0,2 mL ou uma microplaca de 96 po\u00e7os; Mant\u00e9m a amostra em temperaturas inferiores de -4\u00b0C por aproximadamente 4\u2026","rel":"","context":"Post similar","block_context":{"text":"Post similar","link":""},"img":{"alt_text":"","src":"https:\/\/i0.wp.com\/antslab.com.br\/wp-content\/uploads\/2023\/08\/K30-9602.jpg?fit=1000%2C1000&ssl=1&resize=350%2C200","width":350,"height":200},"classes":[]},{"id":2986,"url":"https:\/\/antslab.com.br\/?product=selador","url_meta":{"origin":3060,"position":5},"title":"Selador","author":"antslab","date":"8 de agosto de 2023","format":false,"excerpt":"Filme Selador Para Placas De Pcr E Qpcr. 100un\/Cx Aplica\u00e7\u00e3o: Filme adesivo\u00a0 para microplacas compat\u00edveis com PCR e\u00a0 PCR E em Tempo Real. Caracter\u00edsticas: Para placas de 96 po\u00e7os; Poli\u00e9ster de alta transpar\u00eancia; N\u00e3o Fluorescente; Dimens\u00f5es:\u00a079,4 x 142,9 mm; Abas laterais destac\u00e1veis; Resistente a temperaturas entre -40\u00b0C a 120\u00b0C; N\u00e3o\u2026","rel":"","context":"Post similar","block_context":{"text":"Post similar","link":""},"img":{"alt_text":"","src":"https:\/\/i0.wp.com\/antslab.com.br\/wp-content\/uploads\/2023\/08\/k8-6000.jpg?fit=1200%2C1200&ssl=1&resize=350%2C200","width":350,"height":200},"classes":[]}],"_links":{"self":[{"href":"https:\/\/antslab.com.br\/index.php?rest_route=\/wp\/v2\/product\/3060","targetHints":{"allow":["GET"]}}],"collection":[{"href":"https:\/\/antslab.com.br\/index.php?rest_route=\/wp\/v2\/product"}],"about":[{"href":"https:\/\/antslab.com.br\/index.php?rest_route=\/wp\/v2\/types\/product"}],"replies":[{"embeddable":true,"href":"https:\/\/antslab.com.br\/index.php?rest_route=%2Fwp%2Fv2%2Fcomments&post=3060"}],"wp:featuredmedia":[{"embeddable":true,"href":"https:\/\/antslab.com.br\/index.php?rest_route=\/wp\/v2\/media\/3065"}],"wp:attachment":[{"href":"https:\/\/antslab.com.br\/index.php?rest_route=%2Fwp%2Fv2%2Fmedia&parent=3060"}],"wp:term":[{"taxonomy":"product_cat","embeddable":true,"href":"https:\/\/antslab.com.br\/index.php?rest_route=%2Fwp%2Fv2%2Fproduct_cat&post=3060"},{"taxonomy":"product_tag","embeddable":true,"href":"https:\/\/antslab.com.br\/index.php?rest_route=%2Fwp%2Fv2%2Fproduct_tag&post=3060"}],"curies":[{"name":"wp","href":"https:\/\/api.w.org\/{rel}","templated":true}]}}