{"id":3005,"date":"2023-08-09T14:17:08","date_gmt":"2023-08-09T17:17:08","guid":{"rendered":"https:\/\/antslab.com.br\/?post_type=product&#038;p=3005"},"modified":"2026-03-15T12:14:42","modified_gmt":"2026-03-15T15:14:42","slug":"agitador-carrossel-velocidade-6-32rpm-110v-fl17-3210","status":"publish","type":"product","link":"https:\/\/antslab.com.br\/?product=agitador-carrossel-velocidade-6-32rpm-110v-fl17-3210","title":{"rendered":"Agitador Carrossel, Velocidade 6-32rpm. 110v &#8211; Fl17-3210"},"content":{"rendered":"<p>Agitador Carrossel, Velocidade 6-32rpm. 110v &#8211; Fl17-3210<\/p>\n<p><span class=\"rvts6\">Aplica\u00e7\u00e3o:<\/span><\/p>\n<p><span class=\"rvts7\">Ideal para agita\u00e7\u00e3o de tubos e coleta e centrifuga\u00e7\u00e3o.<\/span><\/p>\n<p><span class=\"rvts6\">Caracter\u00edsticas:<\/span><\/p>\n<ul>\n<li class=\"rvps6\"><span class=\"rvts7\">Agita\u00e7\u00e3o circular;<\/span><\/li>\n<li class=\"rvps6\"><span class=\"rvts7\">Disco para 24 tubos;<\/span><\/li>\n<\/ul>\n<ul>\n<li class=\"rvps7\"><span class=\"rvts8\">08 unidades de adaptadores 8mm(8x120mm)<\/span><\/li>\n<li class=\"rvps7\"><span class=\"rvts8\">08 unidades de adaptadores 13mm (13x75mm\/13x100mm)<\/span><\/li>\n<li class=\"rvps7\"><span class=\"rvts8\">08 unidades de adaptadores 16mm (16x100mm)<\/span><\/li>\n<\/ul>\n<ul>\n<li class=\"rvps6\"><span class=\"rvts7\">Velocidade vari\u00e1vel.<\/span><\/li>\n<\/ul>\n<p><span class=\"rvts6\">Informa\u00e7\u00f5es T\u00e9cnicas:<\/span><\/p>\n<p><span class=\"rvts6\">Especifica\u00e7\u00f5es \u00a0 \u00a0 \u00a0 \u00a0 \u00a0 \u00a0 \u00a0 \u00a0 \u00a0 \u00a0 \u00a0 \u00a0Descri\u00e7\u00f5es<\/span><\/p>\n<p><span class=\"rvts7\">Movimento \u00a0 \u00a0 \u00a0 \u00a0 \u00a0 \u00a0 \u00a0 \u00a0 \u00a0 \u00a0 \u00a0 \u00a0Circular \u00a0 \u00a0 \u00a0 \u00a0 \u00a0 \u00a0 \u00a0 \u00a0<\/span><\/p>\n<p><span class=\"rvts7\">Velocidade \u00a0 \u00a0 \u00a0 \u00a0 \u00a0 \u00a0 \u00a0 \u00a0 \u00a0 \u00a0 \u00a0 \u00a06-32RPM<\/span><\/p>\n<p><span class=\"rvts7\">Angulo de Agita\u00e7\u00e3o \u00a0 \u00a0 \u00a0 \u00a0 \u00a0 \u00a0 \u00a0 \u00a038<\/span><span class=\"rvts9\">\u00b0<\/span><\/p>\n<p><span class=\"rvts7\">Dimens\u00f5es \u00a0 \u00a0 \u00a0 \u00a0 \u00a0 \u00a0 \u00a0 \u00a0 \u00a0 \u00a0 \u00a0 \u00a0300 x 188 x 430mm<\/span><\/p>\n<p><span class=\"rvts7\">Tens\u00e3o \u00a0 \u00a0 \u00a0 \u00a0 \u00a0 \u00a0 \u00a0 \u00a0 \u00a0 \u00a0 \u00a0 \u00a0 \u00a0 \u00a0 \u00a0 \u00a0AC 110V<\/span><\/p>\n<p><span class=\"rvts7\">Pot\u00eancia \u00a0 \u00a0 \u00a0 \u00a0 \u00a0 \u00a0 \u00a0 \u00a0 \u00a0 \u00a0 \u00a0 \u00a010w<\/span><\/p>\n<p><span class=\"rvts7\">Peso \u00a0 \u00a0 \u00a0 \u00a0 \u00a0 \u00a0 \u00a0 \u00a0 \u00a0 \u00a0 \u00a0 \u00a0 \u00a0 \u00a0 \u00a0 \u00a02,6Kg<\/span><\/p>\n<p><span class=\"rvts6\">Registro ANVISA:<\/span><\/p>\n<p><span class=\"rvts7\">81628880036<\/span><\/p>\n<p><span class=\"rvts6\">Apresenta\u00e7\u00e3o:<\/span><\/p>\n<ul>\n<li class=\"rvps6\"><span class=\"rvts7\">1 Equipamento, de acordo com o modelo;<\/span><\/li>\n<li class=\"rvps6\"><span class=\"rvts7\">1 Cabo de Energia AC;<\/span><\/li>\n<li class=\"rvps6\"><span class=\"rvts7\">1 Plataforma;<\/span><\/li>\n<li class=\"rvps6\"><span class=\"rvts7\">1 Manual<\/span><\/li>\n<\/ul>\n<p><span class=\"rvts6\">Modelo:\u00a0<\/span><span class=\"rvts7\">FL17-3210<\/span><\/p>\n<p><span class=\"rvts6\">Marca:<\/span><span class=\"rvts7\">\u00a0Firstlab<\/span><\/p>\n","protected":false},"excerpt":{"rendered":"<p>Agitador Carrossel, Velocidade 6-32rpm. 110v &#8211; Fl17-3210 Aplica\u00e7\u00e3o: Ideal para agita\u00e7\u00e3o de tubos e coleta e centrifuga\u00e7\u00e3o. Caracter\u00edsticas: Agita\u00e7\u00e3o circular; Disco para 24 tubos; 08 unidades de adaptadores 8mm(8x120mm) 08&hellip;<\/p>\n","protected":false},"featured_media":3011,"comment_status":"open","ping_status":"closed","template":"","meta":{"content-type":""},"product_cat":[129,119],"product_tag":[],"class_list":{"0":"post-3005","1":"product","2":"type-product","3":"status-publish","4":"has-post-thumbnail","6":"product_cat-agitadores","7":"product_cat-equipamentos","9":"first","10":"instock","11":"shipping-taxable","12":"purchasable","13":"product-type-variable"},"jetpack-related-posts":[{"id":3001,"url":"https:\/\/antslab.com.br\/?product=agitador-basic-gangorra-velocidade-15-rpm-110v-k45-1510","url_meta":{"origin":3005,"position":0},"title":"AGITADOR BASIC GANGORRA, VELOCIDADE 15 RPM. 110V &#8211; K45-1510","author":"antslab","date":"9 de agosto de 2023","format":false,"excerpt":"AGITADOR BASIC GANGORRA, VELOCIDADE 15 RPM. 110V - K45-1510 Aplica\u00e7\u00e3o: Ideal para agita\u00e7\u00e3o de tubos de coleta e centrifuga\u00e7\u00e3o. Caracter\u00edsticas: Agita\u00e7\u00e3o tipo gangorra; Plataforma plana; Velocidade fixa. Informa\u00e7\u00f5es T\u00e9cnicas: Especifica\u00e7\u00f5es Descri\u00e7\u00e3o Movimento Gangorra Velocidade 15 rpm \u00c2ngulo de Agita\u00e7\u00e3o 25\u00b0 Dimens\u00f5es 346 X 196 X 95 mm Tens\u00e3o AC 110\u2026","rel":"","context":"Post similar","block_context":{"text":"Post similar","link":""},"img":{"alt_text":"","src":"https:\/\/i0.wp.com\/antslab.com.br\/wp-content\/uploads\/2023\/08\/K45-1520.jpg?fit=500%2C500&ssl=1&resize=350%2C200","width":350,"height":200},"classes":[]},{"id":2996,"url":"https:\/\/antslab.com.br\/?product=agitador-basic-3d-velocidade-20-rpm-110-v-k45-4010","url_meta":{"origin":3005,"position":1},"title":"AGITADOR BASIC 3D, VELOCIDADE 20 RPM. 110 V &#8211; K45-4010","author":"antslab","date":"9 de agosto de 2023","format":false,"excerpt":"AGITADOR BASIC 3D, VELOCIDADE 20 RPM. 110 V - K45-4010 Aplica\u00e7\u00e3o: Ideal para agita\u00e7\u00e3o de tubos de coleta e centrifuga\u00e7\u00e3o. \u00a0Caracter\u00edsticas: Agita\u00e7\u00e3o tridimensional; Velocidade fixa; Plataforma plana. Informa\u00e7\u00f5es T\u00e9cnicas: Especifica\u00e7\u00f5es Descri\u00e7\u00e3o Movimento Tridimensional Velocidade 20 rpm \u00c2ngulo de Agita\u00e7\u00e3o 20\u00b0 Dimens\u00f5es 240 X 170 X 150 mm Tens\u00e3o AC 110\u2026","rel":"","context":"Post similar","block_context":{"text":"Post similar","link":""},"img":{"alt_text":"","src":"https:\/\/i0.wp.com\/antslab.com.br\/wp-content\/uploads\/2023\/08\/K45-4010.jpg?fit=500%2C500&ssl=1&resize=350%2C200","width":350,"height":200},"classes":[]},{"id":3015,"url":"https:\/\/antslab.com.br\/?product=agitador-magnetico-sem-aquecimento-analogico-110v-k40-1811","url_meta":{"origin":3005,"position":2},"title":"Agitador Magn\u00e9tico Sem Aquecimento Anal\u00f3gico. 110v &#8211; K40-1811","author":"antslab","date":"9 de agosto de 2023","format":false,"excerpt":"Agitador Magn\u00e9tico Sem Aquecimento Anal\u00f3gico. 110v - K40-1811 Aplica\u00e7\u00e3o: Ideal para\u00a0agitar solu\u00e7\u00f5es ou l\u00edquidos utilizada em conjunto com a barra magn\u00e9tica. Caracter\u00edsticas: Material dur\u00e1vel e resistente; Velocidade de agita\u00e7\u00e3o uniforme; Controle anal\u00f3gico de agita\u00e7\u00e3o; Material do corpo: ABS Plataforma em cer\u00e2mica. Informa\u00e7\u00f5es T\u00e9cnicas Especifica\u00e7\u00f5es\u00a0\u00a0\u00a0\u00a0\u00a0\u00a0\u00a0\u00a0\u00a0\u00a0\u00a0\u00a0\u00a0\u00a0\u00a0\u00a0\u00a0\u00a0\u00a0\u00a0\u00a0\u00a0\u00a0\u00a0\u00a0\u00a0\u00a0\u00a0\u00a0\u00a0\u00a0\u00a0\u00a0\u00a0\u00a0\u00a0\u00a0\u00a0\u00a0\u00a0\u00a0\u00a0\u00a0\u00a0\u00a0\u00a0\u00a0\u00a0\u00a0\u00a0\u00a0\u00a0\u00a0\u00a0\u00a0\u00a0\u00a0\u00a0\u00a0\u00a0\u00a0\u00a0\u00a0\u00a0\u00a0\u00a0\u00a0\u00a0\u00a0\u00a0\u00a0\u00a0\u00a0\u00a0\u00a0 Descri\u00e7\u00e3o Velocidade de agita\u00e7\u00e3o\u00a0\u00a0\u00a0\u00a0\u00a0\u00a0\u00a0\u00a0\u00a0\u00a0\u00a0\u00a0\u00a0\u00a0\u00a0\u00a0\u00a0\u00a0\u00a0\u00a0\u00a0\u00a0\u00a0\u00a0\u00a0\u00a0\u00a0\u00a0\u00a0\u00a0\u00a0\u00a0\u00a0\u00a0\u00a0\u00a0\u00a0\u00a0\u00a0\u00a0\u00a0\u00a0\u00a0\u00a0\u00a0\u00a0\u00a0\u00a0\u00a0\u00a0\u00a0\u00a0\u00a0\u00a0\u00a0\u00a0\u00a0\u00a0 0-1600 rpm\u2026","rel":"","context":"Post similar","block_context":{"text":"Post similar","link":""},"img":{"alt_text":"","src":"https:\/\/i0.wp.com\/antslab.com.br\/wp-content\/uploads\/2023\/08\/K40-1811.jpg?fit=1200%2C1200&ssl=1&resize=350%2C200","width":350,"height":200},"classes":[]},{"id":2659,"url":"https:\/\/antslab.com.br\/?product=tubo-de-centrifugacao","url_meta":{"origin":3005,"position":3},"title":"TUBO DE CENTRIFUGA\u00c7\u00c3O","author":"antslab","date":"22 de junho de 2023","format":false,"excerpt":"Descri\u00e7\u00e3o Aplica\u00e7\u00e3o: Tubos de Centrifuga\u00e7\u00e3o s\u00e3o utilizados para centrifuga\u00e7\u00e3o e armazenamento de amostras ou solu\u00e7\u00f5es. Caracter\u00edsticas: Fabricado em polipropileno; Tampa alongada \u00e0 prova de vazamentos; Gradua\u00e7\u00e3o e \u00e1rea de marca\u00e7\u00e3o lateral resistentes a clorof\u00f3rmio; Livre de DNase, RNase e pirog\u00eanio; Esterilizado por radia\u00e7\u00e3o gama; Autoclav\u00e1vel: 121\u00b0C, 15 PSI, 15min. Informa\u00e7\u00f5es\u2026","rel":"","context":"Post similar","block_context":{"text":"Post similar","link":""},"img":{"alt_text":"","src":"https:\/\/i0.wp.com\/antslab.com.br\/wp-content\/uploads\/2023\/06\/Tubo-falcon.png?fit=890%2C888&ssl=1&resize=350%2C200","width":350,"height":200},"classes":[]},{"id":3060,"url":"https:\/\/antslab.com.br\/?product=microscopio-otica-infinita-uis-trinocular-unidade-k55-oit","url_meta":{"origin":3005,"position":4},"title":"MICROSCOPIO \u00d3TICA INFINITA (UIS) TRINOCULAR. UNIDADE &#8211; K55-OIT","author":"antslab","date":"10 de agosto de 2023","format":false,"excerpt":"MICROSCOPIO \u00d3TICA INFINITA (UIS) TRINOCULAR. UNIDADE - K55-OIT Aplica\u00e7\u00e3o: Os microsc\u00f3pios s\u00e3o utilizados para observa\u00e7\u00e3o de amostras microsc\u00f3picas atrav\u00e9s de um sistema de \u00f3tica infinita e que produzem imagens com total nitidez em todo campo visual da amostra. \u00a0 Caracter\u00edsticas: \u00b7\u00a0\u00a0\u00a0\u00a0\u00a0\u00a0\u00a0\u00a0\u00a0\u00a0\u00a0\u00a0\u00a0\u00a0\u00a0\u00a0\u00a0\u00a0\u00a0\u00a0Cabe\u00e7ote Binocular Siedentopf, inclinado a 30 graus e com rota\u00e7\u00e3o\u2026","rel":"","context":"Post similar","block_context":{"text":"Post similar","link":""},"img":{"alt_text":"","src":"https:\/\/i0.wp.com\/antslab.com.br\/wp-content\/uploads\/2023\/08\/K55-OIT.jpg?fit=1200%2C1200&ssl=1&resize=350%2C200","width":350,"height":200},"classes":[]},{"id":2696,"url":"https:\/\/antslab.com.br\/?product=vortex-multifuncional-0-3-300-rpm-220-v-k40-1020","url_meta":{"origin":3005,"position":5},"title":"VORTEX MULTIFUNCIONAL. 0 \u2013 3.300 RPM. 220 V &#8211; K40-1020","author":"antslab","date":"23 de junho de 2023","format":false,"excerpt":"Aplica\u00e7\u00e3o: O Vortex Multifuncional \u00e9 ideal para homogeneiza\u00e7\u00e3o de solu\u00e7\u00f5es atrav\u00e9s de movimenta\u00e7\u00e3o orbital de alta velocidade. \u00a0Caracter\u00edsticas: Dois modos de trabalho \u201cToque\u201d ou \u201cCont\u00ednuo\u201d; Velocidade ajust\u00e1vel; Plataformas intercambi\u00e1veis dispon\u00edveis: Plataforma C\u00f4nica; Plataforma Plana (\u00d876mm); Corpo em alum\u00ednio com pintura eletrost\u00e1tica; Base em a\u00e7o para maior estabilidade; Certificado CE e\u2026","rel":"","context":"Post similar","block_context":{"text":"Post similar","link":""},"img":{"alt_text":"","src":"https:\/\/i0.wp.com\/antslab.com.br\/wp-content\/uploads\/2023\/06\/K40-1020.jpg?fit=500%2C500&ssl=1&resize=350%2C200","width":350,"height":200},"classes":[]}],"_links":{"self":[{"href":"https:\/\/antslab.com.br\/index.php?rest_route=\/wp\/v2\/product\/3005","targetHints":{"allow":["GET"]}}],"collection":[{"href":"https:\/\/antslab.com.br\/index.php?rest_route=\/wp\/v2\/product"}],"about":[{"href":"https:\/\/antslab.com.br\/index.php?rest_route=\/wp\/v2\/types\/product"}],"replies":[{"embeddable":true,"href":"https:\/\/antslab.com.br\/index.php?rest_route=%2Fwp%2Fv2%2Fcomments&post=3005"}],"wp:featuredmedia":[{"embeddable":true,"href":"https:\/\/antslab.com.br\/index.php?rest_route=\/wp\/v2\/media\/3011"}],"wp:attachment":[{"href":"https:\/\/antslab.com.br\/index.php?rest_route=%2Fwp%2Fv2%2Fmedia&parent=3005"}],"wp:term":[{"taxonomy":"product_cat","embeddable":true,"href":"https:\/\/antslab.com.br\/index.php?rest_route=%2Fwp%2Fv2%2Fproduct_cat&post=3005"},{"taxonomy":"product_tag","embeddable":true,"href":"https:\/\/antslab.com.br\/index.php?rest_route=%2Fwp%2Fv2%2Fproduct_tag&post=3005"}],"curies":[{"name":"wp","href":"https:\/\/api.w.org\/{rel}","templated":true}]}}