{"id":2996,"date":"2023-08-09T13:47:05","date_gmt":"2023-08-09T16:47:05","guid":{"rendered":"https:\/\/antslab.com.br\/?post_type=product&#038;p=2996"},"modified":"2025-09-15T04:12:51","modified_gmt":"2025-09-15T07:12:51","slug":"agitador-basic-3d-velocidade-20-rpm-110-v-k45-4010","status":"publish","type":"product","link":"https:\/\/antslab.com.br\/?product=agitador-basic-3d-velocidade-20-rpm-110-v-k45-4010","title":{"rendered":"AGITADOR BASIC 3D, VELOCIDADE 20 RPM. 110 V &#8211; K45-4010"},"content":{"rendered":"<h1>AGITADOR BASIC 3D, VELOCIDADE 20 RPM. 110 V &#8211; K45-4010<\/h1>\n<p><strong>Aplica\u00e7\u00e3o:<\/strong><\/p>\n<p>Ideal para agita\u00e7\u00e3o de tubos de coleta e centrifuga\u00e7\u00e3o.<\/p>\n<p><strong>\u00a0Caracter\u00edsticas:<\/strong><\/p>\n<p>Agita\u00e7\u00e3o tridimensional;<br \/>\nVelocidade fixa;<br \/>\nPlataforma plana.<\/p>\n<p><strong>Informa\u00e7\u00f5es T\u00e9cnicas:<\/strong><\/p>\n<p>Especifica\u00e7\u00f5es Descri\u00e7\u00e3o<\/p>\n<p>Movimento Tridimensional<\/p>\n<p>Velocidade 20 rpm<\/p>\n<p>\u00c2ngulo de Agita\u00e7\u00e3o 20\u00b0<\/p>\n<p>Dimens\u00f5es 240 X 170 X 150 mm<\/p>\n<p>Tens\u00e3o AC 110 V<\/p>\n<p>Pot\u00eancia 6 W<\/p>\n<p>Carga M\u00e1xima 0,8 kg<\/p>\n<p><strong>Registro ANVISA:<\/strong><\/p>\n<p>80298490126<\/p>\n<p><strong>\u00a0Apresenta\u00e7\u00e3o:<\/strong><\/p>\n<p>1 Equipamento, de acordo com o modelo escolhido;<br \/>\n1 Cabo de Energia AC;<br \/>\n1 Plataforma;<br \/>\n1 Manual do Usu\u00e1rio.<\/p>\n<p><strong>MODELO: K45-4010<\/strong><\/p>\n<p><strong>MARCA: KASVI<\/strong><\/p>\n","protected":false},"excerpt":{"rendered":"<p>AGITADOR BASIC 3D, VELOCIDADE 20 RPM. 110 V &#8211; K45-4010 Aplica\u00e7\u00e3o: Ideal para agita\u00e7\u00e3o de tubos de coleta e centrifuga\u00e7\u00e3o. \u00a0Caracter\u00edsticas: Agita\u00e7\u00e3o tridimensional; Velocidade fixa; Plataforma plana. Informa\u00e7\u00f5es T\u00e9cnicas: Especifica\u00e7\u00f5es&hellip;<\/p>\n","protected":false},"featured_media":2997,"comment_status":"open","ping_status":"closed","template":"","meta":{"content-type":""},"product_cat":[129,119],"product_tag":[],"class_list":{"0":"post-2996","1":"product","2":"type-product","3":"status-publish","4":"has-post-thumbnail","6":"product_cat-agitadores","7":"product_cat-equipamentos","9":"first","10":"instock","11":"shipping-taxable","12":"purchasable","13":"product-type-variable"},"jetpack-related-posts":[{"id":3001,"url":"https:\/\/antslab.com.br\/?product=agitador-basic-gangorra-velocidade-15-rpm-110v-k45-1510","url_meta":{"origin":2996,"position":0},"title":"AGITADOR BASIC GANGORRA, VELOCIDADE 15 RPM. 110V &#8211; K45-1510","author":"antslab","date":"9 de agosto de 2023","format":false,"excerpt":"AGITADOR BASIC GANGORRA, VELOCIDADE 15 RPM. 110V - K45-1510 Aplica\u00e7\u00e3o: Ideal para agita\u00e7\u00e3o de tubos de coleta e centrifuga\u00e7\u00e3o. Caracter\u00edsticas: Agita\u00e7\u00e3o tipo gangorra; Plataforma plana; Velocidade fixa. Informa\u00e7\u00f5es T\u00e9cnicas: Especifica\u00e7\u00f5es Descri\u00e7\u00e3o Movimento Gangorra Velocidade 15 rpm \u00c2ngulo de Agita\u00e7\u00e3o 25\u00b0 Dimens\u00f5es 346 X 196 X 95 mm Tens\u00e3o AC 110\u2026","rel":"","context":"Post similar","block_context":{"text":"Post similar","link":""},"img":{"alt_text":"","src":"https:\/\/i0.wp.com\/antslab.com.br\/wp-content\/uploads\/2023\/08\/K45-1520.jpg?fit=500%2C500&ssl=1&resize=350%2C200","width":350,"height":200},"classes":[]},{"id":3015,"url":"https:\/\/antslab.com.br\/?product=agitador-magnetico-sem-aquecimento-analogico-110v-k40-1811","url_meta":{"origin":2996,"position":1},"title":"Agitador Magn\u00e9tico Sem Aquecimento Anal\u00f3gico. 110v &#8211; K40-1811","author":"antslab","date":"9 de agosto de 2023","format":false,"excerpt":"Agitador Magn\u00e9tico Sem Aquecimento Anal\u00f3gico. 110v - K40-1811 Aplica\u00e7\u00e3o: Ideal para\u00a0agitar solu\u00e7\u00f5es ou l\u00edquidos utilizada em conjunto com a barra magn\u00e9tica. Caracter\u00edsticas: Material dur\u00e1vel e resistente; Velocidade de agita\u00e7\u00e3o uniforme; Controle anal\u00f3gico de agita\u00e7\u00e3o; Material do corpo: ABS Plataforma em cer\u00e2mica. Informa\u00e7\u00f5es T\u00e9cnicas Especifica\u00e7\u00f5es\u00a0\u00a0\u00a0\u00a0\u00a0\u00a0\u00a0\u00a0\u00a0\u00a0\u00a0\u00a0\u00a0\u00a0\u00a0\u00a0\u00a0\u00a0\u00a0\u00a0\u00a0\u00a0\u00a0\u00a0\u00a0\u00a0\u00a0\u00a0\u00a0\u00a0\u00a0\u00a0\u00a0\u00a0\u00a0\u00a0\u00a0\u00a0\u00a0\u00a0\u00a0\u00a0\u00a0\u00a0\u00a0\u00a0\u00a0\u00a0\u00a0\u00a0\u00a0\u00a0\u00a0\u00a0\u00a0\u00a0\u00a0\u00a0\u00a0\u00a0\u00a0\u00a0\u00a0\u00a0\u00a0\u00a0\u00a0\u00a0\u00a0\u00a0\u00a0\u00a0\u00a0\u00a0\u00a0 Descri\u00e7\u00e3o Velocidade de agita\u00e7\u00e3o\u00a0\u00a0\u00a0\u00a0\u00a0\u00a0\u00a0\u00a0\u00a0\u00a0\u00a0\u00a0\u00a0\u00a0\u00a0\u00a0\u00a0\u00a0\u00a0\u00a0\u00a0\u00a0\u00a0\u00a0\u00a0\u00a0\u00a0\u00a0\u00a0\u00a0\u00a0\u00a0\u00a0\u00a0\u00a0\u00a0\u00a0\u00a0\u00a0\u00a0\u00a0\u00a0\u00a0\u00a0\u00a0\u00a0\u00a0\u00a0\u00a0\u00a0\u00a0\u00a0\u00a0\u00a0\u00a0\u00a0\u00a0\u00a0 0-1600 rpm\u2026","rel":"","context":"Post similar","block_context":{"text":"Post similar","link":""},"img":{"alt_text":"","src":"https:\/\/i0.wp.com\/antslab.com.br\/wp-content\/uploads\/2023\/08\/K40-1811.jpg?fit=1200%2C1200&ssl=1&resize=350%2C200","width":350,"height":200},"classes":[]},{"id":3005,"url":"https:\/\/antslab.com.br\/?product=agitador-carrossel-velocidade-6-32rpm-110v-fl17-3210","url_meta":{"origin":2996,"position":2},"title":"Agitador Carrossel, Velocidade 6-32rpm. 110v &#8211; Fl17-3210","author":"antslab","date":"9 de agosto de 2023","format":false,"excerpt":"Agitador Carrossel, Velocidade 6-32rpm. 110v - Fl17-3210 Aplica\u00e7\u00e3o: Ideal para agita\u00e7\u00e3o de tubos e coleta e centrifuga\u00e7\u00e3o. Caracter\u00edsticas: Agita\u00e7\u00e3o circular; Disco para 24 tubos; 08 unidades de adaptadores 8mm(8x120mm) 08 unidades de adaptadores 13mm (13x75mm\/13x100mm) 08 unidades de adaptadores 16mm (16x100mm) Velocidade vari\u00e1vel. Informa\u00e7\u00f5es T\u00e9cnicas: Especifica\u00e7\u00f5es \u00a0 \u00a0 \u00a0 \u00a0\u2026","rel":"","context":"Post similar","block_context":{"text":"Post similar","link":""},"img":{"alt_text":"","src":"https:\/\/i0.wp.com\/antslab.com.br\/wp-content\/uploads\/2023\/08\/FL17-3220.jpg?fit=700%2C700&ssl=1&resize=350%2C200","width":350,"height":200},"classes":[]},{"id":2696,"url":"https:\/\/antslab.com.br\/?product=vortex-multifuncional-0-3-300-rpm-220-v-k40-1020","url_meta":{"origin":2996,"position":3},"title":"VORTEX MULTIFUNCIONAL. 0 \u2013 3.300 RPM. 220 V &#8211; K40-1020","author":"antslab","date":"23 de junho de 2023","format":false,"excerpt":"Aplica\u00e7\u00e3o: O Vortex Multifuncional \u00e9 ideal para homogeneiza\u00e7\u00e3o de solu\u00e7\u00f5es atrav\u00e9s de movimenta\u00e7\u00e3o orbital de alta velocidade. \u00a0Caracter\u00edsticas: Dois modos de trabalho \u201cToque\u201d ou \u201cCont\u00ednuo\u201d; Velocidade ajust\u00e1vel; Plataformas intercambi\u00e1veis dispon\u00edveis: Plataforma C\u00f4nica; Plataforma Plana (\u00d876mm); Corpo em alum\u00ednio com pintura eletrost\u00e1tica; Base em a\u00e7o para maior estabilidade; Certificado CE e\u2026","rel":"","context":"Post similar","block_context":{"text":"Post similar","link":""},"img":{"alt_text":"","src":"https:\/\/i0.wp.com\/antslab.com.br\/wp-content\/uploads\/2023\/06\/K40-1020.jpg?fit=500%2C500&ssl=1&resize=350%2C200","width":350,"height":200},"classes":[]},{"id":3155,"url":"https:\/\/antslab.com.br\/?product=transiluminador","url_meta":{"origin":2996,"position":4},"title":"Transiluminador","author":"antslab","date":"21 de agosto de 2023","format":false,"excerpt":"TRANSILUMINADOR DE\u00a0LED Aplica\u00e7\u00e3o: Equipamento\u00a0 Transiluminador de LED \u00e9 utilizado para visualiza\u00e7\u00e3o de bandas de gel de agarose de amostras coradas com corante Safer KASVI ou SYBR Safe. O Transiluminador LED \u00e9 uma inova\u00e7\u00e3o na \u00e1rea de eletroforese, pois ao contr\u00e1rio dos transiluminadores convencionais com luz UV, a ilumina\u00e7\u00e3o de LED\u2026","rel":"","context":"Post similar","block_context":{"text":"Post similar","link":""},"img":{"alt_text":"","src":"https:\/\/i0.wp.com\/antslab.com.br\/wp-content\/uploads\/2023\/08\/K33-333.jpg?fit=1200%2C1200&ssl=1&resize=350%2C200","width":350,"height":200},"classes":[]},{"id":2773,"url":"https:\/\/antslab.com.br\/?product=destilador-de-agua-tipo-pilsen-ssdest","url_meta":{"origin":2996,"position":5},"title":"DESTILADOR DE \u00c1GUA &#8211; TIPO (PILSEN) &#8211; SOLIDSTEEL","author":"antslab","date":"5 de julho de 2023","format":false,"excerpt":"Aplica\u00e7\u00e3o:\u00a0 O destilador de \u00e1gua tipo Pilsen foi desenvolvido para uso em laborat\u00f3rios e outros segmentos que necessitam de \u00e1gua destilada com elevada pureza e baixo teor de sais. Caracter\u00edsticas:\u00a0 Constru\u00eddo em a\u00e7o inox AISI 304, inclusive a tampa; Controle el\u00e9trico com chave liga\/desliga e l\u00e2mpada piloto acoplada ao gabinete\u2026","rel":"","context":"Post similar","block_context":{"text":"Post similar","link":""},"img":{"alt_text":"","src":"https:\/\/i0.wp.com\/antslab.com.br\/wp-content\/uploads\/2023\/07\/ssdest.jpg?fit=940%2C788&ssl=1&resize=350%2C200","width":350,"height":200},"classes":[]}],"_links":{"self":[{"href":"https:\/\/antslab.com.br\/index.php?rest_route=\/wp\/v2\/product\/2996","targetHints":{"allow":["GET"]}}],"collection":[{"href":"https:\/\/antslab.com.br\/index.php?rest_route=\/wp\/v2\/product"}],"about":[{"href":"https:\/\/antslab.com.br\/index.php?rest_route=\/wp\/v2\/types\/product"}],"replies":[{"embeddable":true,"href":"https:\/\/antslab.com.br\/index.php?rest_route=%2Fwp%2Fv2%2Fcomments&post=2996"}],"wp:featuredmedia":[{"embeddable":true,"href":"https:\/\/antslab.com.br\/index.php?rest_route=\/wp\/v2\/media\/2997"}],"wp:attachment":[{"href":"https:\/\/antslab.com.br\/index.php?rest_route=%2Fwp%2Fv2%2Fmedia&parent=2996"}],"wp:term":[{"taxonomy":"product_cat","embeddable":true,"href":"https:\/\/antslab.com.br\/index.php?rest_route=%2Fwp%2Fv2%2Fproduct_cat&post=2996"},{"taxonomy":"product_tag","embeddable":true,"href":"https:\/\/antslab.com.br\/index.php?rest_route=%2Fwp%2Fv2%2Fproduct_tag&post=2996"}],"curies":[{"name":"wp","href":"https:\/\/api.w.org\/{rel}","templated":true}]}}