{"id":2986,"date":"2023-08-08T14:24:44","date_gmt":"2023-08-08T17:24:44","guid":{"rendered":"https:\/\/antslab.com.br\/?post_type=product&#038;p=2986"},"modified":"2025-09-17T15:49:16","modified_gmt":"2025-09-17T18:49:16","slug":"selador","status":"publish","type":"product","link":"https:\/\/antslab.com.br\/?product=selador","title":{"rendered":"Selador"},"content":{"rendered":"<p>Filme Selador Para Placas De Pcr E Qpcr. 100un\/Cx<\/p>\n<p class=\"rvps6\"><span class=\"rvts6\">Aplica\u00e7\u00e3o:<\/span><\/p>\n<p class=\"rvps6\"><span class=\"rvts7\">Filme adesivo\u00a0 para microplacas compat\u00edveis com PCR e\u00a0 PCR E em Tempo Real.<\/span><\/p>\n<p class=\"rvps6\"><span class=\"rvts6\">Caracter\u00edsticas:<\/span><\/p>\n<ul>\n<li class=\"rvps7\"><span class=\"rvts7\">Para placas de 96 po\u00e7os;<\/span><\/li>\n<li class=\"rvps7\"><span class=\"rvts7\">Poli\u00e9ster de alta transpar\u00eancia;<\/span><\/li>\n<li class=\"rvps7\"><span class=\"rvts7\">N\u00e3o Fluorescente;<\/span><\/li>\n<li class=\"rvps7\"><span class=\"rvts7\">Dimens\u00f5es:<\/span><span class=\"rvts6\">\u00a0<\/span><span class=\"rvts7\">79,4 x 142,9 mm;<\/span><\/li>\n<li class=\"rvps7\"><span class=\"rvts7\">Abas laterais destac\u00e1veis;<\/span><\/li>\n<li class=\"rvps7\"><span class=\"rvts7\">Resistente a temperaturas entre -40\u00b0C a 120\u00b0C;<\/span><\/li>\n<li class=\"rvps7\"><span class=\"rvts7\">N\u00e3o absorve luz;<\/span><\/li>\n<li class=\"rvps7\"><span class=\"rvts7\">Livre de DNA, DNase, RNase e pirog\u00eanios;<\/span><\/li>\n<li class=\"rvps7\"><span class=\"rvts7\">N\u00e3o autoclav\u00e1vel.<\/span><\/li>\n<\/ul>\n<p class=\"rvps6\"><span class=\"rvts6\">Registro ANVISA:<\/span><\/p>\n<p class=\"rvps6\"><span class=\"rvts7\">N\u00e3o aplic\u00e1vel.<\/span><\/p>\n<p class=\"rvps6\"><span class=\"rvts6\">Apresenta\u00e7\u00e3o:<\/span><\/p>\n<p class=\"rvps6\"><span class=\"rvts7\">Caixa com 100 unidades.<\/span><\/p>\n<p class=\"rvps8\"><span class=\"rvts6\">MODELO:\u00a0<\/span><span class=\"rvts7\">K8-6000<\/span><\/p>\n<p class=\"rvps8\"><span class=\"rvts6\">MARCA:\u00a0<\/span><span class=\"rvts7\">KASVI<\/span><\/p>\n","protected":false},"excerpt":{"rendered":"<p>Filme Selador Para Placas De Pcr E Qpcr. 100un\/Cx Aplica\u00e7\u00e3o: Filme adesivo\u00a0 para microplacas compat\u00edveis com PCR e\u00a0 PCR E em Tempo Real. Caracter\u00edsticas: Para placas de 96 po\u00e7os; Poli\u00e9ster&hellip;<\/p>\n","protected":false},"featured_media":2991,"comment_status":"open","ping_status":"closed","template":"","meta":{"content-type":""},"product_cat":[127,156],"product_tag":[],"class_list":{"0":"post-2986","1":"product","2":"type-product","3":"status-publish","4":"has-post-thumbnail","6":"product_cat-biologia-molecular","7":"product_cat-selador","9":"first","10":"instock","11":"shipping-taxable","12":"purchasable","13":"product-type-variable"},"jetpack-related-posts":[{"id":2753,"url":"https:\/\/antslab.com.br\/?product=microplaca-qpcr-sem-borda-96-pocos-regular-profile-25-un-pct-k7-9620","url_meta":{"origin":2986,"position":0},"title":"MICROPLACA QPCR SEM BORDA 96 PO\u00c7OS REGULAR PROFILE. 25 UN\/PCT. K7-9620","author":"antslab","date":"4 de julho de 2023","format":false,"excerpt":"Aplica\u00e7\u00e3o: Microplaca qPCR T sem borda 96 po\u00e7os regular profile \u00e9 utilizada em termocicladores nas rotinas de PCR em tempo real. Caracter\u00edsticas: Regular profile; Transparente; Est\u00e9reis por radia\u00e7\u00e3o gama; Pode ser cortada em tamanhos menores; Paredes finas na parte inferior permitem m\u00e1xima transfer\u00eancia de calor; Volume m\u00e1ximo de trabalho da\u2026","rel":"","context":"Post similar","block_context":{"text":"Post similar","link":""},"img":{"alt_text":"","src":"https:\/\/i0.wp.com\/antslab.com.br\/wp-content\/uploads\/2023\/07\/K7-9620.jpg?fit=500%2C500&ssl=1&resize=350%2C200","width":350,"height":200},"classes":[]},{"id":2835,"url":"https:\/\/antslab.com.br\/?product=microtubo-pcr","url_meta":{"origin":2986,"position":1},"title":"MICROTUBO PCR","author":"antslab","date":"2 de agosto de 2023","format":false,"excerpt":"Descri\u00e7\u00e3o Aplica\u00e7\u00e3o: O microtubo para PCR 200 \u00b5L com tampa chata transparente \u00e9 utilizado em diferentes modelos termociclador para rea\u00e7\u00f5es de PCR. Caracter\u00edsticas: Fabricado em polipropileno virgem de grau m\u00e9dico; Livre de DNase, RNase e pirog\u00eanio; Volume: 200 \u00b5L; Tampa de veda\u00e7\u00e3o para evitar erros de amplifica\u00e7\u00e3o devido \u00e0 evapora\u00e7\u00e3o;\u2026","rel":"","context":"Post similar","block_context":{"text":"Post similar","link":""},"img":{"alt_text":"","src":"https:\/\/i0.wp.com\/antslab.com.br\/wp-content\/uploads\/2023\/08\/K4-200.jpg?fit=500%2C500&ssl=1&resize=350%2C200","width":350,"height":200},"classes":[]},{"id":2689,"url":"https:\/\/antslab.com.br\/?product=microplaca-de-pcr","url_meta":{"origin":2986,"position":2},"title":"MICROPLACA DE PCR","author":"antslab","date":"22 de junho de 2023","format":false,"excerpt":"Descri\u00e7\u00e3o Aplica\u00e7\u00e3o: A Microplaca de PCR com Borda 96 po\u00e7os \u00e9 utilizada em termociclador para an\u00e1lises de PCR. Caracter\u00edsticas: Fabricada em polipropileno (PP); Identifica\u00e7\u00e3o alfanum\u00e9rica; 96 po\u00e7os de 200\u00b5L com borda lateral inteira; Livre de DNA, DNase, RNase e pirog\u00eanio. Compatibilidade: Applied Biosystems \u2013 Termocicladores: 9700 Amersham \u2013 Sequenciadores: MegaBACE\u2026","rel":"","context":"Post similar","block_context":{"text":"Post similar","link":""},"img":{"alt_text":"","src":"https:\/\/i0.wp.com\/antslab.com.br\/wp-content\/uploads\/2023\/06\/K4-9605.jpg?fit=500%2C500&ssl=1&resize=350%2C200","width":350,"height":200},"classes":[]},{"id":2677,"url":"https:\/\/antslab.com.br\/?product=placa-de-petri-cultivo-celular","url_meta":{"origin":2986,"position":3},"title":"Placa de Petri  &#8211; Cultivo","author":"antslab","date":"22 de junho de 2023","format":false,"excerpt":"PLACA PARA CULTIVO DE C\u00c9LULAS 100 MM. 10 UN\/PCT - K13-0100 Descri\u00e7\u00e3o Aplica\u00e7\u00e3o: As Placas de Petri s\u00e3o ideais para produ\u00e7\u00e3o de c\u00e9lulas, pr\u00e9-tratamento, prepara\u00e7\u00e3o, crescimento celular, armazenamento de amostras etc. Caracter\u00edsticas: Fundo plano e paredes uniformes, livres de distor\u00e7\u00f5es; Superf\u00edcie tratada, lisa e livre de falhas para maximizar a\u2026","rel":"","context":"Post similar","block_context":{"text":"Post similar","link":""},"img":{"alt_text":"","src":"https:\/\/i0.wp.com\/antslab.com.br\/wp-content\/uploads\/2023\/06\/petri.jpg?fit=682%2C698&ssl=1&resize=350%2C200","width":350,"height":200},"classes":[]},{"id":3073,"url":"https:\/\/antslab.com.br\/?product=estereomicroscopio-binocular-com-zoom-7x-45x-k65-e60","url_meta":{"origin":2986,"position":4},"title":"ESTEREOMICROSC\u00d3PIO BINOCULAR COM ZOOM 7X-45X &#8211; K65-E60","author":"antslab","date":"10 de agosto de 2023","format":false,"excerpt":"ESTEREOMICROSC\u00d3PIO BINOCULAR COM ZOOM 7X-45X - K65-E60 Aplica\u00e7\u00e3o: \u00c9 um equipamento com zoom e possui um grande campo de imagem permitindo uma longa dist\u00e2ncia de trabalho.Ideais para objetos de grande e pequeno porte. Este equipamento \u00e9 amplamente utilizado nas \u00e1reas de Ind\u00fastrias, Pesquisas, sa\u00fade, biologia, bot\u00e2nica e agricultura e eletr\u00f4nica\u2026","rel":"","context":"Post similar","block_context":{"text":"Post similar","link":""},"img":{"alt_text":"","src":"https:\/\/i0.wp.com\/antslab.com.br\/wp-content\/uploads\/2023\/08\/K65-E60.jpg?fit=1200%2C1200&ssl=1&resize=350%2C200","width":350,"height":200},"classes":[]},{"id":3066,"url":"https:\/\/antslab.com.br\/?product=microscopio-biologico-trinocular-invertido-k55-ivt","url_meta":{"origin":2986,"position":5},"title":"MICROSC\u00d3PIO BIOL\u00d3GICO TRINOCULAR INVERTIDO &#8211; K55-IVT","author":"antslab","date":"10 de agosto de 2023","format":false,"excerpt":"MICROSC\u00d3PIO BIOL\u00d3GICO TRINOCULAR INVERTIDO - K55-IVT Aplica\u00e7\u00e3o: O Microsc\u00f3pio invertido \u00e9 utilizado para observa\u00e7\u00e3o de amostras atrav\u00e9s de um sistema de \u00f3tica infinita e que produzem imagens com total nitidez em todo campo visual da amostra. Com o microsc\u00f3pio invertido, as c\u00e9lulas biol\u00f3gicas n\u00e3o precisavam ser coradas para serem ampliadas.\u2026","rel":"","context":"Post similar","block_context":{"text":"Post similar","link":""},"img":{"alt_text":"","src":"https:\/\/i0.wp.com\/antslab.com.br\/wp-content\/uploads\/2023\/08\/K55-IVT.jpg?fit=1200%2C1200&ssl=1&resize=350%2C200","width":350,"height":200},"classes":[]}],"_links":{"self":[{"href":"https:\/\/antslab.com.br\/index.php?rest_route=\/wp\/v2\/product\/2986","targetHints":{"allow":["GET"]}}],"collection":[{"href":"https:\/\/antslab.com.br\/index.php?rest_route=\/wp\/v2\/product"}],"about":[{"href":"https:\/\/antslab.com.br\/index.php?rest_route=\/wp\/v2\/types\/product"}],"replies":[{"embeddable":true,"href":"https:\/\/antslab.com.br\/index.php?rest_route=%2Fwp%2Fv2%2Fcomments&post=2986"}],"wp:featuredmedia":[{"embeddable":true,"href":"https:\/\/antslab.com.br\/index.php?rest_route=\/wp\/v2\/media\/2991"}],"wp:attachment":[{"href":"https:\/\/antslab.com.br\/index.php?rest_route=%2Fwp%2Fv2%2Fmedia&parent=2986"}],"wp:term":[{"taxonomy":"product_cat","embeddable":true,"href":"https:\/\/antslab.com.br\/index.php?rest_route=%2Fwp%2Fv2%2Fproduct_cat&post=2986"},{"taxonomy":"product_tag","embeddable":true,"href":"https:\/\/antslab.com.br\/index.php?rest_route=%2Fwp%2Fv2%2Fproduct_tag&post=2986"}],"curies":[{"name":"wp","href":"https:\/\/api.w.org\/{rel}","templated":true}]}}