{"id":2928,"date":"2023-08-07T13:35:50","date_gmt":"2023-08-07T16:35:50","guid":{"rendered":"https:\/\/antslab.com.br\/?post_type=product&#038;p=2928"},"modified":"2025-07-12T06:33:22","modified_gmt":"2025-07-12T09:33:22","slug":"rack-tubos-criogenicos","status":"publish","type":"product","link":"https:\/\/antslab.com.br\/?product=rack-tubos-criogenicos","title":{"rendered":"Rack &#8211; Tubos Criog\u00eanicos"},"content":{"rendered":"<h1>RACK PARA 100 TUBOS CRIOG\u00caNICOS\/MICROTUBOS 1,5 \u2013 2,0 ML. TRANSPARENTE<\/h1>\n<h1><strong>Aplica\u00e7\u00e3o:<\/strong><\/h1>\n<p>O rack para 100 tubos serve para armazenamento e transporte de tubos criog\u00eanicos e microtubos.<\/p>\n<p><strong>Caracter\u00edsticas:<\/strong><\/p>\n<p>Fabricado em polipropileno (PP) virgem;<\/p>\n<p>Resistente a temperaturas entre -80\u00b0C e 121\u00b0C;<\/p>\n<p>Transparente;<\/p>\n<p>Identifica\u00e7\u00e3o alfanum\u00e9rica;<\/p>\n<p>Tampa dobradi\u00e7a de f\u00e1cil abertura;<\/p>\n<p>Autoclav\u00e1vel (121\u00b0C, 15PSI, 30min);<\/p>\n<p>Dimens\u00f5es: 141x151x57mm;<\/p>\n<p>Empilh\u00e1vel.<\/p>\n<p><strong>Registro ANVISA:<\/strong><\/p>\n<p>N\u00e3o aplic\u00e1vel.<\/p>\n<p><strong>Apresenta\u00e7\u00e3o:<\/strong><\/p>\n<p>Unidade.<\/p>\n<p>&nbsp;<\/p>\n<p><strong>MODELO: K30-100N<\/strong><\/p>\n<p><strong>MARCA: KASVI<\/strong><\/p>\n","protected":false},"excerpt":{"rendered":"<p>RACK PARA 100 TUBOS CRIOG\u00caNICOS\/MICROTUBOS 1,5 \u2013 2,0 ML. TRANSPARENTE Aplica\u00e7\u00e3o: O rack para 100 tubos serve para armazenamento e transporte de tubos criog\u00eanicos e microtubos. Caracter\u00edsticas: Fabricado em polipropileno&hellip;<\/p>\n","protected":false},"featured_media":2931,"comment_status":"open","ping_status":"closed","template":"","meta":{"content-type":""},"product_cat":[127,154],"product_tag":[],"class_list":{"0":"post-2928","1":"product","2":"type-product","3":"status-publish","4":"has-post-thumbnail","6":"product_cat-biologia-molecular","7":"product_cat-rack-tubos-criogenicos","9":"first","10":"instock","11":"shipping-taxable","12":"purchasable","13":"product-type-variable"},"jetpack-related-posts":[{"id":2939,"url":"https:\/\/antslab.com.br\/?product=tubos-criogenicos","url_meta":{"origin":2928,"position":0},"title":"Tubos &#8211; Criog\u00eanicos","author":"antslab","date":"7 de agosto de 2023","format":false,"excerpt":"Tubo Criog\u00eanico 2ml Rosca Externa, 50 Un\/Pct \u00a0","rel":"","context":"Post similar","block_context":{"text":"Post similar","link":""},"img":{"alt_text":"","src":"https:\/\/i0.wp.com\/antslab.com.br\/wp-content\/uploads\/2023\/08\/k2-7001.jpg?fit=1200%2C1200&ssl=1&resize=350%2C200","width":350,"height":200},"classes":[]},{"id":2835,"url":"https:\/\/antslab.com.br\/?product=microtubo-pcr","url_meta":{"origin":2928,"position":1},"title":"MICROTUBO PCR","author":"antslab","date":"2 de agosto de 2023","format":false,"excerpt":"Descri\u00e7\u00e3o Aplica\u00e7\u00e3o: O microtubo para PCR 200 \u00b5L com tampa chata transparente \u00e9 utilizado em diferentes modelos termociclador para rea\u00e7\u00f5es de PCR. Caracter\u00edsticas: Fabricado em polipropileno virgem de grau m\u00e9dico; Livre de DNase, RNase e pirog\u00eanio; Volume: 200 \u00b5L; Tampa de veda\u00e7\u00e3o para evitar erros de amplifica\u00e7\u00e3o devido \u00e0 evapora\u00e7\u00e3o;\u2026","rel":"","context":"Post similar","block_context":{"text":"Post similar","link":""},"img":{"alt_text":"","src":"https:\/\/i0.wp.com\/antslab.com.br\/wp-content\/uploads\/2023\/08\/K4-200.jpg?fit=500%2C500&ssl=1&resize=350%2C200","width":350,"height":200},"classes":[]},{"id":2923,"url":"https:\/\/antslab.com.br\/?product=rack-termoestavel","url_meta":{"origin":2928,"position":2},"title":"Rack &#8211; Termoest\u00e1vel","author":"antslab","date":"7 de agosto de 2023","format":false,"excerpt":"Aplica\u00e7\u00e3o: Os Racks Termoest\u00e1veis s\u00e3o utilizados em procedimentos em que as amostras devem ser mantidas a baixas\u00a0temperaturas, garantindo sua estabilidade. Caracter\u00edsticas: Fabricado em polipropileno; Capacidade para 96 microtubos de 0,1 e 0,2 mL ou uma microplaca de 96 po\u00e7os; Mant\u00e9m a amostra em temperaturas inferiores de -4\u00b0C por aproximadamente 4\u2026","rel":"","context":"Post similar","block_context":{"text":"Post similar","link":""},"img":{"alt_text":"","src":"https:\/\/i0.wp.com\/antslab.com.br\/wp-content\/uploads\/2023\/08\/K30-9602.jpg?fit=1000%2C1000&ssl=1&resize=350%2C200","width":350,"height":200},"classes":[]},{"id":2659,"url":"https:\/\/antslab.com.br\/?product=tubo-de-centrifugacao","url_meta":{"origin":2928,"position":3},"title":"TUBO DE CENTRIFUGA\u00c7\u00c3O","author":"antslab","date":"22 de junho de 2023","format":false,"excerpt":"Descri\u00e7\u00e3o Aplica\u00e7\u00e3o: Tubos de Centrifuga\u00e7\u00e3o s\u00e3o utilizados para centrifuga\u00e7\u00e3o e armazenamento de amostras ou solu\u00e7\u00f5es. Caracter\u00edsticas: Fabricado em polipropileno; Tampa alongada \u00e0 prova de vazamentos; Gradua\u00e7\u00e3o e \u00e1rea de marca\u00e7\u00e3o lateral resistentes a clorof\u00f3rmio; Livre de DNase, RNase e pirog\u00eanio; Esterilizado por radia\u00e7\u00e3o gama; Autoclav\u00e1vel: 121\u00b0C, 15 PSI, 15min. Informa\u00e7\u00f5es\u2026","rel":"","context":"Post similar","block_context":{"text":"Post similar","link":""},"img":{"alt_text":"","src":"https:\/\/i0.wp.com\/antslab.com.br\/wp-content\/uploads\/2023\/06\/Tubo-falcon.png?fit=890%2C888&ssl=1&resize=350%2C200","width":350,"height":200},"classes":[]},{"id":2963,"url":"https:\/\/antslab.com.br\/?product=rack-vazio-ponteiras","url_meta":{"origin":2928,"position":4},"title":"Rack Vazio &#8211; Ponteiras","author":"antslab","date":"8 de agosto de 2023","format":false,"excerpt":"RACK VAZIO PARA PONTEIRAS DE 5 ML. TRANSPARENTE - K31-5000-5 Aplica\u00e7\u00e3o: Rack vazio para acomoda\u00e7\u00e3o de at\u00e9 28 ponteiras de 5 mL. Caracter\u00edsticas: Capacidade para 28 ponteiras de 5 mL; Feito em polipropileno; Autoclav\u00e1vel; Dimens\u00f5es: 12,5 x 8,5 x 16 cm; Transparente. Registro ANVISA: N\u00e3o aplic\u00e1vel. Apresenta\u00e7\u00e3o: Unidade \u00a0 MODELO:\u2026","rel":"","context":"Post similar","block_context":{"text":"Post similar","link":""},"img":{"alt_text":"","src":"https:\/\/i0.wp.com\/antslab.com.br\/wp-content\/uploads\/2023\/08\/K31-10000-5.jpg?fit=1200%2C1200&ssl=1&resize=350%2C200","width":350,"height":200},"classes":[]},{"id":2849,"url":"https:\/\/antslab.com.br\/?product=ponteira-com-filtro","url_meta":{"origin":2928,"position":5},"title":"PONTEIRA COM FILTRO","author":"antslab","date":"2 de agosto de 2023","format":false,"excerpt":"Descri\u00e7\u00e3o Aplica\u00e7\u00e3o: As ponteiras 0,1 \u2013 10 \u00b5L com filtro servem para manipula\u00e7\u00e3o de l\u00edquidos e s\u00e3o compat\u00edveis com as principais marcas de micropipetas do mercado. Caracter\u00edsticas: Fabricadas em polipropileno (PP) transparente de alta qualidade; Capacidade: 0,1 \u2013 10 \u00b5L; Filtro em polipropileno (PP); Est\u00e9reis por radia\u00e7\u00e3o gama; Livres de\u2026","rel":"","context":"Post similar","block_context":{"text":"Post similar","link":""},"img":{"alt_text":"","src":"https:\/\/i0.wp.com\/antslab.com.br\/wp-content\/uploads\/2023\/08\/K62-10-1.jpg?fit=1000%2C1000&ssl=1&resize=350%2C200","width":350,"height":200},"classes":[]}],"_links":{"self":[{"href":"https:\/\/antslab.com.br\/index.php?rest_route=\/wp\/v2\/product\/2928","targetHints":{"allow":["GET"]}}],"collection":[{"href":"https:\/\/antslab.com.br\/index.php?rest_route=\/wp\/v2\/product"}],"about":[{"href":"https:\/\/antslab.com.br\/index.php?rest_route=\/wp\/v2\/types\/product"}],"replies":[{"embeddable":true,"href":"https:\/\/antslab.com.br\/index.php?rest_route=%2Fwp%2Fv2%2Fcomments&post=2928"}],"wp:featuredmedia":[{"embeddable":true,"href":"https:\/\/antslab.com.br\/index.php?rest_route=\/wp\/v2\/media\/2931"}],"wp:attachment":[{"href":"https:\/\/antslab.com.br\/index.php?rest_route=%2Fwp%2Fv2%2Fmedia&parent=2928"}],"wp:term":[{"taxonomy":"product_cat","embeddable":true,"href":"https:\/\/antslab.com.br\/index.php?rest_route=%2Fwp%2Fv2%2Fproduct_cat&post=2928"},{"taxonomy":"product_tag","embeddable":true,"href":"https:\/\/antslab.com.br\/index.php?rest_route=%2Fwp%2Fv2%2Fproduct_tag&post=2928"}],"curies":[{"name":"wp","href":"https:\/\/api.w.org\/{rel}","templated":true}]}}