{"id":2923,"date":"2023-08-07T13:17:35","date_gmt":"2023-08-07T16:17:35","guid":{"rendered":"https:\/\/antslab.com.br\/?post_type=product&#038;p=2923"},"modified":"2025-07-22T14:41:23","modified_gmt":"2025-07-22T17:41:23","slug":"rack-termoestavel","status":"publish","type":"product","link":"https:\/\/antslab.com.br\/?product=rack-termoestavel","title":{"rendered":"Rack &#8211; Termoest\u00e1vel"},"content":{"rendered":"<p><strong>Aplica\u00e7\u00e3o:<\/strong><\/p>\n<p>Os Racks Termoest\u00e1veis s\u00e3o utilizados em procedimentos em que as amostras devem ser mantidas a baixas\u00a0temperaturas, garantindo sua estabilidade.<\/p>\n<p><strong>Caracter\u00edsticas:<\/strong><\/p>\n<p>Fabricado em polipropileno;<\/p>\n<p>Capacidade para 96 microtubos de 0,1 e 0,2 mL ou uma microplaca de 96 po\u00e7os;<\/p>\n<p>Mant\u00e9m a amostra em temperaturas inferiores de -4\u00b0C por aproximadamente 4 horas se utilizado com a tampa;<\/p>\n<p>O Rack muda de cor de acordo com a temperatura: em temperatura ambiente o modelo K30-9602 possui a cor\u00a0rosa. Quando congelado a cor muda para roxo.<\/p>\n<p><strong>Registro ANVISA:<\/strong><\/p>\n<p>N\u00e3o aplic\u00e1vel.<\/p>\n<p><strong>Apresenta\u00e7\u00e3o:<\/strong><\/p>\n<p>Unidade.<\/p>\n<p>&nbsp;<\/p>\n<p><strong>MODELO: K30-9602<\/strong><\/p>\n<p><strong>MARCA: KASVI<\/strong><\/p>\n","protected":false},"excerpt":{"rendered":"<p>Aplica\u00e7\u00e3o: Os Racks Termoest\u00e1veis s\u00e3o utilizados em procedimentos em que as amostras devem ser mantidas a baixas\u00a0temperaturas, garantindo sua estabilidade. Caracter\u00edsticas: Fabricado em polipropileno; Capacidade para 96 microtubos de 0,1&hellip;<\/p>\n","protected":false},"featured_media":2924,"comment_status":"open","ping_status":"closed","template":"","meta":{"content-type":""},"product_cat":[127,153],"product_tag":[],"class_list":{"0":"post-2923","1":"product","2":"type-product","3":"status-publish","4":"has-post-thumbnail","6":"product_cat-biologia-molecular","7":"product_cat-rack-termoestavel","9":"first","10":"instock","11":"shipping-taxable","12":"purchasable","13":"product-type-variable"},"jetpack-related-posts":[{"id":2928,"url":"https:\/\/antslab.com.br\/?product=rack-tubos-criogenicos","url_meta":{"origin":2923,"position":0},"title":"Rack &#8211; Tubos Criog\u00eanicos","author":"antslab","date":"7 de agosto de 2023","format":false,"excerpt":"RACK PARA 100 TUBOS CRIOG\u00caNICOS\/MICROTUBOS 1,5 \u2013 2,0 ML. TRANSPARENTE Aplica\u00e7\u00e3o: O rack para 100 tubos serve para armazenamento e transporte de tubos criog\u00eanicos e microtubos. Caracter\u00edsticas: Fabricado em polipropileno (PP) virgem; Resistente a temperaturas entre -80\u00b0C e 121\u00b0C; Transparente; Identifica\u00e7\u00e3o alfanum\u00e9rica; Tampa dobradi\u00e7a de f\u00e1cil abertura; Autoclav\u00e1vel (121\u00b0C, 15PSI,\u2026","rel":"","context":"Post similar","block_context":{"text":"Post similar","link":""},"img":{"alt_text":"","src":"https:\/\/i0.wp.com\/antslab.com.br\/wp-content\/uploads\/2023\/08\/K30-100N.jpg?fit=1200%2C1200&ssl=1&resize=350%2C200","width":350,"height":200},"classes":[]},{"id":2779,"url":"https:\/\/antslab.com.br\/?product=forno-mufla-ssfm","url_meta":{"origin":2923,"position":1},"title":"FORNO MUFLA &#8211; SSFM","author":"antslab","date":"5 de julho de 2023","format":false,"excerpt":"Aplica\u00e7\u00e3o: Desenvolvido para procedimentos que necessitam de altas temperatura, dentre eles est\u00e3o a calcina\u00e7\u00e3o de subst\u00e2ncias no qual \u00e9 o processo de oxida\u00e7\u00e3o das subst\u00e2ncias presentes na amostra, utilizado tamb\u00e9m em an\u00e1lises qu\u00edmicas de subst\u00e2ncias complexas ou na quantifica\u00e7\u00e3o de metais.Fabricado com mat\u00e9ria prima de excelente qualidade este equipamento opera\u2026","rel":"","context":"Post similar","block_context":{"text":"Post similar","link":""},"img":{"alt_text":"","src":"https:\/\/i0.wp.com\/antslab.com.br\/wp-content\/uploads\/2023\/07\/ssfm.jpg?fit=940%2C788&ssl=1&resize=350%2C200","width":350,"height":200},"classes":[]},{"id":2659,"url":"https:\/\/antslab.com.br\/?product=tubo-de-centrifugacao","url_meta":{"origin":2923,"position":2},"title":"TUBO DE CENTRIFUGA\u00c7\u00c3O","author":"antslab","date":"22 de junho de 2023","format":false,"excerpt":"Descri\u00e7\u00e3o Aplica\u00e7\u00e3o: Tubos de Centrifuga\u00e7\u00e3o s\u00e3o utilizados para centrifuga\u00e7\u00e3o e armazenamento de amostras ou solu\u00e7\u00f5es. Caracter\u00edsticas: Fabricado em polipropileno; Tampa alongada \u00e0 prova de vazamentos; Gradua\u00e7\u00e3o e \u00e1rea de marca\u00e7\u00e3o lateral resistentes a clorof\u00f3rmio; Livre de DNase, RNase e pirog\u00eanio; Esterilizado por radia\u00e7\u00e3o gama; Autoclav\u00e1vel: 121\u00b0C, 15 PSI, 15min. Informa\u00e7\u00f5es\u2026","rel":"","context":"Post similar","block_context":{"text":"Post similar","link":""},"img":{"alt_text":"","src":"https:\/\/i0.wp.com\/antslab.com.br\/wp-content\/uploads\/2023\/06\/Tubo-falcon.png?fit=890%2C888&ssl=1&resize=350%2C200","width":350,"height":200},"classes":[]},{"id":3066,"url":"https:\/\/antslab.com.br\/?product=microscopio-biologico-trinocular-invertido-k55-ivt","url_meta":{"origin":2923,"position":3},"title":"MICROSC\u00d3PIO BIOL\u00d3GICO TRINOCULAR INVERTIDO &#8211; K55-IVT","author":"antslab","date":"10 de agosto de 2023","format":false,"excerpt":"MICROSC\u00d3PIO BIOL\u00d3GICO TRINOCULAR INVERTIDO - K55-IVT Aplica\u00e7\u00e3o: O Microsc\u00f3pio invertido \u00e9 utilizado para observa\u00e7\u00e3o de amostras atrav\u00e9s de um sistema de \u00f3tica infinita e que produzem imagens com total nitidez em todo campo visual da amostra. Com o microsc\u00f3pio invertido, as c\u00e9lulas biol\u00f3gicas n\u00e3o precisavam ser coradas para serem ampliadas.\u2026","rel":"","context":"Post similar","block_context":{"text":"Post similar","link":""},"img":{"alt_text":"","src":"https:\/\/i0.wp.com\/antslab.com.br\/wp-content\/uploads\/2023\/08\/K55-IVT.jpg?fit=1200%2C1200&ssl=1&resize=350%2C200","width":350,"height":200},"classes":[]},{"id":3155,"url":"https:\/\/antslab.com.br\/?product=transiluminador","url_meta":{"origin":2923,"position":4},"title":"Transiluminador","author":"antslab","date":"21 de agosto de 2023","format":false,"excerpt":"TRANSILUMINADOR DE\u00a0LED Aplica\u00e7\u00e3o: Equipamento\u00a0 Transiluminador de LED \u00e9 utilizado para visualiza\u00e7\u00e3o de bandas de gel de agarose de amostras coradas com corante Safer KASVI ou SYBR Safe. O Transiluminador LED \u00e9 uma inova\u00e7\u00e3o na \u00e1rea de eletroforese, pois ao contr\u00e1rio dos transiluminadores convencionais com luz UV, a ilumina\u00e7\u00e3o de LED\u2026","rel":"","context":"Post similar","block_context":{"text":"Post similar","link":""},"img":{"alt_text":"","src":"https:\/\/i0.wp.com\/antslab.com.br\/wp-content\/uploads\/2023\/08\/K33-333.jpg?fit=1200%2C1200&ssl=1&resize=350%2C200","width":350,"height":200},"classes":[]},{"id":3060,"url":"https:\/\/antslab.com.br\/?product=microscopio-otica-infinita-uis-trinocular-unidade-k55-oit","url_meta":{"origin":2923,"position":5},"title":"MICROSCOPIO \u00d3TICA INFINITA (UIS) TRINOCULAR. UNIDADE &#8211; K55-OIT","author":"antslab","date":"10 de agosto de 2023","format":false,"excerpt":"MICROSCOPIO \u00d3TICA INFINITA (UIS) TRINOCULAR. UNIDADE - K55-OIT Aplica\u00e7\u00e3o: Os microsc\u00f3pios s\u00e3o utilizados para observa\u00e7\u00e3o de amostras microsc\u00f3picas atrav\u00e9s de um sistema de \u00f3tica infinita e que produzem imagens com total nitidez em todo campo visual da amostra. \u00a0 Caracter\u00edsticas: \u00b7\u00a0\u00a0\u00a0\u00a0\u00a0\u00a0\u00a0\u00a0\u00a0\u00a0\u00a0\u00a0\u00a0\u00a0\u00a0\u00a0\u00a0\u00a0\u00a0\u00a0Cabe\u00e7ote Binocular Siedentopf, inclinado a 30 graus e com rota\u00e7\u00e3o\u2026","rel":"","context":"Post similar","block_context":{"text":"Post similar","link":""},"img":{"alt_text":"","src":"https:\/\/i0.wp.com\/antslab.com.br\/wp-content\/uploads\/2023\/08\/K55-OIT.jpg?fit=1200%2C1200&ssl=1&resize=350%2C200","width":350,"height":200},"classes":[]}],"_links":{"self":[{"href":"https:\/\/antslab.com.br\/index.php?rest_route=\/wp\/v2\/product\/2923","targetHints":{"allow":["GET"]}}],"collection":[{"href":"https:\/\/antslab.com.br\/index.php?rest_route=\/wp\/v2\/product"}],"about":[{"href":"https:\/\/antslab.com.br\/index.php?rest_route=\/wp\/v2\/types\/product"}],"replies":[{"embeddable":true,"href":"https:\/\/antslab.com.br\/index.php?rest_route=%2Fwp%2Fv2%2Fcomments&post=2923"}],"wp:featuredmedia":[{"embeddable":true,"href":"https:\/\/antslab.com.br\/index.php?rest_route=\/wp\/v2\/media\/2924"}],"wp:attachment":[{"href":"https:\/\/antslab.com.br\/index.php?rest_route=%2Fwp%2Fv2%2Fmedia&parent=2923"}],"wp:term":[{"taxonomy":"product_cat","embeddable":true,"href":"https:\/\/antslab.com.br\/index.php?rest_route=%2Fwp%2Fv2%2Fproduct_cat&post=2923"},{"taxonomy":"product_tag","embeddable":true,"href":"https:\/\/antslab.com.br\/index.php?rest_route=%2Fwp%2Fv2%2Fproduct_tag&post=2923"}],"curies":[{"name":"wp","href":"https:\/\/api.w.org\/{rel}","templated":true}]}}