{"id":2905,"date":"2023-08-04T14:35:05","date_gmt":"2023-08-04T17:35:05","guid":{"rendered":"https:\/\/antslab.com.br\/?post_type=product&#038;p=2905"},"modified":"2025-09-09T00:25:44","modified_gmt":"2025-09-09T03:25:44","slug":"ponteiras-livre-de-dnase-rnase-com-filtro","status":"publish","type":"product","link":"https:\/\/antslab.com.br\/?product=ponteiras-livre-de-dnase-rnase-com-filtro","title":{"rendered":"PONTEIRAS LIVRE DE DNase, RNase COM FILTRO"},"content":{"rendered":"<h1>PONTEIRA 0,1 \u2013 10 \u00b5L COM FILTRO. EST\u00c9RIL. 1000 UN\/PCT. &#8211; K62-10-1<\/h1>\n<p><strong>Aplica\u00e7\u00e3o:<\/strong><\/p>\n<p>As ponteiras 0,1 \u2013 10 \u00b5L com filtro servem para manipula\u00e7\u00e3o de l\u00edquidos e s\u00e3o compat\u00edveis com as principais marcas de micropipetas do mercado.<\/p>\n<p><strong>Caracter\u00edsticas:<\/strong><\/p>\n<p>Fabricadas em polipropileno (PP) transparente de alta qualidade;<\/p>\n<p>Capacidade: 0,1 \u2013 10 \u00b5L;<\/p>\n<p>Filtro em polipropileno (PP);<\/p>\n<p>Est\u00e9reis por radia\u00e7\u00e3o gama;<\/p>\n<p>Livres de DNase, RNase, pirog\u00eanios e endotoxinas;<\/p>\n<p>Autoclav\u00e1veis (121\u00b0C, 15 psi, 20 min).<\/p>\n<p><strong>Registro ANVISA:<\/strong><\/p>\n<p>N\u00e3o aplic\u00e1vel<\/p>\n<p><strong>Apresenta\u00e7\u00e3o:<\/strong><\/p>\n<p>Pacote com 1000 ponteiras.<\/p>\n<p>&nbsp;<\/p>\n<p><strong>MODELO: K62-10-1<\/strong><\/p>\n<p><strong>MARCA: OLEN<\/strong><\/p>\n","protected":false},"excerpt":{"rendered":"<p>PONTEIRA 0,1 \u2013 10 \u00b5L COM FILTRO. EST\u00c9RIL. 1000 UN\/PCT. &#8211; K62-10-1 Aplica\u00e7\u00e3o: As ponteiras 0,1 \u2013 10 \u00b5L com filtro servem para manipula\u00e7\u00e3o de l\u00edquidos e s\u00e3o compat\u00edveis com&hellip;<\/p>\n","protected":false},"featured_media":2879,"comment_status":"open","ping_status":"closed","template":"","meta":{"content-type":""},"product_cat":[127,151],"product_tag":[],"class_list":{"0":"post-2905","1":"product","2":"type-product","3":"status-publish","4":"has-post-thumbnail","6":"product_cat-biologia-molecular","7":"product_cat-ponteiras-dna-free-com-filtro","9":"first","10":"instock","11":"shipping-taxable","12":"purchasable","13":"product-type-variable"},"jetpack-related-posts":[{"id":2849,"url":"https:\/\/antslab.com.br\/?product=ponteira-com-filtro","url_meta":{"origin":2905,"position":0},"title":"PONTEIRA COM FILTRO","author":"antslab","date":"2 de agosto de 2023","format":false,"excerpt":"Descri\u00e7\u00e3o Aplica\u00e7\u00e3o: As ponteiras 0,1 \u2013 10 \u00b5L com filtro servem para manipula\u00e7\u00e3o de l\u00edquidos e s\u00e3o compat\u00edveis com as principais marcas de micropipetas do mercado. Caracter\u00edsticas: Fabricadas em polipropileno (PP) transparente de alta qualidade; Capacidade: 0,1 \u2013 10 \u00b5L; Filtro em polipropileno (PP); Est\u00e9reis por radia\u00e7\u00e3o gama; Livres de\u2026","rel":"","context":"Post similar","block_context":{"text":"Post similar","link":""},"img":{"alt_text":"","src":"https:\/\/i0.wp.com\/antslab.com.br\/wp-content\/uploads\/2023\/08\/K62-10-1.jpg?fit=1000%2C1000&ssl=1&resize=350%2C200","width":350,"height":200},"classes":[]},{"id":2867,"url":"https:\/\/antslab.com.br\/?product=ponteira-baixa-retencao","url_meta":{"origin":2905,"position":1},"title":"PONTEIRA BAIXA RETEN\u00c7\u00c3O SEM FILTRO E COM FILTRO","author":"antslab","date":"3 de agosto de 2023","format":false,"excerpt":"Aplica\u00e7\u00e3o: As Ponteiras\u00a00,1-10 \u00b5L\u00a0sem\u00a0filtro servem para manipula\u00e7\u00e3o de l\u00edquidos e s\u00e3o compat\u00edveis com as principais marcas de micropipetas do mercado. Caracter\u00edsticas: Fabricadas em polipropileno (PP) transparente de alta qualidade; Capacidade:\u00a00,1-10\u00a0\u00b5L; Baixa reten\u00e7\u00e3o; Livre de DNase, RNase, endotoxinas e pirog\u00eanios; Registro ANVISA: N\u00e3o aplic\u00e1vel. Apresenta\u00e7\u00e3o: Pacote com 1000 unidades. Modelo:\u00a0K69-10 Marca:\u00a0Kasvi","rel":"","context":"Post similar","block_context":{"text":"Post similar","link":""},"img":{"alt_text":"","src":"https:\/\/i0.wp.com\/antslab.com.br\/wp-content\/uploads\/2023\/08\/false-2.jpg?fit=1200%2C1200&ssl=1&resize=350%2C200","width":350,"height":200},"classes":[]},{"id":2858,"url":"https:\/\/antslab.com.br\/?product=ponteira-sem-filtro","url_meta":{"origin":2905,"position":2},"title":"PONTEIRA SEM FILTRO","author":"antslab","date":"2 de agosto de 2023","format":false,"excerpt":"Aplica\u00e7\u00e3o: A ponteira sem filtro 0,1 -10 \u00b5L tipo Gilson serve para uso em micropipetas e manipula\u00e7\u00e3o de l\u00edquidos com precis\u00e3o. Caracter\u00edsticas: Fabricada em polipropileno (PP); Volume: 0,1 \u2013 10 \u00b5L; Transparente; Encaixe tipo Gilson. Registro ANVISA: N\u00e3o aplic\u00e1vel. Apresenta\u00e7\u00e3o: Pacote com 1.000 unidades. \u00a0 MODELO: K31-11 MARCA: Olen","rel":"","context":"Post similar","block_context":{"text":"Post similar","link":""},"img":{"alt_text":"","src":"https:\/\/i0.wp.com\/antslab.com.br\/wp-content\/uploads\/2023\/08\/K31-1000B.jpg?fit=500%2C500&ssl=1&resize=350%2C200","width":350,"height":200},"classes":[]},{"id":2835,"url":"https:\/\/antslab.com.br\/?product=microtubo-pcr","url_meta":{"origin":2905,"position":3},"title":"MICROTUBO PCR","author":"antslab","date":"2 de agosto de 2023","format":false,"excerpt":"Descri\u00e7\u00e3o Aplica\u00e7\u00e3o: O microtubo para PCR 200 \u00b5L com tampa chata transparente \u00e9 utilizado em diferentes modelos termociclador para rea\u00e7\u00f5es de PCR. Caracter\u00edsticas: Fabricado em polipropileno virgem de grau m\u00e9dico; Livre de DNase, RNase e pirog\u00eanio; Volume: 200 \u00b5L; Tampa de veda\u00e7\u00e3o para evitar erros de amplifica\u00e7\u00e3o devido \u00e0 evapora\u00e7\u00e3o;\u2026","rel":"","context":"Post similar","block_context":{"text":"Post similar","link":""},"img":{"alt_text":"","src":"https:\/\/i0.wp.com\/antslab.com.br\/wp-content\/uploads\/2023\/08\/K4-200.jpg?fit=500%2C500&ssl=1&resize=350%2C200","width":350,"height":200},"classes":[]},{"id":2689,"url":"https:\/\/antslab.com.br\/?product=microplaca-de-pcr","url_meta":{"origin":2905,"position":4},"title":"MICROPLACA DE PCR","author":"antslab","date":"22 de junho de 2023","format":false,"excerpt":"Descri\u00e7\u00e3o Aplica\u00e7\u00e3o: A Microplaca de PCR com Borda 96 po\u00e7os \u00e9 utilizada em termociclador para an\u00e1lises de PCR. Caracter\u00edsticas: Fabricada em polipropileno (PP); Identifica\u00e7\u00e3o alfanum\u00e9rica; 96 po\u00e7os de 200\u00b5L com borda lateral inteira; Livre de DNA, DNase, RNase e pirog\u00eanio. Compatibilidade: Applied Biosystems \u2013 Termocicladores: 9700 Amersham \u2013 Sequenciadores: MegaBACE\u2026","rel":"","context":"Post similar","block_context":{"text":"Post similar","link":""},"img":{"alt_text":"","src":"https:\/\/i0.wp.com\/antslab.com.br\/wp-content\/uploads\/2023\/06\/K4-9605.jpg?fit=500%2C500&ssl=1&resize=350%2C200","width":350,"height":200},"classes":[]},{"id":2753,"url":"https:\/\/antslab.com.br\/?product=microplaca-qpcr-sem-borda-96-pocos-regular-profile-25-un-pct-k7-9620","url_meta":{"origin":2905,"position":5},"title":"MICROPLACA QPCR SEM BORDA 96 PO\u00c7OS REGULAR PROFILE. 25 UN\/PCT. K7-9620","author":"antslab","date":"4 de julho de 2023","format":false,"excerpt":"Aplica\u00e7\u00e3o: Microplaca qPCR T sem borda 96 po\u00e7os regular profile \u00e9 utilizada em termocicladores nas rotinas de PCR em tempo real. Caracter\u00edsticas: Regular profile; Transparente; Est\u00e9reis por radia\u00e7\u00e3o gama; Pode ser cortada em tamanhos menores; Paredes finas na parte inferior permitem m\u00e1xima transfer\u00eancia de calor; Volume m\u00e1ximo de trabalho da\u2026","rel":"","context":"Post similar","block_context":{"text":"Post similar","link":""},"img":{"alt_text":"","src":"https:\/\/i0.wp.com\/antslab.com.br\/wp-content\/uploads\/2023\/07\/K7-9620.jpg?fit=500%2C500&ssl=1&resize=350%2C200","width":350,"height":200},"classes":[]}],"_links":{"self":[{"href":"https:\/\/antslab.com.br\/index.php?rest_route=\/wp\/v2\/product\/2905","targetHints":{"allow":["GET"]}}],"collection":[{"href":"https:\/\/antslab.com.br\/index.php?rest_route=\/wp\/v2\/product"}],"about":[{"href":"https:\/\/antslab.com.br\/index.php?rest_route=\/wp\/v2\/types\/product"}],"replies":[{"embeddable":true,"href":"https:\/\/antslab.com.br\/index.php?rest_route=%2Fwp%2Fv2%2Fcomments&post=2905"}],"wp:featuredmedia":[{"embeddable":true,"href":"https:\/\/antslab.com.br\/index.php?rest_route=\/wp\/v2\/media\/2879"}],"wp:attachment":[{"href":"https:\/\/antslab.com.br\/index.php?rest_route=%2Fwp%2Fv2%2Fmedia&parent=2905"}],"wp:term":[{"taxonomy":"product_cat","embeddable":true,"href":"https:\/\/antslab.com.br\/index.php?rest_route=%2Fwp%2Fv2%2Fproduct_cat&post=2905"},{"taxonomy":"product_tag","embeddable":true,"href":"https:\/\/antslab.com.br\/index.php?rest_route=%2Fwp%2Fv2%2Fproduct_tag&post=2905"}],"curies":[{"name":"wp","href":"https:\/\/api.w.org\/{rel}","templated":true}]}}