{"id":2867,"date":"2023-08-03T13:53:42","date_gmt":"2023-08-03T16:53:42","guid":{"rendered":"https:\/\/antslab.com.br\/?post_type=product&#038;p=2867"},"modified":"2025-06-09T17:30:50","modified_gmt":"2025-06-09T20:30:50","slug":"ponteira-baixa-retencao","status":"publish","type":"product","link":"https:\/\/antslab.com.br\/?product=ponteira-baixa-retencao","title":{"rendered":"PONTEIRA BAIXA RETEN\u00c7\u00c3O SEM FILTRO E COM FILTRO"},"content":{"rendered":"<p style=\"font-weight: 400;\"><b><strong>Aplica\u00e7\u00e3o:<\/strong><\/b><\/p>\n<p style=\"font-weight: 400;\">As Ponteiras\u00a00,1-10 \u00b5L\u00a0sem\u00a0filtro servem para manipula\u00e7\u00e3o de l\u00edquidos e s\u00e3o compat\u00edveis com as principais marcas de micropipetas do mercado.<\/p>\n<p style=\"font-weight: 400;\"><b><strong>Caracter\u00edsticas:<\/strong><\/b><\/p>\n<ul>\n<li style=\"font-weight: 400;\">Fabricadas em polipropileno (PP) transparente de alta qualidade;<\/li>\n<li style=\"font-weight: 400;\">Capacidade:\u00a00,1-10\u00a0\u00b5L;<\/li>\n<li style=\"font-weight: 400;\">Baixa reten\u00e7\u00e3o;<\/li>\n<li style=\"font-weight: 400;\">Livre de DNase, RNase, endotoxinas e pirog\u00eanios;<\/li>\n<\/ul>\n<p style=\"font-weight: 400;\"><b><strong>Registro ANVISA:<\/strong><\/b><\/p>\n<p style=\"font-weight: 400;\">N\u00e3o aplic\u00e1vel.<\/p>\n<p style=\"font-weight: 400;\"><b><strong>Apresenta\u00e7\u00e3o:<\/strong><\/b><\/p>\n<p style=\"font-weight: 400;\">Pacote com 1000 unidades.<\/p>\n<p style=\"font-weight: 400;\"><b><strong>Modelo:\u00a0<\/strong><\/b>K69-10<\/p>\n<p style=\"font-weight: 400;\"><b><strong>Marca:\u00a0<\/strong><\/b>Kasvi<\/p>\n","protected":false},"excerpt":{"rendered":"<p>Aplica\u00e7\u00e3o: As Ponteiras\u00a00,1-10 \u00b5L\u00a0sem\u00a0filtro servem para manipula\u00e7\u00e3o de l\u00edquidos e s\u00e3o compat\u00edveis com as principais marcas de micropipetas do mercado. Caracter\u00edsticas: Fabricadas em polipropileno (PP) transparente de alta qualidade; Capacidade:\u00a00,1-10\u00a0\u00b5L;&hellip;<\/p>\n","protected":false},"featured_media":2880,"comment_status":"open","ping_status":"closed","template":"","meta":{"content-type":""},"product_cat":[127,150],"product_tag":[],"class_list":{"0":"post-2867","1":"product","2":"type-product","3":"status-publish","4":"has-post-thumbnail","6":"product_cat-biologia-molecular","7":"product_cat-ponteiras-baixa-retencao","9":"first","10":"instock","11":"shipping-taxable","12":"purchasable","13":"product-type-variable"},"jetpack-related-posts":[{"id":2905,"url":"https:\/\/antslab.com.br\/?product=ponteiras-livre-de-dnase-rnase-com-filtro","url_meta":{"origin":2867,"position":0},"title":"PONTEIRAS LIVRE DE DNase, RNase COM FILTRO","author":"antslab","date":"4 de agosto de 2023","format":false,"excerpt":"PONTEIRA 0,1 \u2013 10 \u00b5L COM FILTRO. EST\u00c9RIL. 1000 UN\/PCT. - K62-10-1 Aplica\u00e7\u00e3o: As ponteiras 0,1 \u2013 10 \u00b5L com filtro servem para manipula\u00e7\u00e3o de l\u00edquidos e s\u00e3o compat\u00edveis com as principais marcas de micropipetas do mercado. Caracter\u00edsticas: Fabricadas em polipropileno (PP) transparente de alta qualidade; Capacidade: 0,1 \u2013 10\u2026","rel":"","context":"Post similar","block_context":{"text":"Post similar","link":""},"img":{"alt_text":"","src":"https:\/\/i0.wp.com\/antslab.com.br\/wp-content\/uploads\/2023\/08\/false-1.jpg?fit=1200%2C1200&ssl=1&resize=350%2C200","width":350,"height":200},"classes":[]},{"id":2849,"url":"https:\/\/antslab.com.br\/?product=ponteira-com-filtro","url_meta":{"origin":2867,"position":1},"title":"PONTEIRA COM FILTRO","author":"antslab","date":"2 de agosto de 2023","format":false,"excerpt":"Descri\u00e7\u00e3o Aplica\u00e7\u00e3o: As ponteiras 0,1 \u2013 10 \u00b5L com filtro servem para manipula\u00e7\u00e3o de l\u00edquidos e s\u00e3o compat\u00edveis com as principais marcas de micropipetas do mercado. Caracter\u00edsticas: Fabricadas em polipropileno (PP) transparente de alta qualidade; Capacidade: 0,1 \u2013 10 \u00b5L; Filtro em polipropileno (PP); Est\u00e9reis por radia\u00e7\u00e3o gama; Livres de\u2026","rel":"","context":"Post similar","block_context":{"text":"Post similar","link":""},"img":{"alt_text":"","src":"https:\/\/i0.wp.com\/antslab.com.br\/wp-content\/uploads\/2023\/08\/K62-10-1.jpg?fit=1000%2C1000&ssl=1&resize=350%2C200","width":350,"height":200},"classes":[]},{"id":2858,"url":"https:\/\/antslab.com.br\/?product=ponteira-sem-filtro","url_meta":{"origin":2867,"position":2},"title":"PONTEIRA SEM FILTRO","author":"antslab","date":"2 de agosto de 2023","format":false,"excerpt":"Aplica\u00e7\u00e3o: A ponteira sem filtro 0,1 -10 \u00b5L tipo Gilson serve para uso em micropipetas e manipula\u00e7\u00e3o de l\u00edquidos com precis\u00e3o. Caracter\u00edsticas: Fabricada em polipropileno (PP); Volume: 0,1 \u2013 10 \u00b5L; Transparente; Encaixe tipo Gilson. Registro ANVISA: N\u00e3o aplic\u00e1vel. Apresenta\u00e7\u00e3o: Pacote com 1.000 unidades. \u00a0 MODELO: K31-11 MARCA: Olen","rel":"","context":"Post similar","block_context":{"text":"Post similar","link":""},"img":{"alt_text":"","src":"https:\/\/i0.wp.com\/antslab.com.br\/wp-content\/uploads\/2023\/08\/K31-1000B.jpg?fit=500%2C500&ssl=1&resize=350%2C200","width":350,"height":200},"classes":[]},{"id":2753,"url":"https:\/\/antslab.com.br\/?product=microplaca-qpcr-sem-borda-96-pocos-regular-profile-25-un-pct-k7-9620","url_meta":{"origin":2867,"position":3},"title":"MICROPLACA QPCR SEM BORDA 96 PO\u00c7OS REGULAR PROFILE. 25 UN\/PCT. K7-9620","author":"antslab","date":"4 de julho de 2023","format":false,"excerpt":"Aplica\u00e7\u00e3o: Microplaca qPCR T sem borda 96 po\u00e7os regular profile \u00e9 utilizada em termocicladores nas rotinas de PCR em tempo real. Caracter\u00edsticas: Regular profile; Transparente; Est\u00e9reis por radia\u00e7\u00e3o gama; Pode ser cortada em tamanhos menores; Paredes finas na parte inferior permitem m\u00e1xima transfer\u00eancia de calor; Volume m\u00e1ximo de trabalho da\u2026","rel":"","context":"Post similar","block_context":{"text":"Post similar","link":""},"img":{"alt_text":"","src":"https:\/\/i0.wp.com\/antslab.com.br\/wp-content\/uploads\/2023\/07\/K7-9620.jpg?fit=500%2C500&ssl=1&resize=350%2C200","width":350,"height":200},"classes":[]},{"id":2617,"url":"https:\/\/antslab.com.br\/?product=micropipeta-monocanal-volume-variavel-totalmente-autoclavavel-k1-b-kasvi","url_meta":{"origin":2867,"position":4},"title":"MICROPIPETA MONOCANAL VOLUME VARI\u00c1VEL TOTALMENTE AUTOCLAV\u00c1VEL K1-B KASVI","author":"antslab","date":"19 de junho de 2023","format":false,"excerpt":"Aplica\u00e7\u00e3o: A Micropipeta Monocanal Basic 10 \u2013 100 \u00b5L \u00e9 utilizada para manuseio de l\u00edquidos em pequenos volumes e com precis\u00e3o. Caracter\u00edsticas: Corpo fabricado em PBT, base em PVDF e pist\u00e3o em a\u00e7o inox; Leve, ergon\u00f4mica e com c\u00f3digo de cores; Com trava de volume; Resistente \u00e0 luz UV; F\u00e1cil\u2026","rel":"","context":"Post similar","block_context":{"text":"Post similar","link":""},"img":{"alt_text":"","src":"https:\/\/i0.wp.com\/antslab.com.br\/wp-content\/uploads\/2023\/06\/micropipeta.jpg?fit=1200%2C1200&ssl=1&resize=350%2C200","width":350,"height":200},"classes":[]},{"id":2923,"url":"https:\/\/antslab.com.br\/?product=rack-termoestavel","url_meta":{"origin":2867,"position":5},"title":"Rack &#8211; Termoest\u00e1vel","author":"antslab","date":"7 de agosto de 2023","format":false,"excerpt":"Aplica\u00e7\u00e3o: Os Racks Termoest\u00e1veis s\u00e3o utilizados em procedimentos em que as amostras devem ser mantidas a baixas\u00a0temperaturas, garantindo sua estabilidade. Caracter\u00edsticas: Fabricado em polipropileno; Capacidade para 96 microtubos de 0,1 e 0,2 mL ou uma microplaca de 96 po\u00e7os; Mant\u00e9m a amostra em temperaturas inferiores de -4\u00b0C por aproximadamente 4\u2026","rel":"","context":"Post similar","block_context":{"text":"Post similar","link":""},"img":{"alt_text":"","src":"https:\/\/i0.wp.com\/antslab.com.br\/wp-content\/uploads\/2023\/08\/K30-9602.jpg?fit=1000%2C1000&ssl=1&resize=350%2C200","width":350,"height":200},"classes":[]}],"_links":{"self":[{"href":"https:\/\/antslab.com.br\/index.php?rest_route=\/wp\/v2\/product\/2867","targetHints":{"allow":["GET"]}}],"collection":[{"href":"https:\/\/antslab.com.br\/index.php?rest_route=\/wp\/v2\/product"}],"about":[{"href":"https:\/\/antslab.com.br\/index.php?rest_route=\/wp\/v2\/types\/product"}],"replies":[{"embeddable":true,"href":"https:\/\/antslab.com.br\/index.php?rest_route=%2Fwp%2Fv2%2Fcomments&post=2867"}],"wp:featuredmedia":[{"embeddable":true,"href":"https:\/\/antslab.com.br\/index.php?rest_route=\/wp\/v2\/media\/2880"}],"wp:attachment":[{"href":"https:\/\/antslab.com.br\/index.php?rest_route=%2Fwp%2Fv2%2Fmedia&parent=2867"}],"wp:term":[{"taxonomy":"product_cat","embeddable":true,"href":"https:\/\/antslab.com.br\/index.php?rest_route=%2Fwp%2Fv2%2Fproduct_cat&post=2867"},{"taxonomy":"product_tag","embeddable":true,"href":"https:\/\/antslab.com.br\/index.php?rest_route=%2Fwp%2Fv2%2Fproduct_tag&post=2867"}],"curies":[{"name":"wp","href":"https:\/\/api.w.org\/{rel}","templated":true}]}}