{"id":2699,"date":"2023-06-23T11:45:27","date_gmt":"2023-06-23T14:45:27","guid":{"rendered":"https:\/\/antslab.com.br\/?post_type=product&#038;p=2699"},"modified":"2023-06-23T12:00:32","modified_gmt":"2023-06-23T15:00:32","slug":"condutivimetro-de-bancada-com-tds-ds-703a-bi","status":"publish","type":"product","link":"https:\/\/antslab.com.br\/?product=condutivimetro-de-bancada-com-tds-ds-703a-bi","title":{"rendered":"CONDUTIV\u00cdMETRO DE BANCADA COM TDS &#8211; DS-703A-BI"},"content":{"rendered":"<p>Equipamento onde os dados de condutividade podem determinar a concentra\u00e7\u00e3o de solu\u00e7\u00f5es, detectar contaminantes e determinar a pureza da \u00e1gua.<\/p>\n<p>O medidor de condutividade DS-703A possui a fun\u00e7\u00e3o TDS (S\u00f3lidos Totais Dissolvidos, ideal para testes de qualidade da \u00e1gua, monitoramento ambiental e aquicultura, gr\u00e1ficas e ind\u00fastrias qu\u00edmicas, pesquisas e educa\u00e7\u00e3o em geral.<\/p>\n<p><strong>Caracter\u00edsticas:<\/strong><\/p>\n<p>Tela de LCD retroiluminado;<\/p>\n<p>A compensa\u00e7\u00e3o de temperatura funciona em modo manual ou autom\u00e1tico;<\/p>\n<p>Sensor de condutividade de tit\u00e2nio de 0,01-1, realiza testes de alta pureza;<\/p>\n<p>Equipado com c\u00e9lula de condutividade de K=1,0 e sensor de temperatura.<\/p>\n<p><strong>Dados T\u00e9cnicos:<\/strong><\/p>\n<p>Faixa de medi\u00e7\u00e3o para Constante K 0,01*: 0 ~ 2.000\u03bcS\/cm<\/p>\n<p>Faixa de medi\u00e7\u00e3o para Constante K 0,1*: 0,2 ~ 20.00\u03bcS\/cm<\/p>\n<p>Faixa de medi\u00e7\u00e3o para Constante K 1: 2\u03bcS\/cm ~ 10.00mS\/cm<\/p>\n<p>Faixa de medi\u00e7\u00e3o para Constante K 10*: 10 ~ 100.0mS\/cm<\/p>\n<p>Precis\u00e3o: \u00b1 0,5%FS<\/p>\n<p>Faixa de medi\u00e7\u00e3o (TDS): 0,00mg\/L ~ 1999mg\/L<\/p>\n<p>Precis\u00e3o (TDS): \u00b1 1,0%FS<\/p>\n<p>Faixa de medi\u00e7\u00e3o (temperatura): 0,06 ~ 60,0\u00b0C<\/p>\n<p>Precis\u00e3o (temperatura): \u00b1 0.3\u00b0C, \u00b1 1bit<\/p>\n<p>Compensa\u00e7\u00e3o de temperatura: 0.0 ~ 40\u00b0C (manual\/autom\u00e1tica)<\/p>\n<p>Coeficiente da compensa\u00e7\u00e3o de temperatura: 2%<\/p>\n<p>Tens\u00e3o: Bivolt<\/p>\n<p>Dimens\u00f5es: 300x200x72mm<\/p>\n<p>Peso: 1,5kg<\/p>\n<p><strong>*Itens vendidos separadamente.<\/strong><\/p>\n<p><b>Conte\u00fado:<\/b><\/p>\n<p>1 medidor de condutividade;<\/p>\n<p>1 eletrodo de condutividade de constante K1 (30107 &#8211; Con1);<\/p>\n<p>1 sonda de temperatura;<\/p>\n<p>1 suporte para eletrodos e sonda;<\/p>\n<p>1 cabo de energia;<\/p>\n<p>1 fus\u00edvel BGXP \u00f85\u00b020 0.5A<\/p>\n<p>1 manual de opera\u00e7\u00e3o em portugu\u00eas.<\/p>\n<p>&nbsp;<\/p>\n<p><strong>MODELO:\u00a0DS-703A<\/strong><\/p>\n<p><strong>MARCA: ION<\/strong><\/p>\n","protected":false},"excerpt":{"rendered":"<p>Equipamento onde os dados de condutividade podem determinar a concentra\u00e7\u00e3o de solu\u00e7\u00f5es, detectar contaminantes e determinar a pureza da \u00e1gua. O medidor de condutividade DS-703A possui a fun\u00e7\u00e3o TDS (S\u00f3lidos&hellip;<\/p>\n","protected":false},"featured_media":2697,"comment_status":"open","ping_status":"closed","template":"","meta":{"content-type":""},"product_cat":[130,119],"product_tag":[],"class_list":{"0":"post-2699","1":"product","2":"type-product","3":"status-publish","4":"has-post-thumbnail","6":"product_cat-analisadores-medidores","7":"product_cat-equipamentos","9":"first","10":"instock","11":"shipping-taxable","12":"purchasable","13":"product-type-simple"},"jetpack-related-posts":[{"id":2779,"url":"https:\/\/antslab.com.br\/?product=forno-mufla-ssfm","url_meta":{"origin":2699,"position":0},"title":"FORNO MUFLA &#8211; SSFM","author":"antslab","date":"5 de julho de 2023","format":false,"excerpt":"Aplica\u00e7\u00e3o: Desenvolvido para procedimentos que necessitam de altas temperatura, dentre eles est\u00e3o a calcina\u00e7\u00e3o de subst\u00e2ncias no qual \u00e9 o processo de oxida\u00e7\u00e3o das subst\u00e2ncias presentes na amostra, utilizado tamb\u00e9m em an\u00e1lises qu\u00edmicas de subst\u00e2ncias complexas ou na quantifica\u00e7\u00e3o de metais.Fabricado com mat\u00e9ria prima de excelente qualidade este equipamento opera\u2026","rel":"","context":"Post similar","block_context":{"text":"Post similar","link":""},"img":{"alt_text":"","src":"https:\/\/i0.wp.com\/antslab.com.br\/wp-content\/uploads\/2023\/07\/ssfm.jpg?fit=940%2C788&ssl=1&resize=350%2C200","width":350,"height":200},"classes":[]},{"id":2773,"url":"https:\/\/antslab.com.br\/?product=destilador-de-agua-tipo-pilsen-ssdest","url_meta":{"origin":2699,"position":1},"title":"DESTILADOR DE \u00c1GUA &#8211; TIPO (PILSEN) &#8211; SOLIDSTEEL","author":"antslab","date":"5 de julho de 2023","format":false,"excerpt":"Aplica\u00e7\u00e3o:\u00a0 O destilador de \u00e1gua tipo Pilsen foi desenvolvido para uso em laborat\u00f3rios e outros segmentos que necessitam de \u00e1gua destilada com elevada pureza e baixo teor de sais. Caracter\u00edsticas:\u00a0 Constru\u00eddo em a\u00e7o inox AISI 304, inclusive a tampa; Controle el\u00e9trico com chave liga\/desliga e l\u00e2mpada piloto acoplada ao gabinete\u2026","rel":"","context":"Post similar","block_context":{"text":"Post similar","link":""},"img":{"alt_text":"","src":"https:\/\/i0.wp.com\/antslab.com.br\/wp-content\/uploads\/2023\/07\/ssdest.jpg?fit=940%2C788&ssl=1&resize=350%2C200","width":350,"height":200},"classes":[]},{"id":3142,"url":"https:\/\/antslab.com.br\/?product=cuba-de-eletroforese","url_meta":{"origin":2699,"position":2},"title":"CUBA DE ELETROFORESE","author":"antslab","date":"21 de agosto de 2023","format":false,"excerpt":"CUBA DE ELETROFORESE HORIZONTAL 10 X 10 CM Aplica\u00e7\u00e3o: Utilizada na separa\u00e7\u00e3o de prote\u00ednas e \u00e1cidos nucl\u00e9icos, an\u00e1lises de fragmentos de restri\u00e7\u00e3o e estudos anal\u00edticos. Caracter\u00edsticas: \u00c0 prova de vazamento; Eletrodo em fio de platina puro, 99,99% resistente \u00e0 corros\u00e3o; Bandejas dispon\u00edveis em diferentes tamanhos; Bandejas\u00a0s\u00e3o compat\u00edveis para uso com\u2026","rel":"","context":"Post similar","block_context":{"text":"Post similar","link":""},"img":{"alt_text":"","src":"https:\/\/i0.wp.com\/antslab.com.br\/wp-content\/uploads\/2023\/08\/K33-10H.jpg?fit=500%2C500&ssl=1&resize=350%2C200","width":350,"height":200},"classes":[]},{"id":3135,"url":"https:\/\/antslab.com.br\/?product=espectrofotometro","url_meta":{"origin":2699,"position":3},"title":"Espectrofot\u00f4metro","author":"antslab","date":"21 de agosto de 2023","format":false,"excerpt":"ESPECTROFOT\u00d4METRO FAIXA UV\/VIS\u00cdVEL 190 ~1100 NM. BIVOLT Aplica\u00e7\u00e3o: Utilizado para as medi\u00e7\u00f5es nas regi\u00f5es de comprimento de onda no vis\u00edvel e ultravioleta do espectro eletromagn\u00e9tico. Ele \u00e9 ideal para v\u00e1rias aplica\u00e7\u00f5es como: qu\u00edmica, bioqu\u00edmica, petroqu\u00edmica, prote\u00e7\u00e3o ambiental, alimentos e bebidas, laborat\u00f3rios de \u00e1gua e res\u00edduos e outras \u00e1reas de controle\u2026","rel":"","context":"Post similar","block_context":{"text":"Post similar","link":""},"img":{"alt_text":"","src":"https:\/\/i0.wp.com\/antslab.com.br\/wp-content\/uploads\/2023\/08\/K37-UV1.jpg?fit=1200%2C1200&ssl=1&resize=350%2C200","width":350,"height":200},"classes":[]},{"id":3198,"url":"https:\/\/antslab.com.br\/?product=frasco-para-cultivo-de-celulas-sem-filtro-e-com-filtro","url_meta":{"origin":2699,"position":4},"title":"FRASCO PARA CULTIVO DE CELULAS sem filtro e com filtro","author":"antslab","date":"4 de setembro de 2023","format":false,"excerpt":"FRASCO PARA CULTIVO DE CELULAS 12,5 CM2 TAMPA PLUG (SEM FILTRO). 10 UN\/PCT.- K11-1025 Descri\u00e7\u00e3o Aplica\u00e7\u00e3o: Frasco para Cultivo \u00e9 utilizado para cultivo de c\u00e9lulas e tecidos. Caracter\u00edsticas: Fabricado em poliestireno; Superf\u00edcie de crescimento tratada; Esterilizado por radia\u00e7\u00e3o gama; Gradua\u00e7\u00e3o bilateral; \u00c1rea para marca\u00e7\u00e3o pr\u00f3xima ao bocal; Livre de DNase,\u2026","rel":"","context":"Post similar","block_context":{"text":"Post similar","link":""},"img":{"alt_text":"","src":"https:\/\/i0.wp.com\/antslab.com.br\/wp-content\/uploads\/2023\/09\/frasco-de-cultivo.jpg?fit=1200%2C1200&ssl=1&resize=350%2C200","width":350,"height":200},"classes":[]},{"id":2659,"url":"https:\/\/antslab.com.br\/?product=tubo-de-centrifugacao","url_meta":{"origin":2699,"position":5},"title":"TUBO DE CENTRIFUGA\u00c7\u00c3O","author":"antslab","date":"22 de junho de 2023","format":false,"excerpt":"Descri\u00e7\u00e3o Aplica\u00e7\u00e3o: Tubos de Centrifuga\u00e7\u00e3o s\u00e3o utilizados para centrifuga\u00e7\u00e3o e armazenamento de amostras ou solu\u00e7\u00f5es. Caracter\u00edsticas: Fabricado em polipropileno; Tampa alongada \u00e0 prova de vazamentos; Gradua\u00e7\u00e3o e \u00e1rea de marca\u00e7\u00e3o lateral resistentes a clorof\u00f3rmio; Livre de DNase, RNase e pirog\u00eanio; Esterilizado por radia\u00e7\u00e3o gama; Autoclav\u00e1vel: 121\u00b0C, 15 PSI, 15min. Informa\u00e7\u00f5es\u2026","rel":"","context":"Post similar","block_context":{"text":"Post similar","link":""},"img":{"alt_text":"","src":"https:\/\/i0.wp.com\/antslab.com.br\/wp-content\/uploads\/2023\/06\/Tubo-falcon.png?fit=890%2C888&ssl=1&resize=350%2C200","width":350,"height":200},"classes":[]}],"_links":{"self":[{"href":"https:\/\/antslab.com.br\/index.php?rest_route=\/wp\/v2\/product\/2699","targetHints":{"allow":["GET"]}}],"collection":[{"href":"https:\/\/antslab.com.br\/index.php?rest_route=\/wp\/v2\/product"}],"about":[{"href":"https:\/\/antslab.com.br\/index.php?rest_route=\/wp\/v2\/types\/product"}],"replies":[{"embeddable":true,"href":"https:\/\/antslab.com.br\/index.php?rest_route=%2Fwp%2Fv2%2Fcomments&post=2699"}],"wp:featuredmedia":[{"embeddable":true,"href":"https:\/\/antslab.com.br\/index.php?rest_route=\/wp\/v2\/media\/2697"}],"wp:attachment":[{"href":"https:\/\/antslab.com.br\/index.php?rest_route=%2Fwp%2Fv2%2Fmedia&parent=2699"}],"wp:term":[{"taxonomy":"product_cat","embeddable":true,"href":"https:\/\/antslab.com.br\/index.php?rest_route=%2Fwp%2Fv2%2Fproduct_cat&post=2699"},{"taxonomy":"product_tag","embeddable":true,"href":"https:\/\/antslab.com.br\/index.php?rest_route=%2Fwp%2Fv2%2Fproduct_tag&post=2699"}],"curies":[{"name":"wp","href":"https:\/\/api.w.org\/{rel}","templated":true}]}}