{"id":2696,"date":"2023-06-23T11:32:14","date_gmt":"2023-06-23T14:32:14","guid":{"rendered":"https:\/\/antslab.com.br\/?post_type=product&#038;p=2696"},"modified":"2025-07-22T14:42:16","modified_gmt":"2025-07-22T17:42:16","slug":"vortex-multifuncional-0-3-300-rpm-220-v-k40-1020","status":"publish","type":"product","link":"https:\/\/antslab.com.br\/?product=vortex-multifuncional-0-3-300-rpm-220-v-k40-1020","title":{"rendered":"VORTEX MULTIFUNCIONAL. 0 \u2013 3.300 RPM. 220 V &#8211; K40-1020"},"content":{"rendered":"<p><strong>Aplica\u00e7\u00e3o:<\/strong><\/p>\n<p>O Vortex Multifuncional \u00e9 ideal para homogeneiza\u00e7\u00e3o de solu\u00e7\u00f5es atrav\u00e9s de movimenta\u00e7\u00e3o orbital de alta velocidade.<\/p>\n<p><strong>\u00a0Caracter\u00edsticas:<\/strong><\/p>\n<p>Dois modos de trabalho \u201cToque\u201d ou \u201cCont\u00ednuo\u201d;<br \/>\nVelocidade ajust\u00e1vel;<br \/>\nPlataformas intercambi\u00e1veis dispon\u00edveis:<br \/>\nPlataforma C\u00f4nica;<\/p>\n<p>Plataforma Plana (\u00d876mm);<\/p>\n<p>Corpo em alum\u00ednio com pintura eletrost\u00e1tica;<br \/>\nBase em a\u00e7o para maior estabilidade;<br \/>\nCertificado CE e ISO 9001.<\/p>\n<p><strong>Informa\u00e7\u00f5es T\u00e9cnicas:<\/strong><\/p>\n<p>Especifica\u00e7\u00f5es Descri\u00e7\u00e3o<\/p>\n<p>Movimento Orbital<\/p>\n<p>Velocidade 0 \u2013 3.300 rpm<\/p>\n<p>Controle Anal\u00f3gico com ajuste de velocidade<\/p>\n<p>Dimens\u00f5es 160 x 128 x 145 mm<\/p>\n<p>Peso 3 kg<\/p>\n<p>Pot\u00eancia 30 W<\/p>\n<p>Tens\u00e3o AC 230V\/60 Hz<\/p>\n<p><strong>Registro ANVISA:<\/strong><\/p>\n<p>N\u00e3o aplic\u00e1vel.<\/p>\n<p><strong>Apresenta\u00e7\u00e3o:<\/strong><\/p>\n<p>1 Vortex Multifuncional;<br \/>\n1 Plataforma c\u00f4nica;<br \/>\n1 Plataforma plana (\u00d876mm);<br \/>\n1 Removedor de plataforma;<br \/>\n1 Cabo de energia AC;<br \/>\n1 Manual de instru\u00e7\u00f5es.<\/p>\n<p><strong>MODELO: K40-1020<\/strong><\/p>\n<p><strong>MARCA: KASVI<\/strong><\/p>\n","protected":false},"excerpt":{"rendered":"<p>Aplica\u00e7\u00e3o: O Vortex Multifuncional \u00e9 ideal para homogeneiza\u00e7\u00e3o de solu\u00e7\u00f5es atrav\u00e9s de movimenta\u00e7\u00e3o orbital de alta velocidade. \u00a0Caracter\u00edsticas: Dois modos de trabalho \u201cToque\u201d ou \u201cCont\u00ednuo\u201d; Velocidade ajust\u00e1vel; Plataformas intercambi\u00e1veis dispon\u00edveis:&hellip;<\/p>\n","protected":false},"featured_media":2695,"comment_status":"open","ping_status":"closed","template":"","meta":{"content-type":""},"product_cat":[129],"product_tag":[],"class_list":{"0":"post-2696","1":"product","2":"type-product","3":"status-publish","4":"has-post-thumbnail","6":"product_cat-agitadores","8":"first","9":"instock","10":"shipping-taxable","11":"purchasable","12":"product-type-simple"},"jetpack-related-posts":[{"id":3001,"url":"https:\/\/antslab.com.br\/?product=agitador-basic-gangorra-velocidade-15-rpm-110v-k45-1510","url_meta":{"origin":2696,"position":0},"title":"AGITADOR BASIC GANGORRA, VELOCIDADE 15 RPM. 110V &#8211; K45-1510","author":"antslab","date":"9 de agosto de 2023","format":false,"excerpt":"AGITADOR BASIC GANGORRA, VELOCIDADE 15 RPM. 110V - K45-1510 Aplica\u00e7\u00e3o: Ideal para agita\u00e7\u00e3o de tubos de coleta e centrifuga\u00e7\u00e3o. Caracter\u00edsticas: Agita\u00e7\u00e3o tipo gangorra; Plataforma plana; Velocidade fixa. Informa\u00e7\u00f5es T\u00e9cnicas: Especifica\u00e7\u00f5es Descri\u00e7\u00e3o Movimento Gangorra Velocidade 15 rpm \u00c2ngulo de Agita\u00e7\u00e3o 25\u00b0 Dimens\u00f5es 346 X 196 X 95 mm Tens\u00e3o AC 110\u2026","rel":"","context":"Post similar","block_context":{"text":"Post similar","link":""},"img":{"alt_text":"","src":"https:\/\/i0.wp.com\/antslab.com.br\/wp-content\/uploads\/2023\/08\/K45-1520.jpg?fit=500%2C500&ssl=1&resize=350%2C200","width":350,"height":200},"classes":[]},{"id":2996,"url":"https:\/\/antslab.com.br\/?product=agitador-basic-3d-velocidade-20-rpm-110-v-k45-4010","url_meta":{"origin":2696,"position":1},"title":"AGITADOR BASIC 3D, VELOCIDADE 20 RPM. 110 V &#8211; K45-4010","author":"antslab","date":"9 de agosto de 2023","format":false,"excerpt":"AGITADOR BASIC 3D, VELOCIDADE 20 RPM. 110 V - K45-4010 Aplica\u00e7\u00e3o: Ideal para agita\u00e7\u00e3o de tubos de coleta e centrifuga\u00e7\u00e3o. \u00a0Caracter\u00edsticas: Agita\u00e7\u00e3o tridimensional; Velocidade fixa; Plataforma plana. Informa\u00e7\u00f5es T\u00e9cnicas: Especifica\u00e7\u00f5es Descri\u00e7\u00e3o Movimento Tridimensional Velocidade 20 rpm \u00c2ngulo de Agita\u00e7\u00e3o 20\u00b0 Dimens\u00f5es 240 X 170 X 150 mm Tens\u00e3o AC 110\u2026","rel":"","context":"Post similar","block_context":{"text":"Post similar","link":""},"img":{"alt_text":"","src":"https:\/\/i0.wp.com\/antslab.com.br\/wp-content\/uploads\/2023\/08\/K45-4010.jpg?fit=500%2C500&ssl=1&resize=350%2C200","width":350,"height":200},"classes":[]},{"id":3015,"url":"https:\/\/antslab.com.br\/?product=agitador-magnetico-sem-aquecimento-analogico-110v-k40-1811","url_meta":{"origin":2696,"position":2},"title":"Agitador Magn\u00e9tico Sem Aquecimento Anal\u00f3gico. 110v &#8211; K40-1811","author":"antslab","date":"9 de agosto de 2023","format":false,"excerpt":"Agitador Magn\u00e9tico Sem Aquecimento Anal\u00f3gico. 110v - K40-1811 Aplica\u00e7\u00e3o: Ideal para\u00a0agitar solu\u00e7\u00f5es ou l\u00edquidos utilizada em conjunto com a barra magn\u00e9tica. Caracter\u00edsticas: Material dur\u00e1vel e resistente; Velocidade de agita\u00e7\u00e3o uniforme; Controle anal\u00f3gico de agita\u00e7\u00e3o; Material do corpo: ABS Plataforma em cer\u00e2mica. Informa\u00e7\u00f5es T\u00e9cnicas Especifica\u00e7\u00f5es\u00a0\u00a0\u00a0\u00a0\u00a0\u00a0\u00a0\u00a0\u00a0\u00a0\u00a0\u00a0\u00a0\u00a0\u00a0\u00a0\u00a0\u00a0\u00a0\u00a0\u00a0\u00a0\u00a0\u00a0\u00a0\u00a0\u00a0\u00a0\u00a0\u00a0\u00a0\u00a0\u00a0\u00a0\u00a0\u00a0\u00a0\u00a0\u00a0\u00a0\u00a0\u00a0\u00a0\u00a0\u00a0\u00a0\u00a0\u00a0\u00a0\u00a0\u00a0\u00a0\u00a0\u00a0\u00a0\u00a0\u00a0\u00a0\u00a0\u00a0\u00a0\u00a0\u00a0\u00a0\u00a0\u00a0\u00a0\u00a0\u00a0\u00a0\u00a0\u00a0\u00a0\u00a0\u00a0 Descri\u00e7\u00e3o Velocidade de agita\u00e7\u00e3o\u00a0\u00a0\u00a0\u00a0\u00a0\u00a0\u00a0\u00a0\u00a0\u00a0\u00a0\u00a0\u00a0\u00a0\u00a0\u00a0\u00a0\u00a0\u00a0\u00a0\u00a0\u00a0\u00a0\u00a0\u00a0\u00a0\u00a0\u00a0\u00a0\u00a0\u00a0\u00a0\u00a0\u00a0\u00a0\u00a0\u00a0\u00a0\u00a0\u00a0\u00a0\u00a0\u00a0\u00a0\u00a0\u00a0\u00a0\u00a0\u00a0\u00a0\u00a0\u00a0\u00a0\u00a0\u00a0\u00a0\u00a0\u00a0 0-1600 rpm\u2026","rel":"","context":"Post similar","block_context":{"text":"Post similar","link":""},"img":{"alt_text":"","src":"https:\/\/i0.wp.com\/antslab.com.br\/wp-content\/uploads\/2023\/08\/K40-1811.jpg?fit=1200%2C1200&ssl=1&resize=350%2C200","width":350,"height":200},"classes":[]},{"id":3005,"url":"https:\/\/antslab.com.br\/?product=agitador-carrossel-velocidade-6-32rpm-110v-fl17-3210","url_meta":{"origin":2696,"position":3},"title":"Agitador Carrossel, Velocidade 6-32rpm. 110v &#8211; Fl17-3210","author":"antslab","date":"9 de agosto de 2023","format":false,"excerpt":"Agitador Carrossel, Velocidade 6-32rpm. 110v - Fl17-3210 Aplica\u00e7\u00e3o: Ideal para agita\u00e7\u00e3o de tubos e coleta e centrifuga\u00e7\u00e3o. Caracter\u00edsticas: Agita\u00e7\u00e3o circular; Disco para 24 tubos; 08 unidades de adaptadores 8mm(8x120mm) 08 unidades de adaptadores 13mm (13x75mm\/13x100mm) 08 unidades de adaptadores 16mm (16x100mm) Velocidade vari\u00e1vel. Informa\u00e7\u00f5es T\u00e9cnicas: Especifica\u00e7\u00f5es \u00a0 \u00a0 \u00a0 \u00a0\u2026","rel":"","context":"Post similar","block_context":{"text":"Post similar","link":""},"img":{"alt_text":"","src":"https:\/\/i0.wp.com\/antslab.com.br\/wp-content\/uploads\/2023\/08\/FL17-3220.jpg?fit=700%2C700&ssl=1&resize=350%2C200","width":350,"height":200},"classes":[]},{"id":2659,"url":"https:\/\/antslab.com.br\/?product=tubo-de-centrifugacao","url_meta":{"origin":2696,"position":4},"title":"TUBO DE CENTRIFUGA\u00c7\u00c3O","author":"antslab","date":"22 de junho de 2023","format":false,"excerpt":"Descri\u00e7\u00e3o Aplica\u00e7\u00e3o: Tubos de Centrifuga\u00e7\u00e3o s\u00e3o utilizados para centrifuga\u00e7\u00e3o e armazenamento de amostras ou solu\u00e7\u00f5es. Caracter\u00edsticas: Fabricado em polipropileno; Tampa alongada \u00e0 prova de vazamentos; Gradua\u00e7\u00e3o e \u00e1rea de marca\u00e7\u00e3o lateral resistentes a clorof\u00f3rmio; Livre de DNase, RNase e pirog\u00eanio; Esterilizado por radia\u00e7\u00e3o gama; Autoclav\u00e1vel: 121\u00b0C, 15 PSI, 15min. Informa\u00e7\u00f5es\u2026","rel":"","context":"Post similar","block_context":{"text":"Post similar","link":""},"img":{"alt_text":"","src":"https:\/\/i0.wp.com\/antslab.com.br\/wp-content\/uploads\/2023\/06\/Tubo-falcon.png?fit=890%2C888&ssl=1&resize=350%2C200","width":350,"height":200},"classes":[]},{"id":3149,"url":"https:\/\/antslab.com.br\/?product=fonte-de-eletroforese","url_meta":{"origin":2696,"position":5},"title":"FONTE DE ELETROFORESE","author":"antslab","date":"21 de agosto de 2023","format":false,"excerpt":"FONTE DE ELETROFORESE 300V Aplica\u00e7\u00e3o: A fonte de eletroforese 300V \u00e9 ideal para a separa\u00e7\u00e3o de \u00e1cidos e prote\u00ednas em sistemas de eletroforese. Caracter\u00edsticas: Corrida de at\u00e9 4 cubas simultaneamente; Ajuste de tempo (1 a 999min); Configura\u00e7\u00e3o de tens\u00e3o ou corrente constante; Dispositivo de seguran\u00e7a: Detec\u00e7\u00e3o de aus\u00eancia, vazamento Configura\u00e7\u00e3o\u2026","rel":"","context":"Post similar","block_context":{"text":"Post similar","link":""},"img":{"alt_text":"","src":"https:\/\/i0.wp.com\/antslab.com.br\/wp-content\/uploads\/2023\/08\/K33-300V.jpg?fit=1200%2C1200&ssl=1&resize=350%2C200","width":350,"height":200},"classes":[]}],"_links":{"self":[{"href":"https:\/\/antslab.com.br\/index.php?rest_route=\/wp\/v2\/product\/2696","targetHints":{"allow":["GET"]}}],"collection":[{"href":"https:\/\/antslab.com.br\/index.php?rest_route=\/wp\/v2\/product"}],"about":[{"href":"https:\/\/antslab.com.br\/index.php?rest_route=\/wp\/v2\/types\/product"}],"replies":[{"embeddable":true,"href":"https:\/\/antslab.com.br\/index.php?rest_route=%2Fwp%2Fv2%2Fcomments&post=2696"}],"wp:featuredmedia":[{"embeddable":true,"href":"https:\/\/antslab.com.br\/index.php?rest_route=\/wp\/v2\/media\/2695"}],"wp:attachment":[{"href":"https:\/\/antslab.com.br\/index.php?rest_route=%2Fwp%2Fv2%2Fmedia&parent=2696"}],"wp:term":[{"taxonomy":"product_cat","embeddable":true,"href":"https:\/\/antslab.com.br\/index.php?rest_route=%2Fwp%2Fv2%2Fproduct_cat&post=2696"},{"taxonomy":"product_tag","embeddable":true,"href":"https:\/\/antslab.com.br\/index.php?rest_route=%2Fwp%2Fv2%2Fproduct_tag&post=2696"}],"curies":[{"name":"wp","href":"https:\/\/api.w.org\/{rel}","templated":true}]}}