{"id":2677,"date":"2023-06-22T15:58:00","date_gmt":"2023-06-22T18:58:00","guid":{"rendered":"https:\/\/antslab.com.br\/?post_type=product&#038;p=2677"},"modified":"2025-06-09T17:30:25","modified_gmt":"2025-06-09T20:30:25","slug":"placa-de-petri-cultivo-celular","status":"publish","type":"product","link":"https:\/\/antslab.com.br\/?product=placa-de-petri-cultivo-celular","title":{"rendered":"Placa de Petri  &#8211; Cultivo"},"content":{"rendered":"<h1>PLACA PARA CULTIVO DE C\u00c9LULAS 100 MM. 10 UN\/PCT &#8211; K13-0100<\/h1>\n<p><span class=\"title\">Descri\u00e7\u00e3o<\/span><\/p>\n<p><strong>Aplica\u00e7\u00e3o:<\/strong><\/p>\n<p>As Placas de Petri s\u00e3o ideais para produ\u00e7\u00e3o de c\u00e9lulas, pr\u00e9-tratamento, prepara\u00e7\u00e3o, crescimento celular, armazenamento de amostras etc.<\/p>\n<p><strong>Caracter\u00edsticas:<\/strong><\/p>\n<p>Fundo plano e paredes uniformes, livres de distor\u00e7\u00f5es;<\/p>\n<p>Superf\u00edcie tratada, lisa e livre de falhas para maximizar a \u00e1rea \u00fatil de crescimento;<\/p>\n<p>Design que proporciona empilhamento seguro das placas;<\/p>\n<p>Fabricadas em poliestireno cristal virgem (GPPS)<\/p>\n<p>Borda Serrilhada;<\/p>\n<p>Placa dividida em quadrantes por escala num\u00e9rica 12, 9, 6 e 3 para f\u00e1cil orienta\u00e7\u00e3o;<\/p>\n<p>Est\u00e9reis por irradia\u00e7\u00e3o gama;<\/p>\n<p>Livre de DNase, RNase e pirog\u00eanios;<\/p>\n<p>Livre de subst\u00e2ncias citot\u00f3xicas.<\/p>\n<p><strong>Informa\u00e7\u00f5es T\u00e9cnicas:<\/strong><\/p>\n<p>Especifica\u00e7\u00f5es \/ Descri\u00e7\u00e3o<\/p>\n<p>\u00c1rea de Crescimento \/ 60,8 cm2<\/p>\n<p>Di\u00e2metro Interno \/ 87,8 mm<\/p>\n<p>Di\u00e2metro Externo \/ 95,6 mm<\/p>\n<p>Altura \/ 22,0 mm<\/p>\n<p>Validade \/ 3 anos<\/p>\n<p>Armazenamento \/ Temperatura Ambiente<\/p>\n<p><strong>Registro ANVISA:<\/strong><\/p>\n<p>N\u00e3o aplic\u00e1vel<\/p>\n<p><strong>Apresenta\u00e7\u00e3o:<\/strong><\/p>\n<p>Pacote com 10 unidades.<\/p>\n<p><strong>MODELO: K13-0100<\/strong><\/p>\n<p><strong>MARCA: KASVI<\/strong><\/p>\n","protected":false},"excerpt":{"rendered":"<p>PLACA PARA CULTIVO DE C\u00c9LULAS 100 MM. 10 UN\/PCT &#8211; K13-0100 Descri\u00e7\u00e3o Aplica\u00e7\u00e3o: As Placas de Petri s\u00e3o ideais para produ\u00e7\u00e3o de c\u00e9lulas, pr\u00e9-tratamento, prepara\u00e7\u00e3o, crescimento celular, armazenamento de amostras&hellip;<\/p>\n","protected":false},"featured_media":2676,"comment_status":"open","ping_status":"closed","template":"","meta":{"content-type":""},"product_cat":[124,126],"product_tag":[],"class_list":{"0":"post-2677","1":"product","2":"type-product","3":"status-publish","4":"has-post-thumbnail","6":"product_cat-microbiologia","7":"product_cat-placa-de-petri-cultivo-celular","9":"first","10":"instock","11":"shipping-taxable","12":"purchasable","13":"product-type-variable"},"jetpack-related-posts":[{"id":3198,"url":"https:\/\/antslab.com.br\/?product=frasco-para-cultivo-de-celulas-sem-filtro-e-com-filtro","url_meta":{"origin":2677,"position":0},"title":"FRASCO PARA CULTIVO DE CELULAS sem filtro e com filtro","author":"antslab","date":"4 de setembro de 2023","format":false,"excerpt":"FRASCO PARA CULTIVO DE CELULAS 12,5 CM2 TAMPA PLUG (SEM FILTRO). 10 UN\/PCT.- K11-1025 Descri\u00e7\u00e3o Aplica\u00e7\u00e3o: Frasco para Cultivo \u00e9 utilizado para cultivo de c\u00e9lulas e tecidos. Caracter\u00edsticas: Fabricado em poliestireno; Superf\u00edcie de crescimento tratada; Esterilizado por radia\u00e7\u00e3o gama; Gradua\u00e7\u00e3o bilateral; \u00c1rea para marca\u00e7\u00e3o pr\u00f3xima ao bocal; Livre de DNase,\u2026","rel":"","context":"Post similar","block_context":{"text":"Post similar","link":""},"img":{"alt_text":"","src":"https:\/\/i0.wp.com\/antslab.com.br\/wp-content\/uploads\/2023\/09\/frasco-de-cultivo.jpg?fit=1200%2C1200&ssl=1&resize=350%2C200","width":350,"height":200},"classes":[]},{"id":2986,"url":"https:\/\/antslab.com.br\/?product=selador","url_meta":{"origin":2677,"position":1},"title":"Selador","author":"antslab","date":"8 de agosto de 2023","format":false,"excerpt":"Filme Selador Para Placas De Pcr E Qpcr. 100un\/Cx Aplica\u00e7\u00e3o: Filme adesivo\u00a0 para microplacas compat\u00edveis com PCR e\u00a0 PCR E em Tempo Real. Caracter\u00edsticas: Para placas de 96 po\u00e7os; Poli\u00e9ster de alta transpar\u00eancia; N\u00e3o Fluorescente; Dimens\u00f5es:\u00a079,4 x 142,9 mm; Abas laterais destac\u00e1veis; Resistente a temperaturas entre -40\u00b0C a 120\u00b0C; N\u00e3o\u2026","rel":"","context":"Post similar","block_context":{"text":"Post similar","link":""},"img":{"alt_text":"","src":"https:\/\/i0.wp.com\/antslab.com.br\/wp-content\/uploads\/2023\/08\/k8-6000.jpg?fit=1200%2C1200&ssl=1&resize=350%2C200","width":350,"height":200},"classes":[]},{"id":3066,"url":"https:\/\/antslab.com.br\/?product=microscopio-biologico-trinocular-invertido-k55-ivt","url_meta":{"origin":2677,"position":2},"title":"MICROSC\u00d3PIO BIOL\u00d3GICO TRINOCULAR INVERTIDO &#8211; K55-IVT","author":"antslab","date":"10 de agosto de 2023","format":false,"excerpt":"MICROSC\u00d3PIO BIOL\u00d3GICO TRINOCULAR INVERTIDO - K55-IVT Aplica\u00e7\u00e3o: O Microsc\u00f3pio invertido \u00e9 utilizado para observa\u00e7\u00e3o de amostras atrav\u00e9s de um sistema de \u00f3tica infinita e que produzem imagens com total nitidez em todo campo visual da amostra. Com o microsc\u00f3pio invertido, as c\u00e9lulas biol\u00f3gicas n\u00e3o precisavam ser coradas para serem ampliadas.\u2026","rel":"","context":"Post similar","block_context":{"text":"Post similar","link":""},"img":{"alt_text":"","src":"https:\/\/i0.wp.com\/antslab.com.br\/wp-content\/uploads\/2023\/08\/K55-IVT.jpg?fit=1200%2C1200&ssl=1&resize=350%2C200","width":350,"height":200},"classes":[]},{"id":3073,"url":"https:\/\/antslab.com.br\/?product=estereomicroscopio-binocular-com-zoom-7x-45x-k65-e60","url_meta":{"origin":2677,"position":3},"title":"ESTEREOMICROSC\u00d3PIO BINOCULAR COM ZOOM 7X-45X &#8211; K65-E60","author":"antslab","date":"10 de agosto de 2023","format":false,"excerpt":"ESTEREOMICROSC\u00d3PIO BINOCULAR COM ZOOM 7X-45X - K65-E60 Aplica\u00e7\u00e3o: \u00c9 um equipamento com zoom e possui um grande campo de imagem permitindo uma longa dist\u00e2ncia de trabalho.Ideais para objetos de grande e pequeno porte. Este equipamento \u00e9 amplamente utilizado nas \u00e1reas de Ind\u00fastrias, Pesquisas, sa\u00fade, biologia, bot\u00e2nica e agricultura e eletr\u00f4nica\u2026","rel":"","context":"Post similar","block_context":{"text":"Post similar","link":""},"img":{"alt_text":"","src":"https:\/\/i0.wp.com\/antslab.com.br\/wp-content\/uploads\/2023\/08\/K65-E60.jpg?fit=1200%2C1200&ssl=1&resize=350%2C200","width":350,"height":200},"classes":[]},{"id":2659,"url":"https:\/\/antslab.com.br\/?product=tubo-de-centrifugacao","url_meta":{"origin":2677,"position":4},"title":"TUBO DE CENTRIFUGA\u00c7\u00c3O","author":"antslab","date":"22 de junho de 2023","format":false,"excerpt":"Descri\u00e7\u00e3o Aplica\u00e7\u00e3o: Tubos de Centrifuga\u00e7\u00e3o s\u00e3o utilizados para centrifuga\u00e7\u00e3o e armazenamento de amostras ou solu\u00e7\u00f5es. Caracter\u00edsticas: Fabricado em polipropileno; Tampa alongada \u00e0 prova de vazamentos; Gradua\u00e7\u00e3o e \u00e1rea de marca\u00e7\u00e3o lateral resistentes a clorof\u00f3rmio; Livre de DNase, RNase e pirog\u00eanio; Esterilizado por radia\u00e7\u00e3o gama; Autoclav\u00e1vel: 121\u00b0C, 15 PSI, 15min. Informa\u00e7\u00f5es\u2026","rel":"","context":"Post similar","block_context":{"text":"Post similar","link":""},"img":{"alt_text":"","src":"https:\/\/i0.wp.com\/antslab.com.br\/wp-content\/uploads\/2023\/06\/Tubo-falcon.png?fit=890%2C888&ssl=1&resize=350%2C200","width":350,"height":200},"classes":[]},{"id":3149,"url":"https:\/\/antslab.com.br\/?product=fonte-de-eletroforese","url_meta":{"origin":2677,"position":5},"title":"FONTE DE ELETROFORESE","author":"antslab","date":"21 de agosto de 2023","format":false,"excerpt":"FONTE DE ELETROFORESE 300V Aplica\u00e7\u00e3o: A fonte de eletroforese 300V \u00e9 ideal para a separa\u00e7\u00e3o de \u00e1cidos e prote\u00ednas em sistemas de eletroforese. Caracter\u00edsticas: Corrida de at\u00e9 4 cubas simultaneamente; Ajuste de tempo (1 a 999min); Configura\u00e7\u00e3o de tens\u00e3o ou corrente constante; Dispositivo de seguran\u00e7a: Detec\u00e7\u00e3o de aus\u00eancia, vazamento Configura\u00e7\u00e3o\u2026","rel":"","context":"Post similar","block_context":{"text":"Post similar","link":""},"img":{"alt_text":"","src":"https:\/\/i0.wp.com\/antslab.com.br\/wp-content\/uploads\/2023\/08\/K33-300V.jpg?fit=1200%2C1200&ssl=1&resize=350%2C200","width":350,"height":200},"classes":[]}],"_links":{"self":[{"href":"https:\/\/antslab.com.br\/index.php?rest_route=\/wp\/v2\/product\/2677","targetHints":{"allow":["GET"]}}],"collection":[{"href":"https:\/\/antslab.com.br\/index.php?rest_route=\/wp\/v2\/product"}],"about":[{"href":"https:\/\/antslab.com.br\/index.php?rest_route=\/wp\/v2\/types\/product"}],"replies":[{"embeddable":true,"href":"https:\/\/antslab.com.br\/index.php?rest_route=%2Fwp%2Fv2%2Fcomments&post=2677"}],"wp:featuredmedia":[{"embeddable":true,"href":"https:\/\/antslab.com.br\/index.php?rest_route=\/wp\/v2\/media\/2676"}],"wp:attachment":[{"href":"https:\/\/antslab.com.br\/index.php?rest_route=%2Fwp%2Fv2%2Fmedia&parent=2677"}],"wp:term":[{"taxonomy":"product_cat","embeddable":true,"href":"https:\/\/antslab.com.br\/index.php?rest_route=%2Fwp%2Fv2%2Fproduct_cat&post=2677"},{"taxonomy":"product_tag","embeddable":true,"href":"https:\/\/antslab.com.br\/index.php?rest_route=%2Fwp%2Fv2%2Fproduct_tag&post=2677"}],"curies":[{"name":"wp","href":"https:\/\/api.w.org\/{rel}","templated":true}]}}