{"id":2659,"date":"2023-06-22T14:04:31","date_gmt":"2023-06-22T17:04:31","guid":{"rendered":"https:\/\/antslab.com.br\/?post_type=product&#038;p=2659"},"modified":"2025-10-14T00:35:02","modified_gmt":"2025-10-14T03:35:02","slug":"tubo-de-centrifugacao","status":"publish","type":"product","link":"https:\/\/antslab.com.br\/?product=tubo-de-centrifugacao","title":{"rendered":"TUBO DE CENTRIFUGA\u00c7\u00c3O"},"content":{"rendered":"<p><span class=\"title\">Descri\u00e7\u00e3o<\/span><\/p>\n<p><strong>Aplica\u00e7\u00e3o:<\/strong><\/p>\n<p>Tubos de Centrifuga\u00e7\u00e3o s\u00e3o utilizados para centrifuga\u00e7\u00e3o e armazenamento de amostras ou solu\u00e7\u00f5es.<\/p>\n<p><strong>Caracter\u00edsticas:<\/strong><\/p>\n<p>Fabricado em polipropileno;<\/p>\n<p>Tampa alongada \u00e0 prova de vazamentos;<\/p>\n<p>Gradua\u00e7\u00e3o e \u00e1rea de marca\u00e7\u00e3o lateral resistentes a clorof\u00f3rmio;<\/p>\n<p>Livre de DNase, RNase e pirog\u00eanio;<\/p>\n<p>Esterilizado por radia\u00e7\u00e3o gama;<\/p>\n<p>Autoclav\u00e1vel: 121\u00b0C, 15 PSI, 15min.<\/p>\n<p><strong>Informa\u00e7\u00f5es T\u00e9cnicas:<\/strong><\/p>\n<p>Especifica\u00e7\u00f5es Descri\u00e7\u00e3o:<\/p>\n<p>Fundo C\u00f4nico<\/p>\n<p>Volume 50 mL<\/p>\n<p>Comprimento: 11,6 cm<\/p>\n<p>Di\u00e2metro 3,2 cm<\/p>\n<p>Velocidade M\u00e1xima<\/p>\n<p>de Centrifuga\u00e7\u00e3o 12.000g<\/p>\n<p>Temperatura M\u00e1xima -80\u00ba C<\/p>\n<p>de congelamento*<\/p>\n<p>Validade 3 anos<\/p>\n<p>Armazenamento Temperatura Ambiente<\/p>\n<p>* Para congelamento a -80\u00baC recomenda-se usar 2\/3 do volume.<\/p>\n<p><strong>Registro ANVISA:<\/strong><\/p>\n<p>N\u00e3o aplic\u00e1vel<\/p>\n<p><strong>Apresenta\u00e7\u00e3o:<\/strong><\/p>\n<p>Pacote com 25 unidades.<\/p>\n<p>&nbsp;<\/p>\n<p><strong>MODELO: K19-0050<\/strong><\/p>\n<p><strong>MARCA: KASVI<\/strong><\/p>\n","protected":false},"excerpt":{"rendered":"<p>Descri\u00e7\u00e3o Aplica\u00e7\u00e3o: Tubos de Centrifuga\u00e7\u00e3o s\u00e3o utilizados para centrifuga\u00e7\u00e3o e armazenamento de amostras ou solu\u00e7\u00f5es. Caracter\u00edsticas: Fabricado em polipropileno; Tampa alongada \u00e0 prova de vazamentos; Gradua\u00e7\u00e3o e \u00e1rea de marca\u00e7\u00e3o&hellip;<\/p>\n","protected":false},"featured_media":2658,"comment_status":"open","ping_status":"closed","template":"","meta":{"content-type":""},"product_cat":[124,125],"product_tag":[],"class_list":{"0":"post-2659","1":"product","2":"type-product","3":"status-publish","4":"has-post-thumbnail","6":"product_cat-microbiologia","7":"product_cat-tubo-de-centrifugacao-falcon","9":"first","10":"instock","11":"shipping-taxable","12":"purchasable","13":"product-type-variable"},"jetpack-related-posts":[{"id":2996,"url":"https:\/\/antslab.com.br\/?product=agitador-basic-3d-velocidade-20-rpm-110-v-k45-4010","url_meta":{"origin":2659,"position":0},"title":"AGITADOR BASIC 3D, VELOCIDADE 20 RPM. 110 V &#8211; K45-4010","author":"antslab","date":"9 de agosto de 2023","format":false,"excerpt":"AGITADOR BASIC 3D, VELOCIDADE 20 RPM. 110 V - K45-4010 Aplica\u00e7\u00e3o: Ideal para agita\u00e7\u00e3o de tubos de coleta e centrifuga\u00e7\u00e3o. \u00a0Caracter\u00edsticas: Agita\u00e7\u00e3o tridimensional; Velocidade fixa; Plataforma plana. Informa\u00e7\u00f5es T\u00e9cnicas: Especifica\u00e7\u00f5es Descri\u00e7\u00e3o Movimento Tridimensional Velocidade 20 rpm \u00c2ngulo de Agita\u00e7\u00e3o 20\u00b0 Dimens\u00f5es 240 X 170 X 150 mm Tens\u00e3o AC 110\u2026","rel":"","context":"Post similar","block_context":{"text":"Post similar","link":""},"img":{"alt_text":"","src":"https:\/\/i0.wp.com\/antslab.com.br\/wp-content\/uploads\/2023\/08\/K45-4010.jpg?fit=500%2C500&ssl=1&resize=350%2C200","width":350,"height":200},"classes":[]},{"id":2928,"url":"https:\/\/antslab.com.br\/?product=rack-tubos-criogenicos","url_meta":{"origin":2659,"position":1},"title":"Rack &#8211; Tubos Criog\u00eanicos","author":"antslab","date":"7 de agosto de 2023","format":false,"excerpt":"RACK PARA 100 TUBOS CRIOG\u00caNICOS\/MICROTUBOS 1,5 \u2013 2,0 ML. TRANSPARENTE Aplica\u00e7\u00e3o: O rack para 100 tubos serve para armazenamento e transporte de tubos criog\u00eanicos e microtubos. Caracter\u00edsticas: Fabricado em polipropileno (PP) virgem; Resistente a temperaturas entre -80\u00b0C e 121\u00b0C; Transparente; Identifica\u00e7\u00e3o alfanum\u00e9rica; Tampa dobradi\u00e7a de f\u00e1cil abertura; Autoclav\u00e1vel (121\u00b0C, 15PSI,\u2026","rel":"","context":"Post similar","block_context":{"text":"Post similar","link":""},"img":{"alt_text":"","src":"https:\/\/i0.wp.com\/antslab.com.br\/wp-content\/uploads\/2023\/08\/K30-100N.jpg?fit=1200%2C1200&ssl=1&resize=350%2C200","width":350,"height":200},"classes":[]},{"id":2939,"url":"https:\/\/antslab.com.br\/?product=tubos-criogenicos","url_meta":{"origin":2659,"position":2},"title":"Tubos &#8211; Criog\u00eanicos","author":"antslab","date":"7 de agosto de 2023","format":false,"excerpt":"Tubo Criog\u00eanico 2ml Rosca Externa, 50 Un\/Pct \u00a0","rel":"","context":"Post similar","block_context":{"text":"Post similar","link":""},"img":{"alt_text":"","src":"https:\/\/i0.wp.com\/antslab.com.br\/wp-content\/uploads\/2023\/08\/k2-7001.jpg?fit=1200%2C1200&ssl=1&resize=350%2C200","width":350,"height":200},"classes":[]},{"id":3001,"url":"https:\/\/antslab.com.br\/?product=agitador-basic-gangorra-velocidade-15-rpm-110v-k45-1510","url_meta":{"origin":2659,"position":3},"title":"AGITADOR BASIC GANGORRA, VELOCIDADE 15 RPM. 110V &#8211; K45-1510","author":"antslab","date":"9 de agosto de 2023","format":false,"excerpt":"AGITADOR BASIC GANGORRA, VELOCIDADE 15 RPM. 110V - K45-1510 Aplica\u00e7\u00e3o: Ideal para agita\u00e7\u00e3o de tubos de coleta e centrifuga\u00e7\u00e3o. Caracter\u00edsticas: Agita\u00e7\u00e3o tipo gangorra; Plataforma plana; Velocidade fixa. Informa\u00e7\u00f5es T\u00e9cnicas: Especifica\u00e7\u00f5es Descri\u00e7\u00e3o Movimento Gangorra Velocidade 15 rpm \u00c2ngulo de Agita\u00e7\u00e3o 25\u00b0 Dimens\u00f5es 346 X 196 X 95 mm Tens\u00e3o AC 110\u2026","rel":"","context":"Post similar","block_context":{"text":"Post similar","link":""},"img":{"alt_text":"","src":"https:\/\/i0.wp.com\/antslab.com.br\/wp-content\/uploads\/2023\/08\/K45-1520.jpg?fit=500%2C500&ssl=1&resize=350%2C200","width":350,"height":200},"classes":[]},{"id":3198,"url":"https:\/\/antslab.com.br\/?product=frasco-para-cultivo-de-celulas-sem-filtro-e-com-filtro","url_meta":{"origin":2659,"position":4},"title":"FRASCO PARA CULTIVO DE CELULAS sem filtro e com filtro","author":"antslab","date":"4 de setembro de 2023","format":false,"excerpt":"FRASCO PARA CULTIVO DE CELULAS 12,5 CM2 TAMPA PLUG (SEM FILTRO). 10 UN\/PCT.- K11-1025 Descri\u00e7\u00e3o Aplica\u00e7\u00e3o: Frasco para Cultivo \u00e9 utilizado para cultivo de c\u00e9lulas e tecidos. Caracter\u00edsticas: Fabricado em poliestireno; Superf\u00edcie de crescimento tratada; Esterilizado por radia\u00e7\u00e3o gama; Gradua\u00e7\u00e3o bilateral; \u00c1rea para marca\u00e7\u00e3o pr\u00f3xima ao bocal; Livre de DNase,\u2026","rel":"","context":"Post similar","block_context":{"text":"Post similar","link":""},"img":{"alt_text":"","src":"https:\/\/i0.wp.com\/antslab.com.br\/wp-content\/uploads\/2023\/09\/frasco-de-cultivo.jpg?fit=1200%2C1200&ssl=1&resize=350%2C200","width":350,"height":200},"classes":[]},{"id":3005,"url":"https:\/\/antslab.com.br\/?product=agitador-carrossel-velocidade-6-32rpm-110v-fl17-3210","url_meta":{"origin":2659,"position":5},"title":"Agitador Carrossel, Velocidade 6-32rpm. 110v &#8211; Fl17-3210","author":"antslab","date":"9 de agosto de 2023","format":false,"excerpt":"Agitador Carrossel, Velocidade 6-32rpm. 110v - Fl17-3210 Aplica\u00e7\u00e3o: Ideal para agita\u00e7\u00e3o de tubos e coleta e centrifuga\u00e7\u00e3o. Caracter\u00edsticas: Agita\u00e7\u00e3o circular; Disco para 24 tubos; 08 unidades de adaptadores 8mm(8x120mm) 08 unidades de adaptadores 13mm (13x75mm\/13x100mm) 08 unidades de adaptadores 16mm (16x100mm) Velocidade vari\u00e1vel. Informa\u00e7\u00f5es T\u00e9cnicas: Especifica\u00e7\u00f5es \u00a0 \u00a0 \u00a0 \u00a0\u2026","rel":"","context":"Post similar","block_context":{"text":"Post similar","link":""},"img":{"alt_text":"","src":"https:\/\/i0.wp.com\/antslab.com.br\/wp-content\/uploads\/2023\/08\/FL17-3220.jpg?fit=700%2C700&ssl=1&resize=350%2C200","width":350,"height":200},"classes":[]}],"_links":{"self":[{"href":"https:\/\/antslab.com.br\/index.php?rest_route=\/wp\/v2\/product\/2659","targetHints":{"allow":["GET"]}}],"collection":[{"href":"https:\/\/antslab.com.br\/index.php?rest_route=\/wp\/v2\/product"}],"about":[{"href":"https:\/\/antslab.com.br\/index.php?rest_route=\/wp\/v2\/types\/product"}],"replies":[{"embeddable":true,"href":"https:\/\/antslab.com.br\/index.php?rest_route=%2Fwp%2Fv2%2Fcomments&post=2659"}],"wp:featuredmedia":[{"embeddable":true,"href":"https:\/\/antslab.com.br\/index.php?rest_route=\/wp\/v2\/media\/2658"}],"wp:attachment":[{"href":"https:\/\/antslab.com.br\/index.php?rest_route=%2Fwp%2Fv2%2Fmedia&parent=2659"}],"wp:term":[{"taxonomy":"product_cat","embeddable":true,"href":"https:\/\/antslab.com.br\/index.php?rest_route=%2Fwp%2Fv2%2Fproduct_cat&post=2659"},{"taxonomy":"product_tag","embeddable":true,"href":"https:\/\/antslab.com.br\/index.php?rest_route=%2Fwp%2Fv2%2Fproduct_tag&post=2659"}],"curies":[{"name":"wp","href":"https:\/\/api.w.org\/{rel}","templated":true}]}}