{"id":3114,"date":"2023-08-14T14:45:20","date_gmt":"2023-08-14T17:45:20","guid":{"rendered":"https:\/\/antslab.com.br\/?page_id=3114"},"modified":"2023-08-14T14:47:10","modified_gmt":"2023-08-14T17:47:10","slug":"politica-de-privacidade","status":"publish","type":"page","link":"https:\/\/antslab.com.br\/?page_id=3114","title":{"rendered":"Pol\u00edtica de Privacidade"},"content":{"rendered":"\t\t<div data-elementor-type=\"wp-page\" data-elementor-id=\"3114\" class=\"elementor elementor-3114\">\n\t\t\t\t\t\t\t\t\t<section class=\"penci-section penci-disSticky penci-structure-10 elementor-section elementor-top-section elementor-element elementor-element-a6fa087 elementor-section-boxed elementor-section-height-default elementor-section-height-default\" data-id=\"a6fa087\" data-element_type=\"section\">\n\t\t\t\t\t\t<div class=\"elementor-container elementor-column-gap-default\">\n\t\t\t\t\t<div class=\"penci-ercol-100 penci-ercol-order-1 penci-sticky-ct    elementor-column elementor-col-100 elementor-top-column elementor-element elementor-element-75eeb63\" data-id=\"75eeb63\" data-element_type=\"column\">\n\t\t\t<div class=\"elementor-widget-wrap elementor-element-populated\">\n\t\t\t\t\t\t\t\t<div class=\"elementor-element elementor-element-2713a4c elementor-widget elementor-widget-penci-fancy_heading\" data-id=\"2713a4c\" data-element_type=\"widget\" data-widget_type=\"penci-fancy_heading.default\">\n\t\t\t\t<div class=\"elementor-widget-container\">\n\t\t\t\t\t<div class=\"penci-fancy-heading penci-heading-text-left\">\r\n\t\t\t<div class=\"penci-fancy-heading-inner\">\r\n\t\t\t\t<h2 class=\"penci-heading-title\"><span class=\"inner-tit\">Pol\u00edtica de Privacidade<\/span><\/h2><div class=\"penci-heading-content entry-content\"><p>Todas as informa\u00e7\u00f5es pessoais recolhidas ser\u00e3o usadas para ajudar a tornar sua visita em nosso site mais produtiva e agrad\u00e1vel.<br \/>\nA garantia da confidencialidade dos dados pessoais dos utilizadores do nosso site \u00e9 importante para a Ants \u2013 Produtos para Laborat\u00f3rio.<br \/>\nTodas as informa\u00e7\u00f5es pessoais relacionadas a membros, clientes ou visitantes que utilizem www.antslab.com.br ser\u00e3o tratadas em concord\u00e2ncia com a Lei da Prote\u00e7\u00e3o de Dados Pessoais de 26 de outubro de 1998 (Lei n.\u00ba 67\/98).<br \/>\nA informa\u00e7\u00e3o pessoal recolhida pode incluir o seu nome, e-mail, n\u00famero de telefone e\/ou telem\u00f3vel, endere\u00e7o, data de nascimento e\/ou outros.<br \/>\nO uso do website www.antslab.com.br pressup\u00f5e a aceita\u00e7\u00e3o deste Acordo de Privacidade. A equipe da Ants \u2013 Produtos para Laborat\u00f3rio reserva - se ao direito de alterar este acordo sem aviso pr\u00e9vio, deste modo recomendamos que consulte a nossa Pol\u00edtica de privacidade com regularidade para manter \u2013 se atualizado.<br \/>\nOs An\u00fancios<br \/>\nTal como outros websites coletamos e utilizamos informa\u00e7\u00e3o contida nos an\u00fancios. A informa\u00e7\u00e3o contida nos an\u00fancios inclui o seu endere\u00e7o IP (Internet Protocol), o seu ISP (Internet Service Provider, como o Sapo, Clix, ou outro), o browser que utilizou ao visitar o nosso website , o tempo da sua visita e quais p\u00e1ginas visitou dentro do nosso website.<br \/>\nOs Cookies e Web Beacons<br \/>\nUtilizamos cookies para armazenar informa\u00e7\u00e3o, tais como as suas prefer\u00eancias pessoais quando visitado nosso website. Isto poder\u00e1 incluir um simples popup, ou uma liga\u00e7\u00e3o em v\u00e1rios servi\u00e7os que providenciamos.<br \/>\nEm adi\u00e7\u00e3o tamb\u00e9m utilizamos publicidade de terceiros em nosso website para suportar os custos de manuten\u00e7\u00e3o. Alguns destes publicit\u00e1rios, poder\u00e3o utilizar tecnologias como os cookies e\/ou web beacons quando publicam em nosso website, o que far\u00e1 com que esses publicit\u00e1rios (como o Google atrav\u00e9s do Google AdSense) tamb\u00e9m recebam a sua informa\u00e7\u00e3o pessoal, como o endere\u00e7o IP, o seu ISP, o seu browser, etc. Esta fun\u00e7\u00e3o \u00e9 geralmente utilizada para geotargeting (mostrar publicidade de Lisboa apenas aos leitores oriundos de Lisboa por ex.) ou apresentar publicidade direcionada a um tipo de utilizador (como mostrar publicidade de restaurante a um utilizador que visita sites de culin\u00e1ria regularmente, por ex.).<br \/>\nVoc\u00ea det\u00e9m o poder de desligar os seus cookies, nas op\u00e7\u00f5es do seu browser, ou efetuando altera\u00e7\u00f5es nas ferramentas de programas Anti-V\u00edrus, como o Norton Internet Security. No entanto, isso poder\u00e1 alterar a forma como interage com o nosso website, ou outros websites. Isso poder\u00e1 afetar ou n\u00e3o permitir que fa\u00e7a login em programas, sites ou f\u00f3runs da nossa e de outras redes.<br \/>\nLiga\u00e7\u00f5es a Sites de Terceiros<br \/>\nO website www.antslab.com.br possui liga\u00e7\u00f5es para outros sites, os quais, a nosso ver, podem conter informa\u00e7\u00f5es \/ ferramentas \u00fateis para nossos visitantes. A nossa pol\u00edtica de privacidade n\u00e3o \u00e9 aplicada a sites de terceiros, pelo que, caso visite outro site a partir do nosso dever\u00e1 ler a pol\u00edtica de privacidade do mesmo.<br \/>\nN\u00e3o nos responsabilizamos pela pol\u00edtica de privacidade ou conte\u00fado presente nesses mesmos sites.<\/p>\n<\/div>\t\t\t<\/div>\r\n\t\t<\/div>\r\n\t\t\t\t<\/div>\n\t\t\t\t<\/div>\n\t\t\t\t\t<\/div>\n\t\t<\/div>\n\t\t\t\t\t\t\t<\/div>\n\t\t<\/section>\n\t\t\t\t\t\t\t<\/div>\n\t\t","protected":false},"excerpt":{"rendered":"<p>Pol\u00edtica de Privacidade Todas as informa\u00e7\u00f5es pessoais recolhidas ser\u00e3o usadas para ajudar a tornar sua visita em nosso site mais produtiva e agrad\u00e1vel. A garantia da confidencialidade dos dados pessoais&hellip;<\/p>\n","protected":false},"author":1,"featured_media":0,"parent":0,"menu_order":0,"comment_status":"closed","ping_status":"closed","template":"","meta":{"content-type":"","footnotes":""},"class_list":["post-3114","page","type-page","status-publish","hentry"],"jetpack-related-posts":[{"id":3120,"url":"https:\/\/antslab.com.br\/?page_id=3120","url_meta":{"origin":3114,"position":0},"title":"Termos de Servi\u00e7o","author":"antslab","date":"14 de agosto de 2023","format":false,"excerpt":"Termos de Servi\u00e7oAnts - Produtos para Laborat\u00f3rio , com sede na Rua Ant\u00f4nio Meirelles Sobrinho - 444, Cajuru - Curitiba\/PR , CEP 82900240, CNPJ: 16.369.626\/0001-00, Inscri\u00e7\u00e3o Estadual: 90600925-05. Considerando que a Ants - Produtos para Laborat\u00f3rio realiza or\u00e7amentos pela internet para posteriormente (ap\u00f3s aprova\u00e7\u00e3o) efetuar a venda. Considerando o interesse\u2026","rel":"","context":"Post similar","block_context":{"text":"Post similar","link":""},"img":{"alt_text":"","src":"","width":0,"height":0},"classes":[]},{"id":3097,"url":"https:\/\/antslab.com.br\/?page_id=3097","url_meta":{"origin":3114,"position":1},"title":"Miss\u00e3o","author":"antslab","date":"14 de agosto de 2023","format":false,"excerpt":"MISS\u00c3O: Cooperar com o sucesso dos nossos clientes, atrav\u00e9s de solu\u00e7\u00f5es eficientes, com produtos de baixo custo, entrega r\u00e1pida e um adequado controle de qualidade. VIS\u00c3O: Ser refer\u00eancia na entrega de produtos para laborat\u00f3rio, contando com um portf\u00f3lio de marcas fortes e produtos de qualidade, de forma s\u00e9ria e eficiente.\u2026","rel":"","context":"Post similar","block_context":{"text":"Post similar","link":""},"img":{"alt_text":"","src":"","width":0,"height":0},"classes":[]}],"_links":{"self":[{"href":"https:\/\/antslab.com.br\/index.php?rest_route=\/wp\/v2\/pages\/3114","targetHints":{"allow":["GET"]}}],"collection":[{"href":"https:\/\/antslab.com.br\/index.php?rest_route=\/wp\/v2\/pages"}],"about":[{"href":"https:\/\/antslab.com.br\/index.php?rest_route=\/wp\/v2\/types\/page"}],"author":[{"embeddable":true,"href":"https:\/\/antslab.com.br\/index.php?rest_route=\/wp\/v2\/users\/1"}],"replies":[{"embeddable":true,"href":"https:\/\/antslab.com.br\/index.php?rest_route=%2Fwp%2Fv2%2Fcomments&post=3114"}],"version-history":[{"count":4,"href":"https:\/\/antslab.com.br\/index.php?rest_route=\/wp\/v2\/pages\/3114\/revisions"}],"predecessor-version":[{"id":3118,"href":"https:\/\/antslab.com.br\/index.php?rest_route=\/wp\/v2\/pages\/3114\/revisions\/3118"}],"wp:attachment":[{"href":"https:\/\/antslab.com.br\/index.php?rest_route=%2Fwp%2Fv2%2Fmedia&parent=3114"}],"curies":[{"name":"wp","href":"https:\/\/api.w.org\/{rel}","templated":true}]}}