{"id":3097,"date":"2023-08-14T14:21:52","date_gmt":"2023-08-14T17:21:52","guid":{"rendered":"https:\/\/antslab.com.br\/?page_id=3097"},"modified":"2023-08-14T14:33:38","modified_gmt":"2023-08-14T17:33:38","slug":"missao","status":"publish","type":"page","link":"https:\/\/antslab.com.br\/?page_id=3097","title":{"rendered":"Miss\u00e3o"},"content":{"rendered":"\t\t<div data-elementor-type=\"wp-page\" data-elementor-id=\"3097\" class=\"elementor elementor-3097\">\n\t\t\t\t\t\t\t\t\t<section class=\"penci-section penci-disSticky penci-structure-10 elementor-section elementor-top-section elementor-element elementor-element-4c1b9d6 elementor-section-boxed elementor-section-height-default elementor-section-height-default\" data-id=\"4c1b9d6\" data-element_type=\"section\">\n\t\t\t\t\t\t<div class=\"elementor-container elementor-column-gap-default\">\n\t\t\t\t\t<div class=\"penci-ercol-100 penci-ercol-order-1 penci-sticky-ct    elementor-column elementor-col-100 elementor-top-column elementor-element elementor-element-31face0\" data-id=\"31face0\" data-element_type=\"column\">\n\t\t\t<div class=\"elementor-widget-wrap elementor-element-populated\">\n\t\t\t\t\t\t\t\t<div class=\"elementor-element elementor-element-d80ad89 elementor-widget elementor-widget-penci-fancy_heading\" data-id=\"d80ad89\" data-element_type=\"widget\" data-widget_type=\"penci-fancy_heading.default\">\n\t\t\t\t<div class=\"elementor-widget-container\">\n\t\t\t\t\t<div class=\"penci-fancy-heading penci-heading-text-center\">\r\n\t\t\t<div class=\"penci-fancy-heading-inner\">\r\n\t\t\t\t<h2 class=\"penci-heading-title\"><span class=\"inner-tit\">MISS\u00c3O:<\/span><\/h2><div class=\"penci-heading-content entry-content\"><p>Cooperar com o sucesso dos nossos clientes, atrav\u00e9s de solu\u00e7\u00f5es eficientes, com produtos de baixo custo, entrega r\u00e1pida e um adequado controle de qualidade.<\/p>\n<\/div>\t\t\t<\/div>\r\n\t\t<\/div>\r\n\t\t\t\t<\/div>\n\t\t\t\t<\/div>\n\t\t\t\t<div class=\"elementor-element elementor-element-515067a elementor-widget elementor-widget-penci-fancy_heading\" data-id=\"515067a\" data-element_type=\"widget\" data-widget_type=\"penci-fancy_heading.default\">\n\t\t\t\t<div class=\"elementor-widget-container\">\n\t\t\t\t\t<div class=\"penci-fancy-heading penci-heading-text-center\">\r\n\t\t\t<div class=\"penci-fancy-heading-inner\">\r\n\t\t\t\t<h2 class=\"penci-heading-title\"><span class=\"inner-tit\">VIS\u00c3O:<\/span><\/h2><div class=\"penci-heading-content entry-content\"><p>Ser refer\u00eancia na entrega de produtos para laborat\u00f3rio, contando com um portf\u00f3lio de marcas fortes e produtos de qualidade, de forma s\u00e9ria e eficiente.<\/p>\n<\/div>\t\t\t<\/div>\r\n\t\t<\/div>\r\n\t\t\t\t<\/div>\n\t\t\t\t<\/div>\n\t\t\t\t<div class=\"elementor-element elementor-element-043d3af elementor-widget elementor-widget-penci-fancy_heading\" data-id=\"043d3af\" data-element_type=\"widget\" data-widget_type=\"penci-fancy_heading.default\">\n\t\t\t\t<div class=\"elementor-widget-container\">\n\t\t\t\t\t<div class=\"penci-fancy-heading penci-heading-text-center\">\r\n\t\t\t<div class=\"penci-fancy-heading-inner\">\r\n\t\t\t\t<h2 class=\"penci-heading-title\"><span class=\"inner-tit\">VALORES:<\/span><\/h2><div class=\"penci-heading-content entry-content\"><p>- Entregar um \u201cVIVA\u201d atrav\u00e9s do servi\u00e7o<br \/>\n- Comunicar para crescer<br \/>\n- Trabalho em equipe<br \/>\n- Para frente e avante<br \/>\n- \u00c9tica e efici\u00eancia no dia \u2013 a - dia<\/p>\n<\/div>\t\t\t<\/div>\r\n\t\t<\/div>\r\n\t\t\t\t<\/div>\n\t\t\t\t<\/div>\n\t\t\t\t\t<\/div>\n\t\t<\/div>\n\t\t\t\t\t\t\t<\/div>\n\t\t<\/section>\n\t\t\t\t\t\t\t<\/div>\n\t\t","protected":false},"excerpt":{"rendered":"<p>MISS\u00c3O: Cooperar com o sucesso dos nossos clientes, atrav\u00e9s de solu\u00e7\u00f5es eficientes, com produtos de baixo custo, entrega r\u00e1pida e um adequado controle de qualidade. VIS\u00c3O: Ser refer\u00eancia na entrega&hellip;<\/p>\n","protected":false},"author":1,"featured_media":0,"parent":0,"menu_order":0,"comment_status":"closed","ping_status":"closed","template":"","meta":{"content-type":"","footnotes":""},"class_list":["post-3097","page","type-page","status-publish","hentry"],"jetpack-related-posts":[{"id":3120,"url":"https:\/\/antslab.com.br\/?page_id=3120","url_meta":{"origin":3097,"position":0},"title":"Termos de Servi\u00e7o","author":"antslab","date":"14 de agosto de 2023","format":false,"excerpt":"Termos de Servi\u00e7oAnts - Produtos para Laborat\u00f3rio , com sede na Rua Ant\u00f4nio Meirelles Sobrinho - 444, Cajuru - Curitiba\/PR , CEP 82900240, CNPJ: 16.369.626\/0001-00, Inscri\u00e7\u00e3o Estadual: 90600925-05. Considerando que a Ants - Produtos para Laborat\u00f3rio realiza or\u00e7amentos pela internet para posteriormente (ap\u00f3s aprova\u00e7\u00e3o) efetuar a venda. Considerando o interesse\u2026","rel":"","context":"Post similar","block_context":{"text":"Post similar","link":""},"img":{"alt_text":"","src":"","width":0,"height":0},"classes":[]},{"id":3114,"url":"https:\/\/antslab.com.br\/?page_id=3114","url_meta":{"origin":3097,"position":1},"title":"Pol\u00edtica de Privacidade","author":"antslab","date":"14 de agosto de 2023","format":false,"excerpt":"Pol\u00edtica de PrivacidadeTodas as informa\u00e7\u00f5es pessoais recolhidas ser\u00e3o usadas para ajudar a tornar sua visita em nosso site mais produtiva e agrad\u00e1vel. A garantia da confidencialidade dos dados pessoais dos utilizadores do nosso site \u00e9 importante para a Ants \u2013 Produtos para Laborat\u00f3rio. Todas as informa\u00e7\u00f5es pessoais relacionadas a membros,\u2026","rel":"","context":"Post similar","block_context":{"text":"Post similar","link":""},"img":{"alt_text":"","src":"","width":0,"height":0},"classes":[]}],"_links":{"self":[{"href":"https:\/\/antslab.com.br\/index.php?rest_route=\/wp\/v2\/pages\/3097","targetHints":{"allow":["GET"]}}],"collection":[{"href":"https:\/\/antslab.com.br\/index.php?rest_route=\/wp\/v2\/pages"}],"about":[{"href":"https:\/\/antslab.com.br\/index.php?rest_route=\/wp\/v2\/types\/page"}],"author":[{"embeddable":true,"href":"https:\/\/antslab.com.br\/index.php?rest_route=\/wp\/v2\/users\/1"}],"replies":[{"embeddable":true,"href":"https:\/\/antslab.com.br\/index.php?rest_route=%2Fwp%2Fv2%2Fcomments&post=3097"}],"version-history":[{"count":14,"href":"https:\/\/antslab.com.br\/index.php?rest_route=\/wp\/v2\/pages\/3097\/revisions"}],"predecessor-version":[{"id":3112,"href":"https:\/\/antslab.com.br\/index.php?rest_route=\/wp\/v2\/pages\/3097\/revisions\/3112"}],"wp:attachment":[{"href":"https:\/\/antslab.com.br\/index.php?rest_route=%2Fwp%2Fv2%2Fmedia&parent=3097"}],"curies":[{"name":"wp","href":"https:\/\/api.w.org\/{rel}","templated":true}]}}